{"id":23239,"date":"2022-01-23T22:48:49","date_gmt":"2022-01-23T21:48:49","guid":{"rendered":"https:\/\/www.hml-fetish.de\/shop\/harnais-de-lepaule-en-cuir\/"},"modified":"2025-01-23T14:11:54","modified_gmt":"2025-01-23T13:11:54","slug":"harnais-de-lepaule-en-cuir","status":"publish","type":"product","link":"https:\/\/www.hml-fetish.de\/shop\/fr\/harnais-de-lepaule-en-cuir\/","title":{"rendered":"Harnais de l&#8217;epaule en cuir"},"content":{"rendered":"<p><P>Voici le matos que les flics portent sous leur blouson pour cacher leurs armes. Si tu le portes au dessus d&#8217;un t-shirt ou bien m\u00eame torse nu il ne cachera rien mais mettra bien un accent sur tes \u00e9paules pour un look encore plus macho. Les sangles one une largeur de 4 cm et la taille est r\u00e9glable gr\u00e2ce aux pressions non-nickel\u00e9es.<br \/>\n<BR><img decoding=\"async\" src=\"\/GIF\/sizefr_unisex_up.gif\" alt=\"tableau des tailles\" title=\"tableau des tailles\" border=\"0\" height=\"194\" width=\"114\"><\/P><br \/>\n<P><B>S\u00e9curit\u00e9 du produit:<\/B><BR>.<br \/>\nIndication d&#8217;allergie : Mat\u00e9riau cuir de vachette, les parties m\u00e9talliques en contact avec la peau sont exemptes de rouille et de nickel<BR>.<br \/>\nPersonne responsable<BR><br \/>\nHML, propri\u00e9taire Dr. Detlef Moller<BR><br \/>\nNeukirchstra\u00dfe 18<BR><br \/>\n28215 Br\u00eame<BR><br \/>\nAllemagne<BR><br \/>\ninfo@hml-fetish.de<\/P><\/p>\n","protected":false},"excerpt":{"rendered":"<h4>Harnais de l&#8217;epaule en cuir<\/h4>\n<p><P>Voici le matos que les flics portent sous leur blouson pour cacher leurs armes. Si tu le portes au dessus d&#8217;un t-shirt ou bien m\u00eame torse nu il ne cachera rien mais mettra bien un accent sur tes \u00e9paules pour un look encore plus macho.<\/P><\/p>\n","protected":false},"featured_media":23220,"comment_status":"open","ping_status":"closed","template":"","meta":[],"product_brand":[],"product_cat":[732,601,646],"product_tag":[4400],"class_list":{"0":"post-23239","1":"product","2":"type-product","3":"status-publish","4":"has-post-thumbnail","6":"product_cat-best-seller","7":"product_cat-ceintures-straps-fr","8":"product_cat-ceintures-straps","9":"product_tag-hml-fetish-original-fr","10":"product_shipping_class-colis-fr","12":"first","13":"instock","14":"taxable","15":"shipping-taxable","16":"purchasable","17":"product-type-variable"},"_links":{"self":[{"href":"https:\/\/www.hml-fetish.de\/shop\/fr\/wp-json\/wp\/v2\/product\/23239","targetHints":{"allow":["GET"]}}],"collection":[{"href":"https:\/\/www.hml-fetish.de\/shop\/fr\/wp-json\/wp\/v2\/product"}],"about":[{"href":"https:\/\/www.hml-fetish.de\/shop\/fr\/wp-json\/wp\/v2\/types\/product"}],"replies":[{"embeddable":true,"href":"https:\/\/www.hml-fetish.de\/shop\/fr\/wp-json\/wp\/v2\/comments?post=23239"}],"version-history":[{"count":0,"href":"https:\/\/www.hml-fetish.de\/shop\/fr\/wp-json\/wp\/v2\/product\/23239\/revisions"}],"wp:featuredmedia":[{"embeddable":true,"href":"https:\/\/www.hml-fetish.de\/shop\/fr\/wp-json\/wp\/v2\/media\/23220"}],"wp:attachment":[{"href":"https:\/\/www.hml-fetish.de\/shop\/fr\/wp-json\/wp\/v2\/media?parent=23239"}],"wp:term":[{"taxonomy":"product_brand","embeddable":true,"href":"https:\/\/www.hml-fetish.de\/shop\/fr\/wp-json\/wp\/v2\/product_brand?post=23239"},{"taxonomy":"product_cat","embeddable":true,"href":"https:\/\/www.hml-fetish.de\/shop\/fr\/wp-json\/wp\/v2\/product_cat?post=23239"},{"taxonomy":"product_tag","embeddable":true,"href":"https:\/\/www.hml-fetish.de\/shop\/fr\/wp-json\/wp\/v2\/product_tag?post=23239"}],"curies":[{"name":"wp","href":"https:\/\/api.w.org\/{rel}","templated":true}]}}