{"id":23176,"date":"2022-01-23T22:48:50","date_gmt":"2022-01-23T21:48:50","guid":{"rendered":"https:\/\/www.hml-fetish.de\/shop\/harnais-de-bondage-extreme\/"},"modified":"2025-01-15T15:16:54","modified_gmt":"2025-01-15T14:16:54","slug":"harnais-de-bondage-extreme","status":"publish","type":"product","link":"https:\/\/www.hml-fetish.de\/shop\/fr\/harnais-de-bondage-extreme\/","title":{"rendered":"Harnais de bondage extr\u00eame"},"content":{"rendered":"<p><P>Seul un vrai bottom porte ce harnais sp\u00e9cial bondage. Une session dans ce harnais, et tu sais ce qu&#8217;est un travail de qualit\u00e9. Il n&#8217;y a que des rivets solides. Tu as des menottes sur toi ? C&#8217;est encore mieux ! Pour cela, il y a des sangles de 4,0 cm de large, un gros collier et de solides anneaux en D soud\u00e9s aux bons endroits. Les menottes sont d\u00e9j\u00e0 accroch\u00e9es ? Alors tu n&#8217;as aucune chance contre ton mec. Tu ferais mieux de te rendre tout de suite ! Au choix, deux ou trois bandes d&#8217;entrejambe \u00e0 porter (incluses).<br \/>\n<BR><img decoding=\"async\" src=\"\/GIF\/sizefr_unisex_up.gif\" alt=\"tableau des tailles\" title=\"tableau des tailles\" border=\"0\" height=\"194\" width=\"114\"><\/P><br \/>\n<P><B>S\u00e9curit\u00e9 du produit:<\/B><BR>.<br \/>\nIndication d&#8217;allergie : Mat\u00e9riau cuir de vachette, les parties m\u00e9talliques en contact avec la peau sont exemptes de rouille et de nickel<BR>.<br \/>\nPersonne responsable<BR><br \/>\nHML, propri\u00e9taire Dr. Detlef Moller<BR><br \/>\nNeukirchstra\u00dfe 18<BR><br \/>\n28215 Br\u00eame<BR><br \/>\nAllemagne<BR><br \/>\ninfo@hml-fetish.de<\/P><\/p>\n","protected":false},"excerpt":{"rendered":"<h4>Harnais de bondage extr\u00eame<\/h4>\n<p><P>Seul un vrai bottom porte ce harnais sp\u00e9cial bondage. Une session dans ce harnais, et tu sais ce qu&#8217;est un travail de qualit\u00e9. Il n&#8217;y a que des rivets solides. Tu as des menottes sur toi ? C&#8217;est encore mieux ! Pour cela, il y a des sangles de 4,0 cm de large, un gros collier et de solides anneaux en D soud\u00e9s aux bons endroits.<\/P><\/p>\n","protected":false},"featured_media":23144,"comment_status":"open","ping_status":"closed","template":"","meta":[],"product_brand":[],"product_cat":[690,714,597],"product_tag":[4400],"class_list":{"0":"post-23176","1":"product","2":"type-product","3":"status-publish","4":"has-post-thumbnail","6":"product_cat-bondage-fr","7":"product_cat-dungeon-fr","8":"product_cat-harnais","9":"product_tag-hml-fetish-original-fr","10":"product_shipping_class-colis-fr","12":"first","13":"instock","14":"taxable","15":"shipping-taxable","16":"purchasable","17":"product-type-variable"},"_links":{"self":[{"href":"https:\/\/www.hml-fetish.de\/shop\/fr\/wp-json\/wp\/v2\/product\/23176","targetHints":{"allow":["GET"]}}],"collection":[{"href":"https:\/\/www.hml-fetish.de\/shop\/fr\/wp-json\/wp\/v2\/product"}],"about":[{"href":"https:\/\/www.hml-fetish.de\/shop\/fr\/wp-json\/wp\/v2\/types\/product"}],"replies":[{"embeddable":true,"href":"https:\/\/www.hml-fetish.de\/shop\/fr\/wp-json\/wp\/v2\/comments?post=23176"}],"version-history":[{"count":0,"href":"https:\/\/www.hml-fetish.de\/shop\/fr\/wp-json\/wp\/v2\/product\/23176\/revisions"}],"wp:featuredmedia":[{"embeddable":true,"href":"https:\/\/www.hml-fetish.de\/shop\/fr\/wp-json\/wp\/v2\/media\/23144"}],"wp:attachment":[{"href":"https:\/\/www.hml-fetish.de\/shop\/fr\/wp-json\/wp\/v2\/media?parent=23176"}],"wp:term":[{"taxonomy":"product_brand","embeddable":true,"href":"https:\/\/www.hml-fetish.de\/shop\/fr\/wp-json\/wp\/v2\/product_brand?post=23176"},{"taxonomy":"product_cat","embeddable":true,"href":"https:\/\/www.hml-fetish.de\/shop\/fr\/wp-json\/wp\/v2\/product_cat?post=23176"},{"taxonomy":"product_tag","embeddable":true,"href":"https:\/\/www.hml-fetish.de\/shop\/fr\/wp-json\/wp\/v2\/product_tag?post=23176"}],"curies":[{"name":"wp","href":"https:\/\/api.w.org\/{rel}","templated":true}]}}