{"id":23102,"date":"2022-01-23T22:48:50","date_gmt":"2022-01-23T21:48:50","guid":{"rendered":"https:\/\/www.hml-fetish.de\/shop\/harnais-de-bouledogue-avec-pressions\/"},"modified":"2022-01-23T22:48:50","modified_gmt":"2022-01-23T21:48:50","slug":"harnais-de-bouledogue-avec-pressions","status":"publish","type":"product","link":"https:\/\/www.hml-fetish.de\/shop\/fr\/harnais-de-bouledogue-avec-pressions\/","title":{"rendered":"Harnais de bouledogue avec pressions"},"content":{"rendered":"<p><P>Un harnais en cuir pour le haut de ton corps, si robuste qu&#8217;un bouledogue pourrait le porter sans avoir l&#8217;air de rien. C&#8217;est pourquoi nous avons baptis\u00e9 ce harnais haut de gamme de notre propre fabrication &#8220;harnais bulldog&#8221;. Il se compose de sangles en cuir de 3,5 cm de large, repli\u00e9es et surpiqu\u00e9es. Chacune d&#8217;entre elles est cousue et rivet\u00e9e \u00e0 la main et peut \u00eatre ferm\u00e9e et r\u00e9gl\u00e9e \u00e0 l&#8217;aide de boutons-pression.<\/P><br \/>\n<P>Tu peux aussi utiliser l&#8217;anneau en D sur le devant de la poitrine avec un mousqueton et une cha\u00eene comme anneau de guidage &#8211; comme pour un vrai bouledogue. Porte-le \u00e0 la prochaine f\u00eate de rue et profite des regards lubriques des autres hommes.<br \/>\n<BR><img decoding=\"async\" src=\"\/GIF\/sizefr_unisex_up.gif\" alt=\"tableau des tailles\" title=\"tableau des tailles\" border=\"0\" height=\"194\" width=\"114\"><\/P><\/p>\n","protected":false},"excerpt":{"rendered":"<h4>Harnais de bouledogue avec pressions<\/h4>\n<p><P>Un harnais en cuir pour le haut de ton corps, si robuste qu&#8217;un bouledogue pourrait le porter sans avoir l&#8217;air de rien. C&#8217;est pourquoi nous avons baptis\u00e9 ce harnais haut de gamme de notre propre fabrication &#8220;harnais bulldog&#8221;. Il se compose de sangles en cuir de 3,5 cm de large, repli\u00e9es et surpiqu\u00e9es. Chacune d&#8217;entre elles est cousue et rivet\u00e9e \u00e0 la main et peut \u00eatre ferm\u00e9e et r\u00e9gl\u00e9e \u00e0 l&#8217;aide de boutons-pression.<\/P><\/p>\n","protected":false},"featured_media":23076,"comment_status":"open","ping_status":"closed","template":"","meta":[],"product_brand":[],"product_cat":[732,597,712],"product_tag":[4400],"class_list":{"0":"post-23102","1":"product","2":"type-product","3":"status-publish","4":"has-post-thumbnail","6":"product_cat-best-seller","7":"product_cat-harnais","8":"product_cat-pet-play-fr","9":"product_tag-hml-fetish-original-fr","10":"product_shipping_class-colis-fr","12":"first","13":"instock","14":"sale","15":"taxable","16":"shipping-taxable","17":"purchasable","18":"product-type-variable"},"_links":{"self":[{"href":"https:\/\/www.hml-fetish.de\/shop\/fr\/wp-json\/wp\/v2\/product\/23102","targetHints":{"allow":["GET"]}}],"collection":[{"href":"https:\/\/www.hml-fetish.de\/shop\/fr\/wp-json\/wp\/v2\/product"}],"about":[{"href":"https:\/\/www.hml-fetish.de\/shop\/fr\/wp-json\/wp\/v2\/types\/product"}],"replies":[{"embeddable":true,"href":"https:\/\/www.hml-fetish.de\/shop\/fr\/wp-json\/wp\/v2\/comments?post=23102"}],"version-history":[{"count":0,"href":"https:\/\/www.hml-fetish.de\/shop\/fr\/wp-json\/wp\/v2\/product\/23102\/revisions"}],"wp:featuredmedia":[{"embeddable":true,"href":"https:\/\/www.hml-fetish.de\/shop\/fr\/wp-json\/wp\/v2\/media\/23076"}],"wp:attachment":[{"href":"https:\/\/www.hml-fetish.de\/shop\/fr\/wp-json\/wp\/v2\/media?parent=23102"}],"wp:term":[{"taxonomy":"product_brand","embeddable":true,"href":"https:\/\/www.hml-fetish.de\/shop\/fr\/wp-json\/wp\/v2\/product_brand?post=23102"},{"taxonomy":"product_cat","embeddable":true,"href":"https:\/\/www.hml-fetish.de\/shop\/fr\/wp-json\/wp\/v2\/product_cat?post=23102"},{"taxonomy":"product_tag","embeddable":true,"href":"https:\/\/www.hml-fetish.de\/shop\/fr\/wp-json\/wp\/v2\/product_tag?post=23102"}],"curies":[{"name":"wp","href":"https:\/\/api.w.org\/{rel}","templated":true}]}}