{"id":22914,"date":"2022-01-23T22:49:10","date_gmt":"2022-01-23T21:49:10","guid":{"rendered":"https:\/\/www.hml-fetish.de\/shop\/sangle-depaule-en-cuir\/"},"modified":"2025-01-15T15:35:39","modified_gmt":"2025-01-15T14:35:39","slug":"sangle-depaule-en-cuir","status":"publish","type":"product","link":"https:\/\/www.hml-fetish.de\/shop\/fr\/sangle-depaule-en-cuir\/","title":{"rendered":"Sangle d&#8217;\u00e9paule en cuir"},"content":{"rendered":"<p><P>Une bandouli\u00e8re en cuir d&#8217;une largeur standard de 2 cm, telle qu&#8217;elle est port\u00e9e par exemple par les chasseurs alpins. Fabriqu\u00e9e \u00e0 la main en cuir de b\u0153uf nappa noir, en deux couches et surpiqu\u00e9e tout autour. Naturellement, il comprend deux des passants de ceinture brevet\u00e9s, qui peuvent \u00eatre parfaitement r\u00e9gl\u00e9s pour des ceintures de 4 cm de large et de 5 cm de large \u00e0 l&#8217;aide de boutons-pression cach\u00e9s.<\/P><br \/>\n<P>La bandouli\u00e8re est disponible dans les tailles S, M, L et XL. La taille S mesure environ 102 cm \u00e0 114 cm \u00e0 partir du bord inf\u00e9rieur de la ceinture, la taille M est r\u00e9glable de 108 cm \u00e0 120 cm, la taille L d&#8217;environ 114 cm \u00e0 126 cm, la taille XL d&#8217;environ 120 cm \u00e0 132 cm et ainsi de suite. Cette bandouli\u00e8re s&#8217;adapte \u00e9galement \u00e0 nos ceintures et \u00e0 la ceinture Sam Brown.<\/P><br \/>\n<P><B>S\u00e9curit\u00e9 du produit:<\/B><BR>.<br \/>\nInformation sur les allergies : Mat\u00e9riau cuir de vachette, les parties m\u00e9talliques en contact avec la peau sont exemptes de rouille et de nickel<BR>.<br \/>\nPersonne responsable<BR><br \/>\nHML, propri\u00e9taire Dr. Detlef Moller<BR><br \/>\nNeukirchstra\u00dfe 18<BR><br \/>\n28215 Br\u00eame<BR><br \/>\nAllemagne<BR><br \/>\ninfo@hml-fetish.de<\/P><\/p>\n","protected":false},"excerpt":{"rendered":"<h4>Sangle d&#8217;\u00e9paule en cuir<\/h4>\n<p><P>Une bandouli\u00e8re en cuir d&#8217;une largeur standard de 2 cm, telle qu&#8217;elle est port\u00e9e par exemple par les chasseurs alpins. Fabriqu\u00e9e \u00e0 la main en cuir de b\u0153uf nappa noir, en deux couches et surpiqu\u00e9e tout autour. Naturellement, il comprend deux des passants de ceinture brevet\u00e9s, qui peuvent \u00eatre parfaitement r\u00e9gl\u00e9s pour des ceintures de 4 cm de large et de 5 cm de large \u00e0 l&#8217;aide de boutons-pression cach\u00e9s.<\/P><\/p>\n","protected":false},"featured_media":22888,"comment_status":"open","ping_status":"closed","template":"","meta":[],"product_brand":[],"product_cat":[732,646,601],"product_tag":[3295,4400],"class_list":{"0":"post-22914","1":"product","2":"type-product","3":"status-publish","4":"has-post-thumbnail","6":"product_cat-best-seller","7":"product_cat-ceintures-straps","8":"product_cat-ceintures-straps-fr","9":"product_tag-fetiche-bluf","10":"product_tag-hml-fetish-original-fr","11":"product_shipping_class-lettre","13":"first","14":"instock","15":"taxable","16":"shipping-taxable","17":"purchasable","18":"product-type-variable"},"_links":{"self":[{"href":"https:\/\/www.hml-fetish.de\/shop\/fr\/wp-json\/wp\/v2\/product\/22914","targetHints":{"allow":["GET"]}}],"collection":[{"href":"https:\/\/www.hml-fetish.de\/shop\/fr\/wp-json\/wp\/v2\/product"}],"about":[{"href":"https:\/\/www.hml-fetish.de\/shop\/fr\/wp-json\/wp\/v2\/types\/product"}],"replies":[{"embeddable":true,"href":"https:\/\/www.hml-fetish.de\/shop\/fr\/wp-json\/wp\/v2\/comments?post=22914"}],"version-history":[{"count":0,"href":"https:\/\/www.hml-fetish.de\/shop\/fr\/wp-json\/wp\/v2\/product\/22914\/revisions"}],"wp:featuredmedia":[{"embeddable":true,"href":"https:\/\/www.hml-fetish.de\/shop\/fr\/wp-json\/wp\/v2\/media\/22888"}],"wp:attachment":[{"href":"https:\/\/www.hml-fetish.de\/shop\/fr\/wp-json\/wp\/v2\/media?parent=22914"}],"wp:term":[{"taxonomy":"product_brand","embeddable":true,"href":"https:\/\/www.hml-fetish.de\/shop\/fr\/wp-json\/wp\/v2\/product_brand?post=22914"},{"taxonomy":"product_cat","embeddable":true,"href":"https:\/\/www.hml-fetish.de\/shop\/fr\/wp-json\/wp\/v2\/product_cat?post=22914"},{"taxonomy":"product_tag","embeddable":true,"href":"https:\/\/www.hml-fetish.de\/shop\/fr\/wp-json\/wp\/v2\/product_tag?post=22914"}],"curies":[{"name":"wp","href":"https:\/\/api.w.org\/{rel}","templated":true}]}}