{"id":22879,"date":"2022-01-23T22:49:11","date_gmt":"2022-01-23T21:49:11","guid":{"rendered":"https:\/\/www.hml-fetish.de\/shop\/sangle-depaule-en-cuir-large\/"},"modified":"2025-03-21T17:47:17","modified_gmt":"2025-03-21T16:47:17","slug":"sangle-depaule-en-cuir-large","status":"publish","type":"product","link":"https:\/\/www.hml-fetish.de\/shop\/fr\/sangle-depaule-en-cuir-large\/","title":{"rendered":"Sangle d&#8217;\u00e9paule en cuir large"},"content":{"rendered":"<p><P>Notre bandouli\u00e8re de 2 cm de large, doubl\u00e9e ici d&#8217;une autre bandouli\u00e8re en cuir de 4 cm de large. Cela lui permet non seulement de porter des charges plus lourdes, mais lui conf\u00e8re aussi un aspect encore plus \u00e9l\u00e9gant. Tu recevras en plus deux de nos passants de ceinture sp\u00e9ciaux, r\u00e9glables \u00e0 l&#8217;aide de boutons-pression cach\u00e9s, pour des ceintures de 4 cm ou 5 cm de large.<\/P><br \/>\n<P>La ceinture d&#8217;\u00e9paule de la police est disponible dans les tailles S, M, L, XL et XXL en noir et en blanc. La taille S mesure environ 102 cm \u00e0 114 cm \u00e0 partir du bord inf\u00e9rieur de la ceinture, la taille M est r\u00e9glable de 108 cm \u00e0 120 cm, la taille L d&#8217;environ 114 cm \u00e0 126 cm, la taille XL d&#8217;environ 120 cm \u00e0 132 cm et ainsi de suite.<\/P><br \/>\n<P><B>S\u00e9curit\u00e9 du produit:<\/B><BR>.<br \/>\nInformation sur les allergies : Mat\u00e9riau cuir de vachette, les parties m\u00e9talliques en contact avec la peau sont exemptes de rouille et de nickel<BR>.<br \/>\nPersonne responsable<BR><br \/>\nHML, propri\u00e9taire Dr. Detlef Moller<BR><br \/>\nNeukirchstra\u00dfe 18<BR><br \/>\n28215 Br\u00eame<BR><br \/>\nAllemagne<BR><br \/>\ninfo@hml-fetish.de<\/P><\/p>\n","protected":false},"excerpt":{"rendered":"<h4>Sangle d&#8217;\u00e9paule en cuir large<\/h4>\n<p><P>Notre bandouli\u00e8re de 2 cm de large, doubl\u00e9e ici d&#8217;une autre bandouli\u00e8re en cuir de 4 cm de large. Cela lui permet non seulement de porter des charges plus lourdes, mais lui conf\u00e8re aussi un aspect encore plus \u00e9l\u00e9gant. Tu recevras en plus deux de nos passants de ceinture sp\u00e9ciaux, r\u00e9glables \u00e0 l&#8217;aide de boutons-pression cach\u00e9s, pour des ceintures de 4 cm ou 5 cm de large.<\/P><\/p>\n","protected":false},"featured_media":22853,"comment_status":"open","ping_status":"closed","template":"","meta":[],"product_brand":[],"product_cat":[601,646],"product_tag":[3295,4400],"class_list":{"0":"post-22879","1":"product","2":"type-product","3":"status-publish","4":"has-post-thumbnail","6":"product_cat-ceintures-straps-fr","7":"product_cat-ceintures-straps","8":"product_tag-fetiche-bluf","9":"product_tag-hml-fetish-original-fr","10":"product_shipping_class-lettre","12":"first","13":"instock","14":"taxable","15":"shipping-taxable","16":"purchasable","17":"product-type-variable"},"_links":{"self":[{"href":"https:\/\/www.hml-fetish.de\/shop\/fr\/wp-json\/wp\/v2\/product\/22879","targetHints":{"allow":["GET"]}}],"collection":[{"href":"https:\/\/www.hml-fetish.de\/shop\/fr\/wp-json\/wp\/v2\/product"}],"about":[{"href":"https:\/\/www.hml-fetish.de\/shop\/fr\/wp-json\/wp\/v2\/types\/product"}],"replies":[{"embeddable":true,"href":"https:\/\/www.hml-fetish.de\/shop\/fr\/wp-json\/wp\/v2\/comments?post=22879"}],"version-history":[{"count":0,"href":"https:\/\/www.hml-fetish.de\/shop\/fr\/wp-json\/wp\/v2\/product\/22879\/revisions"}],"wp:featuredmedia":[{"embeddable":true,"href":"https:\/\/www.hml-fetish.de\/shop\/fr\/wp-json\/wp\/v2\/media\/22853"}],"wp:attachment":[{"href":"https:\/\/www.hml-fetish.de\/shop\/fr\/wp-json\/wp\/v2\/media?parent=22879"}],"wp:term":[{"taxonomy":"product_brand","embeddable":true,"href":"https:\/\/www.hml-fetish.de\/shop\/fr\/wp-json\/wp\/v2\/product_brand?post=22879"},{"taxonomy":"product_cat","embeddable":true,"href":"https:\/\/www.hml-fetish.de\/shop\/fr\/wp-json\/wp\/v2\/product_cat?post=22879"},{"taxonomy":"product_tag","embeddable":true,"href":"https:\/\/www.hml-fetish.de\/shop\/fr\/wp-json\/wp\/v2\/product_tag?post=22879"}],"curies":[{"name":"wp","href":"https:\/\/api.w.org\/{rel}","templated":true}]}}