{"id":22806,"date":"2022-01-23T22:49:11","date_gmt":"2022-01-23T21:49:11","guid":{"rendered":"https:\/\/www.hml-fetish.de\/shop\/collier-en-cuir-avec-boucle\/"},"modified":"2022-01-23T22:49:11","modified_gmt":"2022-01-23T21:49:11","slug":"collier-en-cuir-avec-boucle","status":"publish","type":"product","link":"https:\/\/www.hml-fetish.de\/shop\/fr\/collier-en-cuir-avec-boucle\/","title":{"rendered":"Collier en cuir avec boucle"},"content":{"rendered":"<p><P>Le cuir nappa noir lisse, cousu tout autour, rend nos cols tr\u00e8s stables et souples \u00e0 la fois. Avec une boucle en acier attach\u00e9e comme anneau de guidage. Dans les tailles S \u00e0 3XL ainsi que dans les largeurs 40 mm et 50 mm (suppl\u00e9ment de 10 \u20ac pour 50 mm). Le mod\u00e8le d&#8217;entr\u00e9e de gamme \u00e0 prix raisonnable de la vie de l&#8217;esclave.<br \/>\n<BR><img decoding=\"async\" src=\"\/GIF\/sizefr_HB.gif\" alt=\"tableau des tailles\" title=\"tableau des tailles\" border=\"0\" height=\"177\" width=\"119\"><\/P><\/p>\n","protected":false},"excerpt":{"rendered":"<h4>Collier en cuir avec boucle<\/h4>\n<p><P>Le cuir nappa noir lisse, cousu tout autour, rend nos cols tr\u00e8s stables et souples \u00e0 la fois. Avec une boucle en acier attach\u00e9e comme anneau de guidage. Dans les tailles S \u00e0 3XL ainsi que dans les largeurs 40 mm et 50 mm (suppl\u00e9ment de 10 \u20ac pour 50 mm).<\/P><\/p>\n","protected":false},"featured_media":22760,"comment_status":"open","ping_status":"closed","template":"","meta":[],"product_brand":[],"product_cat":[599,732,708,597],"product_tag":[4400],"class_list":{"0":"post-22806","1":"product","2":"type-product","3":"status-publish","4":"has-post-thumbnail","6":"product_cat-attaches-en-cuir","7":"product_cat-best-seller","8":"product_cat-colliers","9":"product_cat-harnais","10":"product_tag-hml-fetish-original-fr","11":"product_shipping_class-lettre","13":"first","14":"instock","15":"taxable","16":"shipping-taxable","17":"purchasable","18":"product-type-variable"},"_links":{"self":[{"href":"https:\/\/www.hml-fetish.de\/shop\/fr\/wp-json\/wp\/v2\/product\/22806","targetHints":{"allow":["GET"]}}],"collection":[{"href":"https:\/\/www.hml-fetish.de\/shop\/fr\/wp-json\/wp\/v2\/product"}],"about":[{"href":"https:\/\/www.hml-fetish.de\/shop\/fr\/wp-json\/wp\/v2\/types\/product"}],"replies":[{"embeddable":true,"href":"https:\/\/www.hml-fetish.de\/shop\/fr\/wp-json\/wp\/v2\/comments?post=22806"}],"version-history":[{"count":0,"href":"https:\/\/www.hml-fetish.de\/shop\/fr\/wp-json\/wp\/v2\/product\/22806\/revisions"}],"wp:featuredmedia":[{"embeddable":true,"href":"https:\/\/www.hml-fetish.de\/shop\/fr\/wp-json\/wp\/v2\/media\/22760"}],"wp:attachment":[{"href":"https:\/\/www.hml-fetish.de\/shop\/fr\/wp-json\/wp\/v2\/media?parent=22806"}],"wp:term":[{"taxonomy":"product_brand","embeddable":true,"href":"https:\/\/www.hml-fetish.de\/shop\/fr\/wp-json\/wp\/v2\/product_brand?post=22806"},{"taxonomy":"product_cat","embeddable":true,"href":"https:\/\/www.hml-fetish.de\/shop\/fr\/wp-json\/wp\/v2\/product_cat?post=22806"},{"taxonomy":"product_tag","embeddable":true,"href":"https:\/\/www.hml-fetish.de\/shop\/fr\/wp-json\/wp\/v2\/product_tag?post=22806"}],"curies":[{"name":"wp","href":"https:\/\/api.w.org\/{rel}","templated":true}]}}