{"id":22690,"date":"2022-01-23T22:49:12","date_gmt":"2022-01-23T21:49:12","guid":{"rendered":"https:\/\/www.hml-fetish.de\/shop\/collier-velcro-avec-anneau-de-guidage\/"},"modified":"2022-01-23T22:49:12","modified_gmt":"2022-01-23T21:49:12","slug":"collier-velcro-avec-anneau-de-guidage","status":"publish","type":"product","link":"https:\/\/www.hml-fetish.de\/shop\/fr\/collier-velcro-avec-anneau-de-guidage\/","title":{"rendered":"Collier velcro avec anneau de guidage"},"content":{"rendered":"<p><P>Voil\u00e0 notre d\u00e9finition de s\u00e9curit\u00e9: un collier en cuir doux, large de 3 cm, qui ferme avec un velcro aussi simple qu&#8217;efficace. Enti\u00e8rement cousu, il ne contient aucune pi\u00e8ce de m\u00e9tal sauf l&#8217;anneau permettant d&#8217;y fixer une laisse! Les coutures solides tiennent bien mieux qu&#8217;un rivet ne le pourrait! Longueur totale de 50 cm et reglable sur une longueur de 10 cm.<\/P><\/p>\n","protected":false},"excerpt":{"rendered":"<h4>Collier velcro avec anneau de guidage<\/h4>\n<p><P>Voil\u00e0 notre d\u00e9finition de s\u00e9curit\u00e9: un collier en cuir doux, large de 3 cm, qui ferme avec un velcro aussi simple qu&#8217;efficace. Enti\u00e8rement cousu, il ne contient aucune pi\u00e8ce de m\u00e9tal sauf l&#8217;anneau permettant d&#8217;y fixer une laisse!<\/P><\/p>\n","protected":false},"featured_media":22664,"comment_status":"open","ping_status":"closed","template":"","meta":[],"product_brand":[],"product_cat":[604,599,708],"product_tag":[4400],"class_list":{"0":"post-22690","1":"product","2":"type-product","3":"status-publish","4":"has-post-thumbnail","6":"product_cat-bracelets","7":"product_cat-attaches-en-cuir","8":"product_cat-colliers","9":"product_tag-hml-fetish-original-fr","10":"product_shipping_class-lettre","12":"first","13":"instock","14":"taxable","15":"shipping-taxable","16":"purchasable","17":"product-type-simple"},"_links":{"self":[{"href":"https:\/\/www.hml-fetish.de\/shop\/fr\/wp-json\/wp\/v2\/product\/22690","targetHints":{"allow":["GET"]}}],"collection":[{"href":"https:\/\/www.hml-fetish.de\/shop\/fr\/wp-json\/wp\/v2\/product"}],"about":[{"href":"https:\/\/www.hml-fetish.de\/shop\/fr\/wp-json\/wp\/v2\/types\/product"}],"replies":[{"embeddable":true,"href":"https:\/\/www.hml-fetish.de\/shop\/fr\/wp-json\/wp\/v2\/comments?post=22690"}],"version-history":[{"count":0,"href":"https:\/\/www.hml-fetish.de\/shop\/fr\/wp-json\/wp\/v2\/product\/22690\/revisions"}],"wp:featuredmedia":[{"embeddable":true,"href":"https:\/\/www.hml-fetish.de\/shop\/fr\/wp-json\/wp\/v2\/media\/22664"}],"wp:attachment":[{"href":"https:\/\/www.hml-fetish.de\/shop\/fr\/wp-json\/wp\/v2\/media?parent=22690"}],"wp:term":[{"taxonomy":"product_brand","embeddable":true,"href":"https:\/\/www.hml-fetish.de\/shop\/fr\/wp-json\/wp\/v2\/product_brand?post=22690"},{"taxonomy":"product_cat","embeddable":true,"href":"https:\/\/www.hml-fetish.de\/shop\/fr\/wp-json\/wp\/v2\/product_cat?post=22690"},{"taxonomy":"product_tag","embeddable":true,"href":"https:\/\/www.hml-fetish.de\/shop\/fr\/wp-json\/wp\/v2\/product_tag?post=22690"}],"curies":[{"name":"wp","href":"https:\/\/api.w.org\/{rel}","templated":true}]}}