{"id":22642,"date":"2022-01-23T22:49:12","date_gmt":"2022-01-23T21:49:12","guid":{"rendered":"https:\/\/www.hml-fetish.de\/shop\/collier-de-bondage\/"},"modified":"2022-01-23T22:49:12","modified_gmt":"2022-01-23T21:49:12","slug":"collier-de-bondage","status":"publish","type":"product","link":"https:\/\/www.hml-fetish.de\/shop\/fr\/collier-de-bondage\/","title":{"rendered":"Collier de bondage"},"content":{"rendered":"<p><P>50 mm de large et particuli\u00e8rement solide. Avec trois boucles en acier (grands anneaux en D) maintenues par une sangle appliqu\u00e9e sur toute la longueur. Disponible dans les tailles S \u00e0 3XL. Les anneaux en D suppl\u00e9mentaires sont tr\u00e8s pratiques pour y attacher des menottes par exemple. Un &#8220;clic&#8221; se fait entendre et tu es mis hors d&#8217;\u00e9tat de nuire.<br \/>\n<BR><img decoding=\"async\" src=\"\/GIF\/sizefr_HB.gif\" alt=\"tableau des tailles\" title=\"tableau des tailles\" border=\"0\" height=\"177\" width=\"119\"><\/P><\/p>\n","protected":false},"excerpt":{"rendered":"<h4>Collier de bondage<\/h4>\n<p><P>50 mm de large et particuli\u00e8rement solide. Avec trois boucles en acier (grands anneaux en D) maintenues par une sangle appliqu\u00e9e sur toute la longueur. Disponible dans les tailles S \u00e0 3XL. Les anneaux en D suppl\u00e9mentaires sont tr\u00e8s pratiques pour y attacher des menottes par exemple. Un &#8220;clic&#8221; se fait entendre et tu es mis hors d&#8217;\u00e9tat de nuire.<\/P><\/p>\n","protected":false},"featured_media":22608,"comment_status":"open","ping_status":"closed","template":"","meta":[],"product_brand":[],"product_cat":[599,597],"product_tag":[4400],"class_list":{"0":"post-22642","1":"product","2":"type-product","3":"status-publish","4":"has-post-thumbnail","6":"product_cat-attaches-en-cuir","7":"product_cat-harnais","8":"product_tag-hml-fetish-original-fr","9":"product_shipping_class-colis-fr","11":"first","12":"instock","13":"taxable","14":"shipping-taxable","15":"purchasable","16":"product-type-variable"},"_links":{"self":[{"href":"https:\/\/www.hml-fetish.de\/shop\/fr\/wp-json\/wp\/v2\/product\/22642","targetHints":{"allow":["GET"]}}],"collection":[{"href":"https:\/\/www.hml-fetish.de\/shop\/fr\/wp-json\/wp\/v2\/product"}],"about":[{"href":"https:\/\/www.hml-fetish.de\/shop\/fr\/wp-json\/wp\/v2\/types\/product"}],"replies":[{"embeddable":true,"href":"https:\/\/www.hml-fetish.de\/shop\/fr\/wp-json\/wp\/v2\/comments?post=22642"}],"version-history":[{"count":0,"href":"https:\/\/www.hml-fetish.de\/shop\/fr\/wp-json\/wp\/v2\/product\/22642\/revisions"}],"wp:featuredmedia":[{"embeddable":true,"href":"https:\/\/www.hml-fetish.de\/shop\/fr\/wp-json\/wp\/v2\/media\/22608"}],"wp:attachment":[{"href":"https:\/\/www.hml-fetish.de\/shop\/fr\/wp-json\/wp\/v2\/media?parent=22642"}],"wp:term":[{"taxonomy":"product_brand","embeddable":true,"href":"https:\/\/www.hml-fetish.de\/shop\/fr\/wp-json\/wp\/v2\/product_brand?post=22642"},{"taxonomy":"product_cat","embeddable":true,"href":"https:\/\/www.hml-fetish.de\/shop\/fr\/wp-json\/wp\/v2\/product_cat?post=22642"},{"taxonomy":"product_tag","embeddable":true,"href":"https:\/\/www.hml-fetish.de\/shop\/fr\/wp-json\/wp\/v2\/product_tag?post=22642"}],"curies":[{"name":"wp","href":"https:\/\/api.w.org\/{rel}","templated":true}]}}