{"id":22599,"date":"2022-01-23T22:49:13","date_gmt":"2022-01-23T21:49:13","guid":{"rendered":"https:\/\/www.hml-fetish.de\/shop\/collier-de-bondage-extreme\/"},"modified":"2022-01-23T22:49:13","modified_gmt":"2022-01-23T21:49:13","slug":"collier-de-bondage-extreme","status":"publish","type":"product","link":"https:\/\/www.hml-fetish.de\/shop\/fr\/collier-de-bondage-extreme\/","title":{"rendered":"Collier de Bondage extr\u00eame"},"content":{"rendered":"<p><P>75 mm de large, avec une sangle appliqu\u00e9e et trois boucles en acier gras qui y sont int\u00e9gr\u00e9es. La boucle rapport\u00e9e permet de le mettre tr\u00e8s serr\u00e9. Disponible dans les tailles S \u00e0 3XL. En raison de sa largeur, ce collier de bondage extra large ne convient qu&#8217;aux personnes vraiment soumises. Il entoure le cou comme un corset et le fixe en m\u00eame temps. Il est ainsi impossible d&#8217;oublier son r\u00f4le ne serait-ce qu&#8217;un instant. Un col vraiment serr\u00e9, c&#8217;est pourquoi il vaut mieux commander une taille au-dessus en cas de doute !<br \/>\n<BR><img decoding=\"async\" src=\"\/GIF\/sizefr_HB.gif\" alt=\"tableau des tailles\" title=\"tableau des tailles\" border=\"0\" height=\"177\" width=\"119\"><\/P><\/p>\n","protected":false},"excerpt":{"rendered":"<h4>Collier de Bondage extr\u00eame<\/h4>\n<p><P>75 mm de large, avec une sangle appliqu\u00e9e et trois boucles en acier gras qui y sont int\u00e9gr\u00e9es. La boucle rapport\u00e9e permet de le mettre tr\u00e8s serr\u00e9. Disponible dans les tailles S \u00e0 3XL. En raison de sa largeur, ce collier de bondage extra large ne convient qu&#8217;aux personnes vraiment soumises. Il entoure le cou comme un corset et le fixe en m\u00eame temps. Il est ainsi impossible d&#8217;oublier son r\u00f4le ne serait-ce qu&#8217;un instant. Un col vraiment serr\u00e9, c&#8217;est pourquoi il vaut mieux commander une taille au-dessus en cas de doute !<\/P><\/p>\n","protected":false},"featured_media":22565,"comment_status":"open","ping_status":"closed","template":"","meta":[],"product_brand":[],"product_cat":[599,690,708,714],"product_tag":[4400],"class_list":{"0":"post-22599","1":"product","2":"type-product","3":"status-publish","4":"has-post-thumbnail","6":"product_cat-attaches-en-cuir","7":"product_cat-bondage-fr","8":"product_cat-colliers","9":"product_cat-dungeon-fr","10":"product_tag-hml-fetish-original-fr","11":"product_shipping_class-colis-fr","13":"first","14":"instock","15":"taxable","16":"shipping-taxable","17":"purchasable","18":"product-type-variable"},"_links":{"self":[{"href":"https:\/\/www.hml-fetish.de\/shop\/fr\/wp-json\/wp\/v2\/product\/22599","targetHints":{"allow":["GET"]}}],"collection":[{"href":"https:\/\/www.hml-fetish.de\/shop\/fr\/wp-json\/wp\/v2\/product"}],"about":[{"href":"https:\/\/www.hml-fetish.de\/shop\/fr\/wp-json\/wp\/v2\/types\/product"}],"replies":[{"embeddable":true,"href":"https:\/\/www.hml-fetish.de\/shop\/fr\/wp-json\/wp\/v2\/comments?post=22599"}],"version-history":[{"count":0,"href":"https:\/\/www.hml-fetish.de\/shop\/fr\/wp-json\/wp\/v2\/product\/22599\/revisions"}],"wp:featuredmedia":[{"embeddable":true,"href":"https:\/\/www.hml-fetish.de\/shop\/fr\/wp-json\/wp\/v2\/media\/22565"}],"wp:attachment":[{"href":"https:\/\/www.hml-fetish.de\/shop\/fr\/wp-json\/wp\/v2\/media?parent=22599"}],"wp:term":[{"taxonomy":"product_brand","embeddable":true,"href":"https:\/\/www.hml-fetish.de\/shop\/fr\/wp-json\/wp\/v2\/product_brand?post=22599"},{"taxonomy":"product_cat","embeddable":true,"href":"https:\/\/www.hml-fetish.de\/shop\/fr\/wp-json\/wp\/v2\/product_cat?post=22599"},{"taxonomy":"product_tag","embeddable":true,"href":"https:\/\/www.hml-fetish.de\/shop\/fr\/wp-json\/wp\/v2\/product_tag?post=22599"}],"curies":[{"name":"wp","href":"https:\/\/api.w.org\/{rel}","templated":true}]}}