{"id":22562,"date":"2022-01-23T22:49:13","date_gmt":"2022-01-23T21:49:13","guid":{"rendered":"https:\/\/www.hml-fetish.de\/shop\/collier-en-cuir-mak\/"},"modified":"2022-01-23T22:49:13","modified_gmt":"2022-01-23T21:49:13","slug":"collier-en-cuir-mak","status":"publish","type":"product","link":"https:\/\/www.hml-fetish.de\/shop\/fr\/collier-en-cuir-mak\/","title":{"rendered":"Collier en cuir MAK"},"content":{"rendered":"<p><P>Comme toute la collection MAK LEDER, ce collier a \u00e9t\u00e9 con\u00e7u pour un port prolong\u00e9, sinon illimit\u00e9: plusieurs couches de cuir haut de gemme dont la derni\u00e8re pour couvrir tous les rivets ce qui le rend id\u00e9al pour chacun allergique au nickel. Travaill\u00e9 \u00e0 la main, des rivets inoxydables et un cadenas (inclus) pour un maximum de s\u00e9curit\u00e9. Les roles sont clairs car une fois mis et le cadenas ferm\u00e9, il n&#8217;y a que le ma\u00eetre qui saura l&#8217;enlever.<br \/>\n<BR><img decoding=\"async\" src=\"\/GIF\/sizefr_HB.gif\" alt=\"tableau des tailles\" title=\"tableau des tailles\" border=\"0\" height=\"177\" width=\"119\"><\/P><\/p>\n","protected":false},"excerpt":{"rendered":"<h4Collier en cuir MAK<\/h4>\n<p><P>Comme toute la collection MAK LEDER, ce collier a \u00e9t\u00e9 con\u00e7u pour un port prolong\u00e9, sinon illimit\u00e9: plusieurs couches de cuir haut de gemme dont la derni\u00e8re pour couvrir tous les rivets ce qui le rend id\u00e9al pour chacun allergique au nickel. Travaill\u00e9 \u00e0 la main, des rivets inoxydables et un cadenas (inclus) pour un maximum de s\u00e9curit\u00e9. Les roles sont clairs car une fois mis et le cadenas ferm\u00e9, il n&#8217;y a que le ma\u00eetre qui saura l&#8217;enlever.<\/P><\/p>\n","protected":false},"featured_media":22544,"comment_status":"open","ping_status":"closed","template":"","meta":[],"product_brand":[],"product_cat":[599,732,710,708],"product_tag":[4400],"class_list":{"0":"post-22562","1":"product","2":"type-product","3":"status-publish","4":"has-post-thumbnail","6":"product_cat-attaches-en-cuir","7":"product_cat-best-seller","8":"product_cat-chastete","9":"product_cat-colliers","10":"product_tag-hml-fetish-original-fr","11":"product_shipping_class-colis-fr","13":"first","14":"instock","15":"taxable","16":"shipping-taxable","17":"purchasable","18":"product-type-variable"},"_links":{"self":[{"href":"https:\/\/www.hml-fetish.de\/shop\/fr\/wp-json\/wp\/v2\/product\/22562","targetHints":{"allow":["GET"]}}],"collection":[{"href":"https:\/\/www.hml-fetish.de\/shop\/fr\/wp-json\/wp\/v2\/product"}],"about":[{"href":"https:\/\/www.hml-fetish.de\/shop\/fr\/wp-json\/wp\/v2\/types\/product"}],"replies":[{"embeddable":true,"href":"https:\/\/www.hml-fetish.de\/shop\/fr\/wp-json\/wp\/v2\/comments?post=22562"}],"version-history":[{"count":0,"href":"https:\/\/www.hml-fetish.de\/shop\/fr\/wp-json\/wp\/v2\/product\/22562\/revisions"}],"wp:featuredmedia":[{"embeddable":true,"href":"https:\/\/www.hml-fetish.de\/shop\/fr\/wp-json\/wp\/v2\/media\/22544"}],"wp:attachment":[{"href":"https:\/\/www.hml-fetish.de\/shop\/fr\/wp-json\/wp\/v2\/media?parent=22562"}],"wp:term":[{"taxonomy":"product_brand","embeddable":true,"href":"https:\/\/www.hml-fetish.de\/shop\/fr\/wp-json\/wp\/v2\/product_brand?post=22562"},{"taxonomy":"product_cat","embeddable":true,"href":"https:\/\/www.hml-fetish.de\/shop\/fr\/wp-json\/wp\/v2\/product_cat?post=22562"},{"taxonomy":"product_tag","embeddable":true,"href":"https:\/\/www.hml-fetish.de\/shop\/fr\/wp-json\/wp\/v2\/product_tag?post=22562"}],"curies":[{"name":"wp","href":"https:\/\/api.w.org\/{rel}","templated":true}]}}