{"id":22540,"date":"2022-01-23T22:49:13","date_gmt":"2022-01-23T21:49:13","guid":{"rendered":"https:\/\/www.hml-fetish.de\/shop\/laisse-mak\/"},"modified":"2022-01-23T22:49:13","modified_gmt":"2022-01-23T21:49:13","slug":"laisse-mak","status":"publish","type":"product","link":"https:\/\/www.hml-fetish.de\/shop\/fr\/laisse-mak\/","title":{"rendered":"Laisse MAK"},"content":{"rendered":"<p><P>Voici la laisse qui vient de compl\u00e9ter le collier de la m\u00eame collection. Elle s&#8217;attache \u00e0 l&#8217;anneau en D du collier et du coup ton partenaire conna\u00eetra sa place. En nappa haut de gemme cousu avec une largeur de 2 cm pour une longueur de 1 m\u00e8tre environ.<\/P><\/p>\n","protected":false},"excerpt":{"rendered":"<h4>Laisse MAK<\/h4>\n<p><P>Voici la laisse qui vient de compl\u00e9ter le collier de la m\u00eame collection. Elle s&#8217;attache \u00e0 l&#8217;anneau en D du collier et du coup ton partenaire conna\u00eetra sa place. En nappa haut de gemme cousu avec une largeur de 2 cm pour une longueur de 1 m\u00e8tre environ.<\/P><\/p>\n","protected":false},"featured_media":22527,"comment_status":"open","ping_status":"closed","template":"","meta":[],"product_brand":[],"product_cat":[606,708,712],"product_tag":[4400],"class_list":{"0":"post-22540","1":"product","2":"type-product","3":"status-publish","4":"has-post-thumbnail","6":"product_cat-accessoires-fr-2-fr","7":"product_cat-colliers","8":"product_cat-pet-play-fr","9":"product_tag-hml-fetish-original-fr","10":"product_shipping_class-lettre","12":"first","13":"instock","14":"taxable","15":"shipping-taxable","16":"purchasable","17":"product-type-simple"},"_links":{"self":[{"href":"https:\/\/www.hml-fetish.de\/shop\/fr\/wp-json\/wp\/v2\/product\/22540","targetHints":{"allow":["GET"]}}],"collection":[{"href":"https:\/\/www.hml-fetish.de\/shop\/fr\/wp-json\/wp\/v2\/product"}],"about":[{"href":"https:\/\/www.hml-fetish.de\/shop\/fr\/wp-json\/wp\/v2\/types\/product"}],"replies":[{"embeddable":true,"href":"https:\/\/www.hml-fetish.de\/shop\/fr\/wp-json\/wp\/v2\/comments?post=22540"}],"version-history":[{"count":0,"href":"https:\/\/www.hml-fetish.de\/shop\/fr\/wp-json\/wp\/v2\/product\/22540\/revisions"}],"wp:featuredmedia":[{"embeddable":true,"href":"https:\/\/www.hml-fetish.de\/shop\/fr\/wp-json\/wp\/v2\/media\/22527"}],"wp:attachment":[{"href":"https:\/\/www.hml-fetish.de\/shop\/fr\/wp-json\/wp\/v2\/media?parent=22540"}],"wp:term":[{"taxonomy":"product_brand","embeddable":true,"href":"https:\/\/www.hml-fetish.de\/shop\/fr\/wp-json\/wp\/v2\/product_brand?post=22540"},{"taxonomy":"product_cat","embeddable":true,"href":"https:\/\/www.hml-fetish.de\/shop\/fr\/wp-json\/wp\/v2\/product_cat?post=22540"},{"taxonomy":"product_tag","embeddable":true,"href":"https:\/\/www.hml-fetish.de\/shop\/fr\/wp-json\/wp\/v2\/product_tag?post=22540"}],"curies":[{"name":"wp","href":"https:\/\/api.w.org\/{rel}","templated":true}]}}