{"id":22483,"date":"2022-01-23T22:49:14","date_gmt":"2022-01-23T21:49:14","guid":{"rendered":"https:\/\/www.hml-fetish.de\/shop\/chemise-en-cuir\/"},"modified":"2022-01-23T22:49:14","modified_gmt":"2022-01-23T21:49:14","slug":"chemise-en-cuir","status":"publish","type":"product","link":"https:\/\/www.hml-fetish.de\/shop\/fr\/chemise-en-cuir\/","title":{"rendered":"Chemise en cuir"},"content":{"rendered":"<p><P>La chemise en cuir dans la coupe d&#8217;une chemise en jean : du nappa de b\u0153uf noir tann\u00e9 avec des boutons pression nickel\u00e9s, un tomb\u00e9 d\u00e9contract\u00e9 et plus lourd que ce que tu pourrais attendre d&#8217;une chemise de dessus. Disponible ici en manches courtes ou longues. Disponible en diff\u00e9rentes tailles jusqu&#8217;\u00e0 \u00e9puisement des stocks.<br \/>\n<BR><img decoding=\"async\" src=\"\/GIF\/sizefr_unisex_up.gif\" alt=\"tableau des tailles\" title=\"tableau des tailles\" border=\"0\" height=\"194\" width=\"114\"><\/P><\/p>\n","protected":false},"excerpt":{"rendered":"<h4>Chemise en cuir<\/h4>\n<p><P>La chemise en cuir dans la coupe d&#8217;une chemise en jean : du nappa de b\u0153uf noir tann\u00e9 avec des boutons pression nickel\u00e9s, un tomb\u00e9 d\u00e9contract\u00e9 et plus lourd que ce que tu pourrais attendre d&#8217;une chemise de dessus. Disponible ici en manches courtes ou longues. Disponible en diff\u00e9rentes tailles jusqu&#8217;\u00e0 \u00e9puisement des stocks.<\/P><\/p>\n","protected":false},"featured_media":22444,"comment_status":"open","ping_status":"closed","template":"","meta":[],"product_brand":[],"product_cat":[752,590],"product_tag":[],"class_list":{"0":"post-22483","1":"product","2":"type-product","3":"status-publish","4":"has-post-thumbnail","6":"product_cat-fin-de-serie","7":"product_cat-shirts-vestons","8":"product_shipping_class-colis-fr","10":"first","11":"instock","12":"sale","13":"taxable","14":"shipping-taxable","15":"purchasable","16":"product-type-variable"},"_links":{"self":[{"href":"https:\/\/www.hml-fetish.de\/shop\/fr\/wp-json\/wp\/v2\/product\/22483","targetHints":{"allow":["GET"]}}],"collection":[{"href":"https:\/\/www.hml-fetish.de\/shop\/fr\/wp-json\/wp\/v2\/product"}],"about":[{"href":"https:\/\/www.hml-fetish.de\/shop\/fr\/wp-json\/wp\/v2\/types\/product"}],"replies":[{"embeddable":true,"href":"https:\/\/www.hml-fetish.de\/shop\/fr\/wp-json\/wp\/v2\/comments?post=22483"}],"version-history":[{"count":0,"href":"https:\/\/www.hml-fetish.de\/shop\/fr\/wp-json\/wp\/v2\/product\/22483\/revisions"}],"wp:featuredmedia":[{"embeddable":true,"href":"https:\/\/www.hml-fetish.de\/shop\/fr\/wp-json\/wp\/v2\/media\/22444"}],"wp:attachment":[{"href":"https:\/\/www.hml-fetish.de\/shop\/fr\/wp-json\/wp\/v2\/media?parent=22483"}],"wp:term":[{"taxonomy":"product_brand","embeddable":true,"href":"https:\/\/www.hml-fetish.de\/shop\/fr\/wp-json\/wp\/v2\/product_brand?post=22483"},{"taxonomy":"product_cat","embeddable":true,"href":"https:\/\/www.hml-fetish.de\/shop\/fr\/wp-json\/wp\/v2\/product_cat?post=22483"},{"taxonomy":"product_tag","embeddable":true,"href":"https:\/\/www.hml-fetish.de\/shop\/fr\/wp-json\/wp\/v2\/product_tag?post=22483"}],"curies":[{"name":"wp","href":"https:\/\/api.w.org\/{rel}","templated":true}]}}