{"id":22364,"date":"2022-01-23T22:49:15","date_gmt":"2022-01-23T21:49:15","guid":{"rendered":"https:\/\/www.hml-fetish.de\/shop\/chemise-polo-avec-bandes-bicolore\/"},"modified":"2022-01-23T22:49:15","modified_gmt":"2022-01-23T21:49:15","slug":"chemise-polo-avec-bandes-bicolore","status":"publish","type":"product","link":"https:\/\/www.hml-fetish.de\/shop\/fr\/chemise-polo-avec-bandes-bicolore\/","title":{"rendered":"Chemise polo avec bandes bicolore"},"content":{"rendered":"<p><P>Un polo noir de marque, r\u00e9sistant, 100% coton. 3 boutons. Bandes sur le col et les manches en rouge et blanc. Coupe plut\u00f4t large et disponible dans les tailles S &#8211; 3XL. Un rapport qualit\u00e9-prix imbattable !<br \/>\n<BR><img decoding=\"async\" src=\"\/GIF\/sizefr_unisex_sp.gif\" alt=\"tableau des tailles\" title=\"tableau des tailles\" border=\"0\" height=\"194\" width=\"114\"><\/P><\/p>\n","protected":false},"excerpt":{"rendered":"<h4>Chemise polo avec bandes bicolore<\/h4>\n<p><P>Un polo noir de marque, r\u00e9sistant, 100% coton. 3 boutons. Bandes sur le col et les manches en rouge et blanc. Coupe plut\u00f4t large et disponible dans les tailles S &#8211; 3XL. Un rapport qualit\u00e9-prix imbattable !<\/P><\/p>\n","protected":false},"featured_media":22334,"comment_status":"open","ping_status":"closed","template":"","meta":[],"product_brand":[],"product_cat":[734,658,638],"product_tag":[],"class_list":{"0":"post-22364","1":"product","2":"type-product","3":"status-publish","4":"has-post-thumbnail","6":"product_cat-promotion","7":"product_cat-t-shirts-debardeurs","8":"product_cat-vetements","9":"product_shipping_class-lettre","11":"first","12":"instock","13":"taxable","14":"shipping-taxable","15":"purchasable","16":"product-type-variable"},"_links":{"self":[{"href":"https:\/\/www.hml-fetish.de\/shop\/fr\/wp-json\/wp\/v2\/product\/22364","targetHints":{"allow":["GET"]}}],"collection":[{"href":"https:\/\/www.hml-fetish.de\/shop\/fr\/wp-json\/wp\/v2\/product"}],"about":[{"href":"https:\/\/www.hml-fetish.de\/shop\/fr\/wp-json\/wp\/v2\/types\/product"}],"replies":[{"embeddable":true,"href":"https:\/\/www.hml-fetish.de\/shop\/fr\/wp-json\/wp\/v2\/comments?post=22364"}],"version-history":[{"count":0,"href":"https:\/\/www.hml-fetish.de\/shop\/fr\/wp-json\/wp\/v2\/product\/22364\/revisions"}],"wp:featuredmedia":[{"embeddable":true,"href":"https:\/\/www.hml-fetish.de\/shop\/fr\/wp-json\/wp\/v2\/media\/22334"}],"wp:attachment":[{"href":"https:\/\/www.hml-fetish.de\/shop\/fr\/wp-json\/wp\/v2\/media?parent=22364"}],"wp:term":[{"taxonomy":"product_brand","embeddable":true,"href":"https:\/\/www.hml-fetish.de\/shop\/fr\/wp-json\/wp\/v2\/product_brand?post=22364"},{"taxonomy":"product_cat","embeddable":true,"href":"https:\/\/www.hml-fetish.de\/shop\/fr\/wp-json\/wp\/v2\/product_cat?post=22364"},{"taxonomy":"product_tag","embeddable":true,"href":"https:\/\/www.hml-fetish.de\/shop\/fr\/wp-json\/wp\/v2\/product_tag?post=22364"}],"curies":[{"name":"wp","href":"https:\/\/api.w.org\/{rel}","templated":true}]}}