{"id":22228,"date":"2022-01-23T22:49:15","date_gmt":"2022-01-23T21:49:15","guid":{"rendered":"https:\/\/www.hml-fetish.de\/shop\/attaches-en-cuir-de-5-cm-de-large\/"},"modified":"2022-01-23T22:49:15","modified_gmt":"2022-01-23T21:49:15","slug":"attaches-en-cuir-de-5-cm-de-large","status":"publish","type":"product","link":"https:\/\/www.hml-fetish.de\/shop\/fr\/attaches-en-cuir-de-5-cm-de-large\/","title":{"rendered":"Attaches en cuir de 5 cm de large"},"content":{"rendered":"<p><P>La qualit\u00e9 HML \u00e9prouv\u00e9e dans notre finition \u00e9prouv\u00e9e, \u00e0 chaque fois en nappa de vachette doublement pli\u00e9. Les bords repli\u00e9s sont arrondis et doux et ne coupent pas, quelle que soit la dur\u00e9e de port des menottes. Ferm\u00e9es par une boucle et r\u00e9glables. Mousqueton inclus. Tu peux obtenir nos menottes en cuir de 5 cm de large ici en trois tailles, comme menottes pour les mains, comme menottes pour les pieds et comme menottes pour les bottes, ainsi que comme set avantageux de menottes pour les mains et pour les pieds.<\/P><\/p>\n","protected":false},"excerpt":{"rendered":"<h4>Attaches en cuir de 5 cm de large<\/h4>\n<p><P>La qualit\u00e9 HML \u00e9prouv\u00e9e dans notre finition \u00e9prouv\u00e9e, \u00e0 chaque fois en nappa de vachette doublement pli\u00e9. Les bords repli\u00e9s sont arrondis et doux et ne coupent pas, quelle que soit la dur\u00e9e de port des menottes. Ferm\u00e9es par une boucle et r\u00e9glables. Mousqueton inclus.<\/P><\/p>\n","protected":false},"featured_media":22185,"comment_status":"open","ping_status":"closed","template":"","meta":[],"product_brand":[],"product_cat":[599,732,690],"product_tag":[4400],"class_list":{"0":"post-22228","1":"product","2":"type-product","3":"status-publish","4":"has-post-thumbnail","6":"product_cat-attaches-en-cuir","7":"product_cat-best-seller","8":"product_cat-bondage-fr","9":"product_tag-hml-fetish-original-fr","10":"product_shipping_class-colis-fr","12":"first","13":"instock","14":"taxable","15":"shipping-taxable","16":"purchasable","17":"product-type-variable"},"_links":{"self":[{"href":"https:\/\/www.hml-fetish.de\/shop\/fr\/wp-json\/wp\/v2\/product\/22228","targetHints":{"allow":["GET"]}}],"collection":[{"href":"https:\/\/www.hml-fetish.de\/shop\/fr\/wp-json\/wp\/v2\/product"}],"about":[{"href":"https:\/\/www.hml-fetish.de\/shop\/fr\/wp-json\/wp\/v2\/types\/product"}],"replies":[{"embeddable":true,"href":"https:\/\/www.hml-fetish.de\/shop\/fr\/wp-json\/wp\/v2\/comments?post=22228"}],"version-history":[{"count":0,"href":"https:\/\/www.hml-fetish.de\/shop\/fr\/wp-json\/wp\/v2\/product\/22228\/revisions"}],"wp:featuredmedia":[{"embeddable":true,"href":"https:\/\/www.hml-fetish.de\/shop\/fr\/wp-json\/wp\/v2\/media\/22185"}],"wp:attachment":[{"href":"https:\/\/www.hml-fetish.de\/shop\/fr\/wp-json\/wp\/v2\/media?parent=22228"}],"wp:term":[{"taxonomy":"product_brand","embeddable":true,"href":"https:\/\/www.hml-fetish.de\/shop\/fr\/wp-json\/wp\/v2\/product_brand?post=22228"},{"taxonomy":"product_cat","embeddable":true,"href":"https:\/\/www.hml-fetish.de\/shop\/fr\/wp-json\/wp\/v2\/product_cat?post=22228"},{"taxonomy":"product_tag","embeddable":true,"href":"https:\/\/www.hml-fetish.de\/shop\/fr\/wp-json\/wp\/v2\/product_tag?post=22228"}],"curies":[{"name":"wp","href":"https:\/\/api.w.org\/{rel}","templated":true}]}}