{"id":22120,"date":"2022-01-23T22:49:16","date_gmt":"2022-01-23T21:49:16","guid":{"rendered":"https:\/\/www.hml-fetish.de\/shop\/attaches-en-cuir-couleurs-6-cm-de-large\/"},"modified":"2022-04-30T12:01:32","modified_gmt":"2022-04-30T10:01:32","slug":"attaches-en-cuir-couleurs-6-cm-de-large","status":"publish","type":"product","link":"https:\/\/www.hml-fetish.de\/shop\/fr\/attaches-en-cuir-couleurs-6-cm-de-large\/","title":{"rendered":"Attaches en cuir couleurs 6 cm de large"},"content":{"rendered":"<p><P>Voici la version personnalisable dans les coloris de ton choix. La qualit\u00e9 HML-Fetish avec sa finition exceptionelle en nappa de vache doubl\u00e9. Extra r\u00e9sistant grace qu double rivetage. Bords pli\u00e9s donc arrondis et doux. Carabine double comprise.<\/P><br \/>\n<P>Livr\u00e9 ici en version personnalisable : Choisissez la couleur de la ceinture sup\u00e9rieure (\u00e0 boucle) et recevez un outil unique pour votre salle de jeux. La ceinture inf\u00e9rieure est noire et donne un contraste chaud.<br \/>\n<BR><IMG SRC=\"\/GIF\/HF13.gif\" WIDTH=\"340\" HEIGHT=\"272\" BORDER=\"1\" ALT=\"couleur?\" TITLE=\"couleur?\"><\/P><\/p>\n","protected":false},"excerpt":{"rendered":"<h4>Attaches en cuir couleurs 6 cm de large<\/h4>\n<p><P>Voici la version personnalisable dans les coloris de ton choix. La qualit\u00e9 HML Fetish avec sa finition exceptionelle en nappa de vache doubl\u00e9. Extra r\u00e9sistant grace qu double rivetage. Bords pli\u00e9s donc arrondis et doux. Carabine double comprise.<\/P><\/p>\n","protected":false},"featured_media":22072,"comment_status":"open","ping_status":"closed","template":"","meta":[],"product_brand":[],"product_cat":[599,690,720],"product_tag":[4400],"class_list":{"0":"post-22120","1":"product","2":"type-product","3":"status-publish","4":"has-post-thumbnail","6":"product_cat-attaches-en-cuir","7":"product_cat-bondage-fr","8":"product_cat-code-hanky","9":"product_tag-hml-fetish-original-fr","10":"product_shipping_class-colis-fr","12":"first","13":"instock","14":"taxable","15":"shipping-taxable","16":"purchasable","17":"product-type-variable"},"_links":{"self":[{"href":"https:\/\/www.hml-fetish.de\/shop\/fr\/wp-json\/wp\/v2\/product\/22120","targetHints":{"allow":["GET"]}}],"collection":[{"href":"https:\/\/www.hml-fetish.de\/shop\/fr\/wp-json\/wp\/v2\/product"}],"about":[{"href":"https:\/\/www.hml-fetish.de\/shop\/fr\/wp-json\/wp\/v2\/types\/product"}],"replies":[{"embeddable":true,"href":"https:\/\/www.hml-fetish.de\/shop\/fr\/wp-json\/wp\/v2\/comments?post=22120"}],"version-history":[{"count":0,"href":"https:\/\/www.hml-fetish.de\/shop\/fr\/wp-json\/wp\/v2\/product\/22120\/revisions"}],"wp:featuredmedia":[{"embeddable":true,"href":"https:\/\/www.hml-fetish.de\/shop\/fr\/wp-json\/wp\/v2\/media\/22072"}],"wp:attachment":[{"href":"https:\/\/www.hml-fetish.de\/shop\/fr\/wp-json\/wp\/v2\/media?parent=22120"}],"wp:term":[{"taxonomy":"product_brand","embeddable":true,"href":"https:\/\/www.hml-fetish.de\/shop\/fr\/wp-json\/wp\/v2\/product_brand?post=22120"},{"taxonomy":"product_cat","embeddable":true,"href":"https:\/\/www.hml-fetish.de\/shop\/fr\/wp-json\/wp\/v2\/product_cat?post=22120"},{"taxonomy":"product_tag","embeddable":true,"href":"https:\/\/www.hml-fetish.de\/shop\/fr\/wp-json\/wp\/v2\/product_tag?post=22120"}],"curies":[{"name":"wp","href":"https:\/\/api.w.org\/{rel}","templated":true}]}}