{"id":22063,"date":"2022-01-23T22:49:17","date_gmt":"2022-01-23T21:49:17","guid":{"rendered":"https:\/\/www.hml-fetish.de\/shop\/attaches-cuir-velcro\/"},"modified":"2025-01-28T12:23:15","modified_gmt":"2025-01-28T11:23:15","slug":"attaches-cuir-velcro","status":"publish","type":"product","link":"https:\/\/www.hml-fetish.de\/shop\/fr\/attaches-cuir-velcro\/","title":{"rendered":"Attaches cuir velcro"},"content":{"rendered":"<p><P>Voil\u00e0 notre d\u00e9finition de s\u00e9curit\u00e9: nos attache-mains en cuir doux, large de 5 cm, qui ferme avec un velcro aussi simple qu&#8217;efficace. Elle trouvent leur place dans toute poche et, une fois mise, immobilisent les mains de ta victime comme il le faut. Enti\u00e8rement cousues, elle ne contiennent pas de m\u00e9tal sauf les anneaux en D et la carabine! Les coutures solides tiennent bien mieux qu&#8217;un rivet ne le pourrait!<\/P><br \/>\n<P>Largeur 3,0\/5,0 cm. Taille universelle. <a HREF=\"http:\/\/www.toytorture.com\/hml-velcro-leather-hand-restraints\/\" TARGET=\"neu\">Vous voulez savoir comment elles sont en action ? Voici une revue int\u00e9ressante sur nos attaches en velcro. Amusez-vous bien et comparez ! Vous verrez certainement ce qui rend le &#8220;made in Germany&#8221; unique.<\/A><br \/>\n<P><B>S\u00e9curit\u00e9 du produit:<\/B><BR>.<br \/>\nInformation sur les allergies : Mat\u00e9riau cuir de vachette, les parties m\u00e9talliques en contact avec la peau sont exemptes de rouille et de nickel<BR>.<br \/>\nPersonne responsable<BR><br \/>\nHML, propri\u00e9taire Dr. Detlef Moller<BR><br \/>\nNeukirchstra\u00dfe 18<BR><br \/>\n28215 Br\u00eame<BR><br \/>\nAllemagne<BR><br \/>\ninfo@hml-fetish.de<\/P><\/p>\n","protected":false},"excerpt":{"rendered":"<h4>Attaches cuir velcro<\/h4>\n<p><P>Voil\u00e0 notre d\u00e9finition de s\u00e9curit\u00e9: nos attache-mains en cuir doux, large de 5 cm, qui ferme avec un velcro aussi simple qu&#8217;efficace. Elle trouvent leur place dans toute poche et, une fois mise, immobilisent les mains de ta victime comme il le faut. Enti\u00e8rement cousues, elle ne contiennent pas de m\u00e9tal sauf les anneaux en D et la carabine! Les coutures solides tiennent bien mieux qu&#8217;un rivet ne le pourrait!<\/P><\/p>\n","protected":false},"featured_media":35091,"comment_status":"open","ping_status":"closed","template":"","meta":[],"product_brand":[],"product_cat":[599,732,690],"product_tag":[4400],"class_list":{"0":"post-22063","1":"product","2":"type-product","3":"status-publish","4":"has-post-thumbnail","6":"product_cat-attaches-en-cuir","7":"product_cat-best-seller","8":"product_cat-bondage-fr","9":"product_tag-hml-fetish-original-fr","10":"product_shipping_class-colis-fr","12":"first","13":"instock","14":"taxable","15":"shipping-taxable","16":"purchasable","17":"product-type-variable"},"_links":{"self":[{"href":"https:\/\/www.hml-fetish.de\/shop\/fr\/wp-json\/wp\/v2\/product\/22063","targetHints":{"allow":["GET"]}}],"collection":[{"href":"https:\/\/www.hml-fetish.de\/shop\/fr\/wp-json\/wp\/v2\/product"}],"about":[{"href":"https:\/\/www.hml-fetish.de\/shop\/fr\/wp-json\/wp\/v2\/types\/product"}],"replies":[{"embeddable":true,"href":"https:\/\/www.hml-fetish.de\/shop\/fr\/wp-json\/wp\/v2\/comments?post=22063"}],"version-history":[{"count":0,"href":"https:\/\/www.hml-fetish.de\/shop\/fr\/wp-json\/wp\/v2\/product\/22063\/revisions"}],"wp:featuredmedia":[{"embeddable":true,"href":"https:\/\/www.hml-fetish.de\/shop\/fr\/wp-json\/wp\/v2\/media\/35091"}],"wp:attachment":[{"href":"https:\/\/www.hml-fetish.de\/shop\/fr\/wp-json\/wp\/v2\/media?parent=22063"}],"wp:term":[{"taxonomy":"product_brand","embeddable":true,"href":"https:\/\/www.hml-fetish.de\/shop\/fr\/wp-json\/wp\/v2\/product_brand?post=22063"},{"taxonomy":"product_cat","embeddable":true,"href":"https:\/\/www.hml-fetish.de\/shop\/fr\/wp-json\/wp\/v2\/product_cat?post=22063"},{"taxonomy":"product_tag","embeddable":true,"href":"https:\/\/www.hml-fetish.de\/shop\/fr\/wp-json\/wp\/v2\/product_tag?post=22063"}],"curies":[{"name":"wp","href":"https:\/\/api.w.org\/{rel}","templated":true}]}}