{"id":22005,"date":"2022-01-23T22:49:17","date_gmt":"2022-01-23T21:49:17","guid":{"rendered":"https:\/\/www.hml-fetish.de\/shop\/attaches-cuir-velcro-large\/"},"modified":"2023-02-03T08:10:06","modified_gmt":"2023-02-03T07:10:06","slug":"attaches-cuir-velcro-large","status":"publish","type":"product","link":"https:\/\/www.hml-fetish.de\/shop\/fr\/attaches-cuir-velcro-large\/","title":{"rendered":"Attaches cuir, velcro large"},"content":{"rendered":"<p><P>Voil\u00e0 notre d\u00e9finition de s\u00e9curit\u00e9: nos attaches en cuir doux, large de 7,5 cm, qui ferme avec un velcro aussi simple qu&#8217;efficace. Elle trouvent leur place dans toute poche et, une fois mise, immobilisent les mains de ta victime comme il le faut. Enti\u00e8rement cousues, elle ne contiennent pas de m\u00e9tal sauf les anneaux en D et la carabine! Les coutures solides tiennent bien mieux qu&#8217;un rivet ne le pourrait!<\/P><br \/>\n<P>Largeur 5,0\/7,5 cm. <a HREF=\"http:\/\/www.toytorture.com\/hml-velcro-leather-hand-restraints\/\" TARGET=\"neu\">Vous voulez savoir comment elles sont en action ? Voici une revue int\u00e9ressante sur nos attaches en velcro. Amusez-vous bien et comparez ! Vous verrez certainement ce qui rend le &#8220;made in Germany&#8221; unique.<\/A><\/p>\n","protected":false},"excerpt":{"rendered":"<h4>Attaches cuir, velcro large<\/h4>\n<p><P>Voil\u00e0 notre d\u00e9finition de s\u00e9curit\u00e9: nos attaches en cuir doux, large de 7,5 cm, qui ferme avec un velcro aussi simple qu&#8217;efficace. Elle trouvent leur place dans toute poche et, une fois mise, immobilisent les mains de ta victime comme il le faut. Enti\u00e8rement cousues, elle ne contiennent pas de m\u00e9tal sauf les anneaux en D et la carabine! Les coutures solides tiennent bien mieux qu&#8217;un rivet ne le pourrait!<\/P><\/p>\n","protected":false},"featured_media":21979,"comment_status":"open","ping_status":"closed","template":"","meta":[],"product_brand":[],"product_cat":[599,690,736],"product_tag":[4400],"class_list":{"0":"post-22005","1":"product","2":"type-product","3":"status-publish","4":"has-post-thumbnail","6":"product_cat-attaches-en-cuir","7":"product_cat-bondage-fr","8":"product_cat-nouveau-hml","9":"product_tag-hml-fetish-original-fr","10":"product_shipping_class-colis-fr","12":"first","13":"instock","14":"sale","15":"taxable","16":"shipping-taxable","17":"purchasable","18":"product-type-variable"},"_links":{"self":[{"href":"https:\/\/www.hml-fetish.de\/shop\/fr\/wp-json\/wp\/v2\/product\/22005","targetHints":{"allow":["GET"]}}],"collection":[{"href":"https:\/\/www.hml-fetish.de\/shop\/fr\/wp-json\/wp\/v2\/product"}],"about":[{"href":"https:\/\/www.hml-fetish.de\/shop\/fr\/wp-json\/wp\/v2\/types\/product"}],"replies":[{"embeddable":true,"href":"https:\/\/www.hml-fetish.de\/shop\/fr\/wp-json\/wp\/v2\/comments?post=22005"}],"version-history":[{"count":0,"href":"https:\/\/www.hml-fetish.de\/shop\/fr\/wp-json\/wp\/v2\/product\/22005\/revisions"}],"wp:featuredmedia":[{"embeddable":true,"href":"https:\/\/www.hml-fetish.de\/shop\/fr\/wp-json\/wp\/v2\/media\/21979"}],"wp:attachment":[{"href":"https:\/\/www.hml-fetish.de\/shop\/fr\/wp-json\/wp\/v2\/media?parent=22005"}],"wp:term":[{"taxonomy":"product_brand","embeddable":true,"href":"https:\/\/www.hml-fetish.de\/shop\/fr\/wp-json\/wp\/v2\/product_brand?post=22005"},{"taxonomy":"product_cat","embeddable":true,"href":"https:\/\/www.hml-fetish.de\/shop\/fr\/wp-json\/wp\/v2\/product_cat?post=22005"},{"taxonomy":"product_tag","embeddable":true,"href":"https:\/\/www.hml-fetish.de\/shop\/fr\/wp-json\/wp\/v2\/product_tag?post=22005"}],"curies":[{"name":"wp","href":"https:\/\/api.w.org\/{rel}","templated":true}]}}