{"id":21890,"date":"2022-01-23T22:49:18","date_gmt":"2022-01-23T21:49:18","guid":{"rendered":"https:\/\/www.hml-fetish.de\/shop\/army-sergeant-first-class-taille-32-l\/"},"modified":"2022-01-23T22:49:18","modified_gmt":"2022-01-23T21:49:18","slug":"army-sergeant-first-class-taille-32-l","status":"publish","type":"product","link":"https:\/\/www.hml-fetish.de\/shop\/fr\/army-sergeant-first-class-taille-32-l\/","title":{"rendered":"Army Sergeant First Class taille 32-L"},"content":{"rendered":"<p><P>Un uniforme d&#8217;\u00e9t\u00e9 original de l&#8217;US Army Class B army-tan 445. Il est ici port\u00e9 par un sergent de premi\u00e8re classe (comparable \u00e0 un sergent-major). Cet uniforme original est comme neuf, en tissu a\u00e9r\u00e9, avec des plis (shirt with durable pressed military creases). Le pantalon en taille 32\/36 (env. 81 cm \u00e0 la taille, 91 cm \u00e0 l&#8217;entrejambe), la chemise en taille L (large). Complet, authentique, y compris la ceinture, les \u00e9cussons de manches, l&#8217;insigne de l&#8217;association, la distinction de tir et quatre m\u00e9dailles (ribbons). Pas d&#8217;exp\u00e9dition vers les \u00c9tats-Unis. Ne pas porter en public!<\/P><\/p>\n","protected":false},"excerpt":{"rendered":"<h4>Army Sergeant First Class taille 32-L<\/h4>\n<p><P>Un uniforme d&#8217;\u00e9t\u00e9 original de l&#8217;US Army Class B army-tan 445. Il est ici port\u00e9 par un sergent de premi\u00e8re classe (comparable \u00e0 un sergent-major). Cet uniforme original est comme neuf, en tissu a\u00e9r\u00e9, avec des plis (shirt with durable pressed military creases). Le pantalon en taille 32\/36 (env. 81 cm \u00e0 la taille, 91 cm \u00e0 l&#8217;entrejambe), la chemise en taille L (large). Complet, authentique, y compris la ceinture, les \u00e9cussons de manches, l&#8217;insigne de l&#8217;association, la distinction de tir et quatre m\u00e9dailles (ribbons). Pas d&#8217;exp\u00e9dition vers les \u00c9tats-Unis. Ne pas porter en public!<\/P><\/p>\n","protected":false},"featured_media":21876,"comment_status":"open","ping_status":"closed","template":"","meta":[],"product_brand":[],"product_cat":[734,644],"product_tag":[],"class_list":{"0":"post-21890","1":"product","2":"type-product","3":"status-publish","4":"has-post-thumbnail","6":"product_cat-promotion","7":"product_cat-uniformes","8":"product_shipping_class-colis-fr","10":"first","11":"instock","12":"sale","13":"taxable","14":"shipping-taxable","15":"purchasable","16":"product-type-simple"},"_links":{"self":[{"href":"https:\/\/www.hml-fetish.de\/shop\/fr\/wp-json\/wp\/v2\/product\/21890","targetHints":{"allow":["GET"]}}],"collection":[{"href":"https:\/\/www.hml-fetish.de\/shop\/fr\/wp-json\/wp\/v2\/product"}],"about":[{"href":"https:\/\/www.hml-fetish.de\/shop\/fr\/wp-json\/wp\/v2\/types\/product"}],"replies":[{"embeddable":true,"href":"https:\/\/www.hml-fetish.de\/shop\/fr\/wp-json\/wp\/v2\/comments?post=21890"}],"version-history":[{"count":0,"href":"https:\/\/www.hml-fetish.de\/shop\/fr\/wp-json\/wp\/v2\/product\/21890\/revisions"}],"wp:featuredmedia":[{"embeddable":true,"href":"https:\/\/www.hml-fetish.de\/shop\/fr\/wp-json\/wp\/v2\/media\/21876"}],"wp:attachment":[{"href":"https:\/\/www.hml-fetish.de\/shop\/fr\/wp-json\/wp\/v2\/media?parent=21890"}],"wp:term":[{"taxonomy":"product_brand","embeddable":true,"href":"https:\/\/www.hml-fetish.de\/shop\/fr\/wp-json\/wp\/v2\/product_brand?post=21890"},{"taxonomy":"product_cat","embeddable":true,"href":"https:\/\/www.hml-fetish.de\/shop\/fr\/wp-json\/wp\/v2\/product_cat?post=21890"},{"taxonomy":"product_tag","embeddable":true,"href":"https:\/\/www.hml-fetish.de\/shop\/fr\/wp-json\/wp\/v2\/product_tag?post=21890"}],"curies":[{"name":"wp","href":"https:\/\/api.w.org\/{rel}","templated":true}]}}