{"id":21872,"date":"2022-01-23T22:49:19","date_gmt":"2022-01-23T21:49:19","guid":{"rendered":"https:\/\/www.hml-fetish.de\/shop\/cya-officer-taille-34-m\/"},"modified":"2022-01-23T22:49:19","modified_gmt":"2022-01-23T21:49:19","slug":"cya-officer-taille-34-m","status":"publish","type":"product","link":"https:\/\/www.hml-fetish.de\/shop\/fr\/cya-officer-taille-34-m\/","title":{"rendered":"CYA Officer taille 34-M"},"content":{"rendered":"<p><P>La California Youth Authority fait partie du California Department of Corrections et est responsable des gar\u00e7ons de moins de 25 ans qui ont commis des d\u00e9lits graves. Voici l&#8217;uniforme d&#8217;un collaborateur arm\u00e9 de la CYA, sp\u00e9cialement entra\u00een\u00e9 pour les pr\u00e9sentations au tribunal. Tu peux obtenir le pantalon d&#8217;\u00e9t\u00e9 vert olive en taille 34\/29 (avec un tour de taille d&#8217;environ 87 cm et une longueur d&#8217;entrejambe de 74 cm), le polo beige en taille M (medium). Le polo est livr\u00e9 avec les insignes cousus dessus.<\/P><br \/>\n<P>Tu recevras \u00e9galement le gros \u00e9quipement de ceinture. Avec un ceinturon en nylon, une grande poche pour les menottes, un holster Mini-MagLite, un porte-cl\u00e9s, un holster pour pistolet incluant ( !) l&#8217;arme d\u00e9corative Walther P99 ainsi qu&#8217;une poche pour le chargeur. Complet et neuf ! Un uniforme plus que rare. L&#8217;accroche-regard!<\/P><\/p>\n","protected":false},"excerpt":{"rendered":"<h4>CYA Officer taille 34-M<\/h4>\n<p><P>La California Youth Authority fait partie du California Department of Corrections et est responsable des gar\u00e7ons de moins de 25 ans qui ont commis des d\u00e9lits graves. Voici l&#8217;uniforme d&#8217;un collaborateur arm\u00e9 de la CYA, sp\u00e9cialement entra\u00een\u00e9 pour les pr\u00e9sentations au tribunal. Tu peux obtenir le pantalon d&#8217;\u00e9t\u00e9 vert olive en taille 34\/29 (avec un tour de taille d&#8217;environ 87 cm et une longueur d&#8217;entrejambe de 74 cm), le polo beige en taille M (medium). Le polo est livr\u00e9 avec les insignes cousus dessus.<\/P><\/p>\n","protected":false},"featured_media":21850,"comment_status":"open","ping_status":"closed","template":"","meta":[],"product_brand":[],"product_cat":[644],"product_tag":[],"class_list":{"0":"post-21872","1":"product","2":"type-product","3":"status-publish","4":"has-post-thumbnail","6":"product_cat-uniformes","7":"product_shipping_class-colis-fr","9":"first","10":"instock","11":"sale","12":"taxable","13":"shipping-taxable","14":"purchasable","15":"product-type-simple"},"_links":{"self":[{"href":"https:\/\/www.hml-fetish.de\/shop\/fr\/wp-json\/wp\/v2\/product\/21872","targetHints":{"allow":["GET"]}}],"collection":[{"href":"https:\/\/www.hml-fetish.de\/shop\/fr\/wp-json\/wp\/v2\/product"}],"about":[{"href":"https:\/\/www.hml-fetish.de\/shop\/fr\/wp-json\/wp\/v2\/types\/product"}],"replies":[{"embeddable":true,"href":"https:\/\/www.hml-fetish.de\/shop\/fr\/wp-json\/wp\/v2\/comments?post=21872"}],"version-history":[{"count":0,"href":"https:\/\/www.hml-fetish.de\/shop\/fr\/wp-json\/wp\/v2\/product\/21872\/revisions"}],"wp:featuredmedia":[{"embeddable":true,"href":"https:\/\/www.hml-fetish.de\/shop\/fr\/wp-json\/wp\/v2\/media\/21850"}],"wp:attachment":[{"href":"https:\/\/www.hml-fetish.de\/shop\/fr\/wp-json\/wp\/v2\/media?parent=21872"}],"wp:term":[{"taxonomy":"product_brand","embeddable":true,"href":"https:\/\/www.hml-fetish.de\/shop\/fr\/wp-json\/wp\/v2\/product_brand?post=21872"},{"taxonomy":"product_cat","embeddable":true,"href":"https:\/\/www.hml-fetish.de\/shop\/fr\/wp-json\/wp\/v2\/product_cat?post=21872"},{"taxonomy":"product_tag","embeddable":true,"href":"https:\/\/www.hml-fetish.de\/shop\/fr\/wp-json\/wp\/v2\/product_tag?post=21872"}],"curies":[{"name":"wp","href":"https:\/\/api.w.org\/{rel}","templated":true}]}}