{"id":21792,"date":"2022-01-23T22:49:27","date_gmt":"2022-01-23T21:49:27","guid":{"rendered":"https:\/\/www.hml-fetish.de\/shop\/hml-jeans-en-cuir\/"},"modified":"2023-01-22T13:21:19","modified_gmt":"2023-01-22T12:21:19","slug":"hml-jeans-en-cuir","status":"publish","type":"product","link":"https:\/\/www.hml-fetish.de\/shop\/fr\/hml-jeans-en-cuir\/","title":{"rendered":"HML Jeans en cuir"},"content":{"rendered":"<p><P>La coupe de nos jeans en cuir est bien moulante, tout comme elle doit l&#8217;\u00eatre! Au d\u00e9but, tout nouveau fute en cuir para\u00eet un peu serr\u00e9. Mais il s&#8217;alignera \u00e0 ton corps apr\u00e8s peu de temps pour te permettre des mouvements comfortables. Pour \u00eatre parfaitement seyant, il est donc n\u00e9cessaire que la taille choisie soit un peu serr\u00e9e.<\/P><br \/>\n<P>Un jeans 5 poches \u00e0 la braguette boutonn\u00e9e ou avec une fermeture \u00e9clair, non doubl\u00e9 (bien s\u00fbr!) et des boucles de ceinture extra larges pour les grosses ceintures. Les jambes sont d&#8217;une seule pi\u00e9ce sans coutures aux genoux. Vachette de 1,1 mm d&#8217;\u00e9paisseur. Nous livrons les jeans avec les jambes extra-longues ce qui permet de les fixer \u00e0 la longueur individuelle ce qui est simple: tu le coupes \u00e0 la longueur desir\u00e9e, puis pourras rabattre 1 cm du bord et le coller. Alternativement, nous le ferons gratuitement pour toi.<\/P><br \/>\n<P><B>Remarque importante :<\/B> tu recevras exactement la taille indiqu\u00e9e ! Chez les fabricants de jeans, la taille r\u00e9elle diff\u00e8re (consid\u00e9rablement) des mesures indiqu\u00e9es. Chez Levi&#8217;s, les &#8220;32&#8221; ont une largeur de 33&#8243; \u00e0 35&#8243;, selon la coupe. Ne te fie donc pas aux indications, mais mesure toujours un jean bien ajust\u00e9 avec un m\u00e8tre \u00e0 l&#8217;int\u00e9rieur, le long de la ceinture. Cette mesure en pouces ou en cm est ta taille chez nous. Si tu n&#8217;es pas s\u00fbr(e), ajoute ta mesure dans le champ de commentaire lors de la commande !<br \/>\n(Traduit avec www.DeepL.com\/Translator)<BR><img decoding=\"async\" src=\"\/GIF\/sizefr_unisex_down.gif\" alt=\"tableau des tailles\" title=\"tableau des tailles\" border=\"0\" height=\"194\" width=\"114\">&nbsp;<img decoding=\"async\" src=\"\/GIF\/sizefr_bund.gif\" alt=\"tableau des tailles\" title=\"tableau des tailles\" border=\"0\" height=\"194\" width=\"134\"><\/P><\/p>\n","protected":false},"excerpt":{"rendered":"<h4>HML Jeans en cuir<\/h4>\n<p><P>La coupe de nos jeans en cuir est bien moulante, tout comme elle doit l&#8217;\u00eatre! Au d\u00e9but, tout nouveau fute en cuir para\u00eet un peu serr\u00e9. Mais il s&#8217;alignera \u00e0 ton corps apr\u00e8s peu de temps pour te permettre des mouvements comfortables. Pour \u00eatre parfaitement seyant, il est donc n\u00e9cessaire que la taille choisie soit un peu serr\u00e9e.<\/P><\/p>\n","protected":false},"featured_media":21722,"comment_status":"open","ping_status":"closed","template":"","meta":[],"product_brand":[],"product_cat":[732,585],"product_tag":[4400],"class_list":{"0":"post-21792","1":"product","2":"type-product","3":"status-publish","4":"has-post-thumbnail","6":"product_cat-best-seller","7":"product_cat-pantalons-chaps","8":"product_tag-hml-fetish-original-fr","9":"product_shipping_class-colis-fr","11":"first","12":"instock","13":"sale","14":"taxable","15":"shipping-taxable","16":"purchasable","17":"product-type-variable"},"_links":{"self":[{"href":"https:\/\/www.hml-fetish.de\/shop\/fr\/wp-json\/wp\/v2\/product\/21792","targetHints":{"allow":["GET"]}}],"collection":[{"href":"https:\/\/www.hml-fetish.de\/shop\/fr\/wp-json\/wp\/v2\/product"}],"about":[{"href":"https:\/\/www.hml-fetish.de\/shop\/fr\/wp-json\/wp\/v2\/types\/product"}],"replies":[{"embeddable":true,"href":"https:\/\/www.hml-fetish.de\/shop\/fr\/wp-json\/wp\/v2\/comments?post=21792"}],"version-history":[{"count":0,"href":"https:\/\/www.hml-fetish.de\/shop\/fr\/wp-json\/wp\/v2\/product\/21792\/revisions"}],"wp:featuredmedia":[{"embeddable":true,"href":"https:\/\/www.hml-fetish.de\/shop\/fr\/wp-json\/wp\/v2\/media\/21722"}],"wp:attachment":[{"href":"https:\/\/www.hml-fetish.de\/shop\/fr\/wp-json\/wp\/v2\/media?parent=21792"}],"wp:term":[{"taxonomy":"product_brand","embeddable":true,"href":"https:\/\/www.hml-fetish.de\/shop\/fr\/wp-json\/wp\/v2\/product_brand?post=21792"},{"taxonomy":"product_cat","embeddable":true,"href":"https:\/\/www.hml-fetish.de\/shop\/fr\/wp-json\/wp\/v2\/product_cat?post=21792"},{"taxonomy":"product_tag","embeddable":true,"href":"https:\/\/www.hml-fetish.de\/shop\/fr\/wp-json\/wp\/v2\/product_tag?post=21792"}],"curies":[{"name":"wp","href":"https:\/\/api.w.org\/{rel}","templated":true}]}}