{"id":21625,"date":"2022-01-23T22:49:28","date_gmt":"2022-01-23T21:49:28","guid":{"rendered":"https:\/\/www.hml-fetish.de\/shop\/hml-chaps-en-cuir\/"},"modified":"2023-01-22T13:29:33","modified_gmt":"2023-01-22T12:29:33","slug":"hml-chaps-en-cuir","status":"publish","type":"product","link":"https:\/\/www.hml-fetish.de\/shop\/fr\/hml-chaps-en-cuir\/","title":{"rendered":"HML Chaps en cuir"},"content":{"rendered":"<p><P>Sexe, pratique et un must: Le chaps en vachette noire luisante de 1,2 mm d&#8217;\u00e9paisseur. Les fermetures \u00e9clair en m\u00e9tal \u00e0 l&#8217;int\u00e9rieur des jambes sont solides, la ceinture est lac\u00e9e au dessus des fesses. devant, elle est ferm\u00e9e avec six pressions lourdes.<\/P><br \/>\n<P><B>Remarque importante :<\/B> tu recevras exactement la taille indiqu\u00e9e ! Chez les fabricants de jeans, la taille r\u00e9elle diff\u00e8re (consid\u00e9rablement) des mesures indiqu\u00e9es. Chez Levi&#8217;s, les &#8220;32&#8221; ont une largeur de 33&#8243; \u00e0 35&#8243;, selon la coupe. Ne te fie donc pas aux indications, mais mesure toujours un jean bien ajust\u00e9 avec un m\u00e8tre \u00e0 l&#8217;int\u00e9rieur, le long de la ceinture. Cette mesure en pouces ou en cm est ta taille chez nous. Si tu n&#8217;es pas s\u00fbr(e), ajoute ta mesure dans le champ de commentaire lors de la commande !<BR><br \/>\n(Traduit avec www.DeepL.com\/Translator)<br \/>\n<BR><img decoding=\"async\" src=\"\/GIF\/sizefr_unisex_down.gif\" alt=\"tableau des tailles\" title=\"tableau des tailles\" border=\"0\" height=\"194\" width=\"114\">&nbsp;<img decoding=\"async\" src=\"\/GIF\/sizefr_bund.gif\" alt=\"tableau des tailles\" title=\"tableau des tailles\" border=\"0\" height=\"194\" width=\"134\"><\/P><\/p>\n","protected":false},"excerpt":{"rendered":"<h4>HML Chaps en cuir<\/h4>\n<p><P>Sexe, pratique et un must: Le chaps en vachette noire luisante de 1,2 mm d&#8217;\u00e9paisseur. Les fermetures \u00e9clair en m\u00e9tal \u00e0 l&#8217;int\u00e9rieur des jambes sont solides, la ceinture est lac\u00e9e au dessus des fesses. devant, elle est ferm\u00e9e avec six pressions lourdes.<\/P><\/p>\n","protected":false},"featured_media":21569,"comment_status":"open","ping_status":"closed","template":"","meta":[],"product_brand":[],"product_cat":[732,714,585],"product_tag":[4397,4400],"class_list":{"0":"post-21625","1":"product","2":"type-product","3":"status-publish","4":"has-post-thumbnail","6":"product_cat-best-seller","7":"product_cat-dungeon-fr","8":"product_cat-pantalons-chaps","9":"product_tag-best-seller-cuir","10":"product_tag-hml-fetish-original-fr","11":"product_shipping_class-colis-fr","13":"first","14":"instock","15":"taxable","16":"shipping-taxable","17":"purchasable","18":"product-type-variable"},"_links":{"self":[{"href":"https:\/\/www.hml-fetish.de\/shop\/fr\/wp-json\/wp\/v2\/product\/21625","targetHints":{"allow":["GET"]}}],"collection":[{"href":"https:\/\/www.hml-fetish.de\/shop\/fr\/wp-json\/wp\/v2\/product"}],"about":[{"href":"https:\/\/www.hml-fetish.de\/shop\/fr\/wp-json\/wp\/v2\/types\/product"}],"replies":[{"embeddable":true,"href":"https:\/\/www.hml-fetish.de\/shop\/fr\/wp-json\/wp\/v2\/comments?post=21625"}],"version-history":[{"count":0,"href":"https:\/\/www.hml-fetish.de\/shop\/fr\/wp-json\/wp\/v2\/product\/21625\/revisions"}],"wp:featuredmedia":[{"embeddable":true,"href":"https:\/\/www.hml-fetish.de\/shop\/fr\/wp-json\/wp\/v2\/media\/21569"}],"wp:attachment":[{"href":"https:\/\/www.hml-fetish.de\/shop\/fr\/wp-json\/wp\/v2\/media?parent=21625"}],"wp:term":[{"taxonomy":"product_brand","embeddable":true,"href":"https:\/\/www.hml-fetish.de\/shop\/fr\/wp-json\/wp\/v2\/product_brand?post=21625"},{"taxonomy":"product_cat","embeddable":true,"href":"https:\/\/www.hml-fetish.de\/shop\/fr\/wp-json\/wp\/v2\/product_cat?post=21625"},{"taxonomy":"product_tag","embeddable":true,"href":"https:\/\/www.hml-fetish.de\/shop\/fr\/wp-json\/wp\/v2\/product_tag?post=21625"}],"curies":[{"name":"wp","href":"https:\/\/api.w.org\/{rel}","templated":true}]}}