{"id":21481,"date":"2022-01-23T22:49:28","date_gmt":"2022-01-23T21:49:28","guid":{"rendered":"https:\/\/www.hml-fetish.de\/shop\/culotte-courte-bavaroise-en-cuir\/"},"modified":"2022-01-23T22:49:28","modified_gmt":"2022-01-23T21:49:28","slug":"culotte-courte-bavaroise-en-cuir","status":"publish","type":"product","link":"https:\/\/www.hml-fetish.de\/shop\/fr\/culotte-courte-bavaroise-en-cuir\/","title":{"rendered":"Culotte courte bavaroise en cuir"},"content":{"rendered":"<p><P>Import\u00e9e directement de la Bavi\u00e8re d&#8217;un atelier artisanal: une culotte courte originale en vachette noire avec tous les d\u00e9tails typiques comme le gousset derri\u00e8re ou la petite poche \u00e0 couteau. Et m\u00eame les boutons pour les bretelles bavaroises sont l\u00e0. Jusqu&#8217;\u00e0 \u00e9puisement des stocks!<br \/>\n<BR><img decoding=\"async\" src=\"\/GIF\/sizefr_unisex_down.gif\" alt=\"tableau des tailles\" title=\"tableau des tailles\" border=\"0\" height=\"194\" width=\"114\"><\/P><\/p>\n","protected":false},"excerpt":{"rendered":"<h4>Culotte courte bavaroise en cuir<\/h4>\n<p><P>Import\u00e9e directement de la Bavi\u00e8re d&#8217;un atelier artisanal: une culotte courte originale en vachette noire avec tous les d\u00e9tails typiques comme le gousset derri\u00e8re ou la petite poche \u00e0 couteau. Et m\u00eame les boutons pour les bretelles bavaroises sont l\u00e0.<\/P><\/p>\n","protected":false},"featured_media":21457,"comment_status":"open","ping_status":"closed","template":"","meta":[],"product_brand":[],"product_cat":[585,734],"product_tag":[],"class_list":{"0":"post-21481","1":"product","2":"type-product","3":"status-publish","4":"has-post-thumbnail","6":"product_cat-pantalons-chaps","7":"product_cat-promotion","8":"product_shipping_class-colis-fr","10":"first","11":"instock","12":"sale","13":"taxable","14":"shipping-taxable","15":"purchasable","16":"product-type-variable"},"_links":{"self":[{"href":"https:\/\/www.hml-fetish.de\/shop\/fr\/wp-json\/wp\/v2\/product\/21481","targetHints":{"allow":["GET"]}}],"collection":[{"href":"https:\/\/www.hml-fetish.de\/shop\/fr\/wp-json\/wp\/v2\/product"}],"about":[{"href":"https:\/\/www.hml-fetish.de\/shop\/fr\/wp-json\/wp\/v2\/types\/product"}],"replies":[{"embeddable":true,"href":"https:\/\/www.hml-fetish.de\/shop\/fr\/wp-json\/wp\/v2\/comments?post=21481"}],"version-history":[{"count":0,"href":"https:\/\/www.hml-fetish.de\/shop\/fr\/wp-json\/wp\/v2\/product\/21481\/revisions"}],"wp:featuredmedia":[{"embeddable":true,"href":"https:\/\/www.hml-fetish.de\/shop\/fr\/wp-json\/wp\/v2\/media\/21457"}],"wp:attachment":[{"href":"https:\/\/www.hml-fetish.de\/shop\/fr\/wp-json\/wp\/v2\/media?parent=21481"}],"wp:term":[{"taxonomy":"product_brand","embeddable":true,"href":"https:\/\/www.hml-fetish.de\/shop\/fr\/wp-json\/wp\/v2\/product_brand?post=21481"},{"taxonomy":"product_cat","embeddable":true,"href":"https:\/\/www.hml-fetish.de\/shop\/fr\/wp-json\/wp\/v2\/product_cat?post=21481"},{"taxonomy":"product_tag","embeddable":true,"href":"https:\/\/www.hml-fetish.de\/shop\/fr\/wp-json\/wp\/v2\/product_tag?post=21481"}],"curies":[{"name":"wp","href":"https:\/\/api.w.org\/{rel}","templated":true}]}}