{"id":21426,"date":"2022-01-23T22:49:29","date_gmt":"2022-01-23T21:49:29","guid":{"rendered":"https:\/\/www.hml-fetish.de\/shop\/pantalon-de-survet-en-cuir\/"},"modified":"2022-01-23T22:49:29","modified_gmt":"2022-01-23T21:49:29","slug":"pantalon-de-survet-en-cuir","status":"publish","type":"product","link":"https:\/\/www.hml-fetish.de\/shop\/fr\/pantalon-de-survet-en-cuir\/","title":{"rendered":"Pantalon de surv\u00eat en cuir"},"content":{"rendered":"<p><P>Confectionn\u00e9 exclusivement pour HML Fetish: aussi douce que durable, ce pantalon de surv\u00eat est travaill\u00e9 en vachette sp\u00e9ciale de 0,9 mm d&#8217;\u00e9paisseur. Sa brillance et sa souplesse l&#8217;apparentent au nappa d&#8217;agneau mais il est bien plus r\u00e9sistant que celui-ci. Le pantalon de surv\u00eat est coup\u00e9 un peu plus pr\u00e9s du corps que son mod\u00e8le en textile pour un confort maximum tout en \u00e9tant s\u00fbr que tes meilleures parties se dessinent bien sous le cuir \u00e0 chaque mouvement.<\/P><br \/>\n<P>Des fermetures \u00e9clair discr\u00e8tement couverts longent les jambes \u00e0 l&#8217;ext\u00e9rieur permettant un acc\u00e8s facile. Deux poches dvant \u00e9galement aux fermetures \u00e9clair. Non doubl\u00e9, of course, et avec une ceinture en cuir \u00e9lastique. Les bandes colori\u00e9es sont en cuir \u00e9galement. Jusqu&#8217;\u00e0 \u00e9puisement des stocks!<br \/>\n<BR><img decoding=\"async\" src=\"\/GIF\/sizefr_unisex_down.gif\" alt=\"tableau des tailles\" title=\"tableau des tailles\" border=\"0\" height=\"194\" width=\"114\">&nbsp;<img decoding=\"async\" src=\"\/GIF\/sizefr_bund.gif\" alt=\"tableau des tailles\" title=\"tableau des tailles\" border=\"0\" height=\"194\" width=\"134\"><\/P><\/p>\n","protected":false},"excerpt":{"rendered":"<h4>Pantalon de surv\u00eat en cuir<\/h4>\n<p><P>Confectionn\u00e9 exclusivement pour HML Fetish: aussi douce que durable, ce pantalon de surv\u00eat est travaill\u00e9 en vachette sp\u00e9ciale de 0,9 mm d&#8217;\u00e9paisseur. Sa brillance et sa souplesse l&#8217;apparentent au nappa d&#8217;agneau mais il est bien plus r\u00e9sistant que celui-ci. Le pantalon de surv\u00eat est coup\u00e9 un peu plus pr\u00e9s du corps que son mod\u00e8le en textile pour un confort maximum tout en \u00e9tant s\u00fbr que tes meilleures parties se dessinent bien sous le cuir \u00e0 chaque mouvement.<\/P><\/p>\n","protected":false},"featured_media":21381,"comment_status":"open","ping_status":"closed","template":"","meta":[],"product_brand":[],"product_cat":[585,734,660],"product_tag":[],"class_list":{"0":"post-21426","1":"product","2":"type-product","3":"status-publish","4":"has-post-thumbnail","6":"product_cat-pantalons-chaps","7":"product_cat-promotion","8":"product_cat-sportswear-fr","9":"product_shipping_class-colis-fr","11":"first","12":"instock","13":"sale","14":"taxable","15":"shipping-taxable","16":"purchasable","17":"product-type-variable"},"_links":{"self":[{"href":"https:\/\/www.hml-fetish.de\/shop\/fr\/wp-json\/wp\/v2\/product\/21426","targetHints":{"allow":["GET"]}}],"collection":[{"href":"https:\/\/www.hml-fetish.de\/shop\/fr\/wp-json\/wp\/v2\/product"}],"about":[{"href":"https:\/\/www.hml-fetish.de\/shop\/fr\/wp-json\/wp\/v2\/types\/product"}],"replies":[{"embeddable":true,"href":"https:\/\/www.hml-fetish.de\/shop\/fr\/wp-json\/wp\/v2\/comments?post=21426"}],"version-history":[{"count":0,"href":"https:\/\/www.hml-fetish.de\/shop\/fr\/wp-json\/wp\/v2\/product\/21426\/revisions"}],"wp:featuredmedia":[{"embeddable":true,"href":"https:\/\/www.hml-fetish.de\/shop\/fr\/wp-json\/wp\/v2\/media\/21381"}],"wp:attachment":[{"href":"https:\/\/www.hml-fetish.de\/shop\/fr\/wp-json\/wp\/v2\/media?parent=21426"}],"wp:term":[{"taxonomy":"product_brand","embeddable":true,"href":"https:\/\/www.hml-fetish.de\/shop\/fr\/wp-json\/wp\/v2\/product_brand?post=21426"},{"taxonomy":"product_cat","embeddable":true,"href":"https:\/\/www.hml-fetish.de\/shop\/fr\/wp-json\/wp\/v2\/product_cat?post=21426"},{"taxonomy":"product_tag","embeddable":true,"href":"https:\/\/www.hml-fetish.de\/shop\/fr\/wp-json\/wp\/v2\/product_tag?post=21426"}],"curies":[{"name":"wp","href":"https:\/\/api.w.org\/{rel}","templated":true}]}}