{"id":21363,"date":"2022-01-23T22:49:29","date_gmt":"2022-01-23T21:49:29","guid":{"rendered":"https:\/\/www.hml-fetish.de\/shop\/sous-chaps-en-cuir\/"},"modified":"2023-01-22T13:36:04","modified_gmt":"2023-01-22T12:36:04","slug":"sous-chaps-en-cuir","status":"publish","type":"product","link":"https:\/\/www.hml-fetish.de\/shop\/fr\/sous-chaps-en-cuir\/","title":{"rendered":"Sous-chaps en cuir"},"content":{"rendered":"<p><P>Le short \u00e0 porter en dessous des chaps qui se limite \u00e0 ce qui est strictement n\u00e9cessaire. Super moulant, sans boucles de ceinture, sans oublure, sans poches mais avec une fermeture \u00e9clair int\u00e9grale qui donne acc\u00e9s \u00e1 tout. Jusqu&#8217;\u00e0 \u00e9puisement des stocks!<\/P><br \/>\n<P><B>Remarque importante :<\/B> tu recevras exactement la taille indiqu\u00e9e ! Chez les fabricants de jeans, la taille r\u00e9elle diff\u00e8re (consid\u00e9rablement) des mesures indiqu\u00e9es. Chez Levi&#8217;s, les &#8220;32&#8221; ont une largeur de 33&#8243; \u00e0 35&#8243;, selon la coupe. Ne te fie donc pas aux indications, mais mesure toujours un jean bien ajust\u00e9 avec un m\u00e8tre \u00e0 l&#8217;int\u00e9rieur, le long de la ceinture. Cette mesure en pouces ou en cm est ta taille chez nous. Si tu n&#8217;es pas s\u00fbr(e), ajoute ta mesure dans le champ de commentaire lors de la commande !<BR><br \/>\n(Traduit avec www.DeepL.com\/Translator)<br \/>\n<BR><img decoding=\"async\" src=\"\/GIF\/sizefr_unisex_down.gif\" alt=\"tableau des tailles\" title=\"tableau des tailles\" border=\"0\" height=\"194\" width=\"114\"><\/P><\/p>\n","protected":false},"excerpt":{"rendered":"<h4>Sous-chaps en cuir<\/h4>\n<p><P>Le short \u00e0 porter en dessous des chaps qui se limite \u00e0 ce qui est strictement n\u00e9cessaire. Super moulant, sans boucles de ceinture, sans oublure, sans poches mais avec une fermeture \u00e9clair int\u00e9grale qui donne acc\u00e9s \u00e1 tout. Jusqu&#8217;\u00e0 \u00e9puisement des stocks!<\/P><\/p>\n","protected":false},"featured_media":21345,"comment_status":"open","ping_status":"closed","template":"","meta":[],"product_brand":[],"product_cat":[585,734],"product_tag":[],"class_list":{"0":"post-21363","1":"product","2":"type-product","3":"status-publish","4":"has-post-thumbnail","6":"product_cat-pantalons-chaps","7":"product_cat-promotion","8":"product_shipping_class-colis-fr","10":"first","11":"instock","12":"sale","13":"taxable","14":"shipping-taxable","15":"purchasable","16":"product-type-variable"},"_links":{"self":[{"href":"https:\/\/www.hml-fetish.de\/shop\/fr\/wp-json\/wp\/v2\/product\/21363","targetHints":{"allow":["GET"]}}],"collection":[{"href":"https:\/\/www.hml-fetish.de\/shop\/fr\/wp-json\/wp\/v2\/product"}],"about":[{"href":"https:\/\/www.hml-fetish.de\/shop\/fr\/wp-json\/wp\/v2\/types\/product"}],"replies":[{"embeddable":true,"href":"https:\/\/www.hml-fetish.de\/shop\/fr\/wp-json\/wp\/v2\/comments?post=21363"}],"version-history":[{"count":0,"href":"https:\/\/www.hml-fetish.de\/shop\/fr\/wp-json\/wp\/v2\/product\/21363\/revisions"}],"wp:featuredmedia":[{"embeddable":true,"href":"https:\/\/www.hml-fetish.de\/shop\/fr\/wp-json\/wp\/v2\/media\/21345"}],"wp:attachment":[{"href":"https:\/\/www.hml-fetish.de\/shop\/fr\/wp-json\/wp\/v2\/media?parent=21363"}],"wp:term":[{"taxonomy":"product_brand","embeddable":true,"href":"https:\/\/www.hml-fetish.de\/shop\/fr\/wp-json\/wp\/v2\/product_brand?post=21363"},{"taxonomy":"product_cat","embeddable":true,"href":"https:\/\/www.hml-fetish.de\/shop\/fr\/wp-json\/wp\/v2\/product_cat?post=21363"},{"taxonomy":"product_tag","embeddable":true,"href":"https:\/\/www.hml-fetish.de\/shop\/fr\/wp-json\/wp\/v2\/product_tag?post=21363"}],"curies":[{"name":"wp","href":"https:\/\/api.w.org\/{rel}","templated":true}]}}