{"id":21293,"date":"2022-01-23T22:49:30","date_gmt":"2022-01-23T21:49:30","guid":{"rendered":"https:\/\/www.hml-fetish.de\/shop\/jeans-a-coquille-codpiece-en-cuir\/"},"modified":"2023-01-22T13:41:51","modified_gmt":"2023-01-22T12:41:51","slug":"jeans-a-coquille-codpiece-en-cuir","status":"publish","type":"product","link":"https:\/\/www.hml-fetish.de\/shop\/fr\/jeans-a-coquille-codpiece-en-cuir\/","title":{"rendered":"Jeans \u00e0 coquille Codpiece en cuir"},"content":{"rendered":"<p><P>La coupe est celle de nos jeans moulants 5 poches en vachette noire haute de gamme de 1,1 mm d&#8217;\u00e9paisseur mais sans les poches devant. <br \/>En revanche, il y a une ouverture pratique couverte par une coquille tenue en place par des pressions mais facilement d\u00e9tachable.<\/P><br \/>\n<P>Non doubl\u00e9, bien s\u00fbr, et les jambes d&#8217;une seule pi\u00e8ce sans coutures aux genoux. Jusqu&#8217;\u00e0 \u00e9puisement des stocks!<\/P><br \/>\n<P><B>Remarque importante :<\/B> tu recevras exactement la taille indiqu\u00e9e ! Chez les fabricants de jeans, la taille r\u00e9elle diff\u00e8re (consid\u00e9rablement) des mesures indiqu\u00e9es. Chez Levi&#8217;s, les &#8220;32&#8221; ont une largeur de 33&#8243; \u00e0 35&#8243;, selon la coupe. Ne te fie donc pas aux indications, mais mesure toujours un jean bien ajust\u00e9 avec un m\u00e8tre \u00e0 l&#8217;int\u00e9rieur, le long de la ceinture. Cette mesure en pouces ou en cm est ta taille chez nous. Si tu n&#8217;es pas s\u00fbr(e), ajoute ta mesure dans le champ de commentaire lors de la commande !<BR><br \/>\n(Traduit avec www.DeepL.com\/Translator)<br \/>\n<BR><img decoding=\"async\" src=\"\/GIF\/sizefr_unisex_down.gif\" alt=\"tableau des tailles\" title=\"tableau des tailles\" border=\"0\" height=\"194\" width=\"114\">&nbsp;<img decoding=\"async\" src=\"\/GIF\/sizefr_bund.gif\" alt=\"tableau des tailles\" title=\"tableau des tailles\" border=\"0\" height=\"194\" width=\"134\"><\/P><\/p>\n","protected":false},"excerpt":{"rendered":"<h4>Jeans \u00e0 coquille Codpiece en cuir<\/h4>\n<p><P>La coupe est celle de nos jeans moulants 5 poches en vachette noire haute de gamme de 1,1 mm d&#8217;\u00e9paisseur mais sans les poches devant. <br \/>En revanche, il y a une ouverture pratique couverte par une coquille tenue en place par des pressions mais facilement d\u00e9tachable.<\/P><\/p>\n","protected":false},"featured_media":21267,"comment_status":"open","ping_status":"closed","template":"","meta":[],"product_brand":[],"product_cat":[585,734],"product_tag":[],"class_list":{"0":"post-21293","1":"product","2":"type-product","3":"status-publish","4":"has-post-thumbnail","6":"product_cat-pantalons-chaps","7":"product_cat-promotion","8":"product_shipping_class-colis-fr","10":"first","11":"instock","12":"sale","13":"taxable","14":"shipping-taxable","15":"purchasable","16":"product-type-variable"},"_links":{"self":[{"href":"https:\/\/www.hml-fetish.de\/shop\/fr\/wp-json\/wp\/v2\/product\/21293","targetHints":{"allow":["GET"]}}],"collection":[{"href":"https:\/\/www.hml-fetish.de\/shop\/fr\/wp-json\/wp\/v2\/product"}],"about":[{"href":"https:\/\/www.hml-fetish.de\/shop\/fr\/wp-json\/wp\/v2\/types\/product"}],"replies":[{"embeddable":true,"href":"https:\/\/www.hml-fetish.de\/shop\/fr\/wp-json\/wp\/v2\/comments?post=21293"}],"version-history":[{"count":0,"href":"https:\/\/www.hml-fetish.de\/shop\/fr\/wp-json\/wp\/v2\/product\/21293\/revisions"}],"wp:featuredmedia":[{"embeddable":true,"href":"https:\/\/www.hml-fetish.de\/shop\/fr\/wp-json\/wp\/v2\/media\/21267"}],"wp:attachment":[{"href":"https:\/\/www.hml-fetish.de\/shop\/fr\/wp-json\/wp\/v2\/media?parent=21293"}],"wp:term":[{"taxonomy":"product_brand","embeddable":true,"href":"https:\/\/www.hml-fetish.de\/shop\/fr\/wp-json\/wp\/v2\/product_brand?post=21293"},{"taxonomy":"product_cat","embeddable":true,"href":"https:\/\/www.hml-fetish.de\/shop\/fr\/wp-json\/wp\/v2\/product_cat?post=21293"},{"taxonomy":"product_tag","embeddable":true,"href":"https:\/\/www.hml-fetish.de\/shop\/fr\/wp-json\/wp\/v2\/product_tag?post=21293"}],"curies":[{"name":"wp","href":"https:\/\/api.w.org\/{rel}","templated":true}]}}