{"id":21143,"date":"2022-01-23T22:49:31","date_gmt":"2022-01-23T21:49:31","guid":{"rendered":"https:\/\/www.hml-fetish.de\/shop\/pantalon-en-cuir-avec-bandes-rouges-taille-28-inch\/"},"modified":"2022-01-23T22:49:31","modified_gmt":"2022-01-23T21:49:31","slug":"pantalon-en-cuir-avec-bandes-rouges-taille-28-inch","status":"publish","type":"product","link":"https:\/\/www.hml-fetish.de\/shop\/fr\/pantalon-en-cuir-avec-bandes-rouges-taille-28-inch\/","title":{"rendered":"Pantalon en cuir avec bandes rouges taille 28 inch"},"content":{"rendered":"<p><P>Un jean en cuir moulant avec <font color=\"red\"><B>bandes lat\u00e9rales rouges<\/B><\/font> fabriqu\u00e9 en nappa de vachette doux et agr\u00e9able au toucher, l\u00e9g\u00e8rement brillant, d&#8217;une \u00e9paisseur de 1,1 mm et dot\u00e9 d&#8217;une fermeture \u00e0 boutons sur le devant. Poches \u00e0 cinq compartiments.<br \/>\n<BR>Dans la taille DE 43\/86 = 28 inch<br \/>\n<BR>Longueur int\u00e9rieure des jambes 90 cm = 36 inch,<br \/>\n<BR>Tour de taille 70 cm<br \/>\n<BR><img decoding=\"async\" src=\"\/GIF\/sizefr_unisex_down.gif\" alt=\"tableau des tailles\" title=\"tableau des tailles\" border=\"0\" height=\"194\" width=\"114\">&nbsp;<img decoding=\"async\" src=\"\/GIF\/sizefr_bund.gif\" alt=\"tableau des tailles\" title=\"tableau des tailles\" border=\"0\" height=\"194\" width=\"134\"><\/P><\/p>\n","protected":false},"excerpt":{"rendered":"<h4>Pantalon en cuir avec bandes rouges taille 28 inch<\/h4>\n<p><P>Un jean en cuir moulant avec <font color=\"red\"><B>bandes lat\u00e9rales rouges<\/B><\/font> fabriqu\u00e9 en nappa de vachette doux et agr\u00e9able au toucher, l\u00e9g\u00e8rement brillant, d&#8217;une \u00e9paisseur de 1,1 mm et dot\u00e9 d&#8217;une fermeture \u00e0 boutons sur le devant. Poches \u00e0 cinq compartiments.<\/P><\/p>\n","protected":false},"featured_media":21136,"comment_status":"open","ping_status":"closed","template":"","meta":[],"product_brand":[],"product_cat":[752,585,740],"product_tag":[],"class_list":{"0":"post-21143","1":"product","2":"type-product","3":"status-publish","4":"has-post-thumbnail","6":"product_cat-fin-de-serie","7":"product_cat-pantalons-chaps","8":"product_cat-puces-en-ligne","9":"product_shipping_class-colis-fr","11":"first","12":"instock","13":"sale","14":"taxable","15":"shipping-taxable","16":"purchasable","17":"product-type-simple"},"_links":{"self":[{"href":"https:\/\/www.hml-fetish.de\/shop\/fr\/wp-json\/wp\/v2\/product\/21143","targetHints":{"allow":["GET"]}}],"collection":[{"href":"https:\/\/www.hml-fetish.de\/shop\/fr\/wp-json\/wp\/v2\/product"}],"about":[{"href":"https:\/\/www.hml-fetish.de\/shop\/fr\/wp-json\/wp\/v2\/types\/product"}],"replies":[{"embeddable":true,"href":"https:\/\/www.hml-fetish.de\/shop\/fr\/wp-json\/wp\/v2\/comments?post=21143"}],"version-history":[{"count":0,"href":"https:\/\/www.hml-fetish.de\/shop\/fr\/wp-json\/wp\/v2\/product\/21143\/revisions"}],"wp:featuredmedia":[{"embeddable":true,"href":"https:\/\/www.hml-fetish.de\/shop\/fr\/wp-json\/wp\/v2\/media\/21136"}],"wp:attachment":[{"href":"https:\/\/www.hml-fetish.de\/shop\/fr\/wp-json\/wp\/v2\/media?parent=21143"}],"wp:term":[{"taxonomy":"product_brand","embeddable":true,"href":"https:\/\/www.hml-fetish.de\/shop\/fr\/wp-json\/wp\/v2\/product_brand?post=21143"},{"taxonomy":"product_cat","embeddable":true,"href":"https:\/\/www.hml-fetish.de\/shop\/fr\/wp-json\/wp\/v2\/product_cat?post=21143"},{"taxonomy":"product_tag","embeddable":true,"href":"https:\/\/www.hml-fetish.de\/shop\/fr\/wp-json\/wp\/v2\/product_tag?post=21143"}],"curies":[{"name":"wp","href":"https:\/\/api.w.org\/{rel}","templated":true}]}}