{"id":21115,"date":"2022-01-23T22:49:32","date_gmt":"2022-01-23T21:49:32","guid":{"rendered":"https:\/\/www.hml-fetish.de\/shop\/pantalon-en-cuir-avec-bandes-doubles-blancs-taille-34-inch-36-inseam\/"},"modified":"2022-01-23T22:49:32","modified_gmt":"2022-01-23T21:49:32","slug":"pantalon-en-cuir-avec-bandes-doubles-blancs-taille-34-inch-36-inseam","status":"publish","type":"product","link":"https:\/\/www.hml-fetish.de\/shop\/fr\/pantalon-en-cuir-avec-bandes-doubles-blancs-taille-34-inch-36-inseam\/","title":{"rendered":"Pantalon en cuir avec bandes doubles blancs taille 34 inch 36 inseam"},"content":{"rendered":"<p><P>Un jean en cuir moulant avec des bandes blanches sur les c\u00f4t\u00e9s, fabriqu\u00e9 en nappa de vachette doux et agr\u00e9able au toucher, l\u00e9g\u00e8rement brillant, d&#8217;une \u00e9paisseur de 1,1 mm, et dot\u00e9 d&#8217;une patte de boutonnage sur le devant. Fivepocket.<br \/>\n<BR>en taille DE 98 = 34 inch<br \/>\n<BR>Longueur int\u00e9rieure des jambes 78 cm = 31 inch,<br \/>\n<BR>Tour de taille 86 cm<br \/>\n<BR>Tour de cuisse env. 61 cm<br \/>\n<BR><img decoding=\"async\" src=\"\/GIF\/sizefr_unisex_down.gif\" alt=\"Tableau des tailles\" title=\"Tableau des tailles\" border=\"0\" height=\"194\" width=\"114\">&nbsp;<img decoding=\"async\" src=\"\/GIF\/sizefr_bund.gif\" alt=\"Tableau des tailles\" title=\"Tableau des tailles\" border=\"0\" height=\"194\" width=\"134\"><\/P><\/p>\n","protected":false},"excerpt":{"rendered":"<h4>Pantalon en cuir avec bandes doubles blancs taille 34 inch 36 inseam<\/h4>\n<p><P>Un jean en cuir moulant avec des bandes blanches sur les c\u00f4t\u00e9s, fabriqu\u00e9 en nappa de vachette doux et agr\u00e9able au toucher, l\u00e9g\u00e8rement brillant, d&#8217;une \u00e9paisseur de 1,1 mm, et dot\u00e9 d&#8217;une patte de boutonnage sur le devant. Fivepocket.<\/P><\/p>\n","protected":false},"featured_media":21105,"comment_status":"open","ping_status":"closed","template":"","meta":[],"product_brand":[],"product_cat":[752,585,740],"product_tag":[],"class_list":{"0":"post-21115","1":"product","2":"type-product","3":"status-publish","4":"has-post-thumbnail","6":"product_cat-fin-de-serie","7":"product_cat-pantalons-chaps","8":"product_cat-puces-en-ligne","9":"product_shipping_class-colis-fr","11":"first","12":"instock","13":"sale","14":"taxable","15":"shipping-taxable","16":"purchasable","17":"product-type-simple"},"_links":{"self":[{"href":"https:\/\/www.hml-fetish.de\/shop\/fr\/wp-json\/wp\/v2\/product\/21115","targetHints":{"allow":["GET"]}}],"collection":[{"href":"https:\/\/www.hml-fetish.de\/shop\/fr\/wp-json\/wp\/v2\/product"}],"about":[{"href":"https:\/\/www.hml-fetish.de\/shop\/fr\/wp-json\/wp\/v2\/types\/product"}],"replies":[{"embeddable":true,"href":"https:\/\/www.hml-fetish.de\/shop\/fr\/wp-json\/wp\/v2\/comments?post=21115"}],"version-history":[{"count":0,"href":"https:\/\/www.hml-fetish.de\/shop\/fr\/wp-json\/wp\/v2\/product\/21115\/revisions"}],"wp:featuredmedia":[{"embeddable":true,"href":"https:\/\/www.hml-fetish.de\/shop\/fr\/wp-json\/wp\/v2\/media\/21105"}],"wp:attachment":[{"href":"https:\/\/www.hml-fetish.de\/shop\/fr\/wp-json\/wp\/v2\/media?parent=21115"}],"wp:term":[{"taxonomy":"product_brand","embeddable":true,"href":"https:\/\/www.hml-fetish.de\/shop\/fr\/wp-json\/wp\/v2\/product_brand?post=21115"},{"taxonomy":"product_cat","embeddable":true,"href":"https:\/\/www.hml-fetish.de\/shop\/fr\/wp-json\/wp\/v2\/product_cat?post=21115"},{"taxonomy":"product_tag","embeddable":true,"href":"https:\/\/www.hml-fetish.de\/shop\/fr\/wp-json\/wp\/v2\/product_tag?post=21115"}],"curies":[{"name":"wp","href":"https:\/\/api.w.org\/{rel}","templated":true}]}}