{"id":21078,"date":"2022-01-23T22:49:32","date_gmt":"2022-01-23T21:49:32","guid":{"rendered":"https:\/\/www.hml-fetish.de\/shop\/menottes-pour-decoration\/"},"modified":"2022-01-23T22:49:32","modified_gmt":"2022-01-23T21:49:32","slug":"menottes-pour-decoration","status":"publish","type":"product","link":"https:\/\/www.hml-fetish.de\/shop\/fr\/menottes-pour-decoration\/","title":{"rendered":"Menottes pour d\u00e9coration"},"content":{"rendered":"<p><P>Ce sont les menottes les moins ch\u00e8res qui existent. Mais ici, il s&#8217;agit d&#8217;une version galvanis\u00e9e d\u00e9cente, dont le prix bas ne saute pas aux yeux. Elles sont livr\u00e9es avec deux cl\u00e9s. Nous recommandons n\u00e9anmoins de ne les utiliser que comme d\u00e9coration, car pour une utilisation r\u00e9elle, elles ne sont que partiellement recommand\u00e9es!<\/P><\/p>\n","protected":false},"excerpt":{"rendered":"<h4>Menottes pour d\u00e9coration<\/h4>\n<p><P>Ce sont les menottes les moins ch\u00e8res qui existent. Mais ici, il s&#8217;agit d&#8217;une version galvanis\u00e9e d\u00e9cente, dont le prix bas ne saute pas aux yeux. Elles sont livr\u00e9es avec deux cl\u00e9s. Nous recommandons n\u00e9anmoins de ne les utiliser que comme d\u00e9coration, car pour une utilisation r\u00e9elle, elles ne sont que partiellement recommand\u00e9es!<\/P><\/p>\n","protected":false},"featured_media":21069,"comment_status":"open","ping_status":"closed","template":"","meta":[],"product_brand":[],"product_cat":[634,692,734],"product_tag":[],"class_list":{"0":"post-21078","1":"product","2":"type-product","3":"status-publish","4":"has-post-thumbnail","6":"product_cat-accessoires-army","7":"product_cat-menottes","8":"product_cat-promotion","9":"product_shipping_class-lettre","11":"first","12":"instock","13":"taxable","14":"shipping-taxable","15":"purchasable","16":"product-type-simple"},"_links":{"self":[{"href":"https:\/\/www.hml-fetish.de\/shop\/fr\/wp-json\/wp\/v2\/product\/21078","targetHints":{"allow":["GET"]}}],"collection":[{"href":"https:\/\/www.hml-fetish.de\/shop\/fr\/wp-json\/wp\/v2\/product"}],"about":[{"href":"https:\/\/www.hml-fetish.de\/shop\/fr\/wp-json\/wp\/v2\/types\/product"}],"replies":[{"embeddable":true,"href":"https:\/\/www.hml-fetish.de\/shop\/fr\/wp-json\/wp\/v2\/comments?post=21078"}],"version-history":[{"count":0,"href":"https:\/\/www.hml-fetish.de\/shop\/fr\/wp-json\/wp\/v2\/product\/21078\/revisions"}],"wp:featuredmedia":[{"embeddable":true,"href":"https:\/\/www.hml-fetish.de\/shop\/fr\/wp-json\/wp\/v2\/media\/21069"}],"wp:attachment":[{"href":"https:\/\/www.hml-fetish.de\/shop\/fr\/wp-json\/wp\/v2\/media?parent=21078"}],"wp:term":[{"taxonomy":"product_brand","embeddable":true,"href":"https:\/\/www.hml-fetish.de\/shop\/fr\/wp-json\/wp\/v2\/product_brand?post=21078"},{"taxonomy":"product_cat","embeddable":true,"href":"https:\/\/www.hml-fetish.de\/shop\/fr\/wp-json\/wp\/v2\/product_cat?post=21078"},{"taxonomy":"product_tag","embeddable":true,"href":"https:\/\/www.hml-fetish.de\/shop\/fr\/wp-json\/wp\/v2\/product_tag?post=21078"}],"curies":[{"name":"wp","href":"https:\/\/api.w.org\/{rel}","templated":true}]}}