{"id":21065,"date":"2022-01-23T22:49:33","date_gmt":"2022-01-23T21:49:33","guid":{"rendered":"https:\/\/www.hml-fetish.de\/shop\/cle-de-maitre\/"},"modified":"2022-01-23T22:49:33","modified_gmt":"2022-01-23T21:49:33","slug":"cle-de-maitre","status":"publish","type":"product","link":"https:\/\/www.hml-fetish.de\/shop\/fr\/cle-de-maitre\/","title":{"rendered":"Cl\u00e9 de ma\u00eetre"},"content":{"rendered":"<p><P>Voici une cl\u00e9 de menottes que tu ne devrais pas perdre : elle s&#8217;adapte \u00e0 toutes les menottes courantes (\u00e0 l&#8217;exception des menottes \u00e0 petit budget et des Darbys). Elle mesure 10 cm de long, est laqu\u00e9e en noir et a la forme d&#8217;un tonfa (matraque de police). Fixe-le \u00e0 ton trousseau de cl\u00e9s \u00e0 l&#8217;aide de l&#8217;anneau et tu n&#8217;auras plus jamais besoin d&#8217;appeler un serrurier. Gr\u00e2ce \u00e0 sa taille, elle est plus facile \u00e0 manipuler que les mini-cl\u00e9s habituelles.<\/P><\/p>\n","protected":false},"excerpt":{"rendered":"<h4>Cl\u00e9 de ma\u00eetre<\/h4>\n<p><P>Voici une cl\u00e9 de menottes que tu ne devrais pas perdre : elle s&#8217;adapte \u00e0 toutes les menottes courantes (\u00e0 l&#8217;exception des menottes \u00e0 petit budget et des Darbys). Elle mesure 10 cm de long, est laqu\u00e9e en noir et a la forme d&#8217;un tonfa (matraque de police). Fixe-le \u00e0 ton trousseau de cl\u00e9s \u00e0 l&#8217;aide de l&#8217;anneau et tu n&#8217;auras plus jamais besoin d&#8217;appeler un serrurier. Gr\u00e2ce \u00e0 sa taille, elle est plus facile \u00e0 manipuler que les mini-cl\u00e9s habituelles.<\/P><\/p>\n","protected":false},"featured_media":21052,"comment_status":"open","ping_status":"closed","template":"","meta":[],"product_brand":[],"product_cat":[692],"product_tag":[],"class_list":{"0":"post-21065","1":"product","2":"type-product","3":"status-publish","4":"has-post-thumbnail","6":"product_cat-menottes","7":"product_shipping_class-lettre","9":"first","10":"instock","11":"taxable","12":"shipping-taxable","13":"purchasable","14":"product-type-simple"},"_links":{"self":[{"href":"https:\/\/www.hml-fetish.de\/shop\/fr\/wp-json\/wp\/v2\/product\/21065","targetHints":{"allow":["GET"]}}],"collection":[{"href":"https:\/\/www.hml-fetish.de\/shop\/fr\/wp-json\/wp\/v2\/product"}],"about":[{"href":"https:\/\/www.hml-fetish.de\/shop\/fr\/wp-json\/wp\/v2\/types\/product"}],"replies":[{"embeddable":true,"href":"https:\/\/www.hml-fetish.de\/shop\/fr\/wp-json\/wp\/v2\/comments?post=21065"}],"version-history":[{"count":0,"href":"https:\/\/www.hml-fetish.de\/shop\/fr\/wp-json\/wp\/v2\/product\/21065\/revisions"}],"wp:featuredmedia":[{"embeddable":true,"href":"https:\/\/www.hml-fetish.de\/shop\/fr\/wp-json\/wp\/v2\/media\/21052"}],"wp:attachment":[{"href":"https:\/\/www.hml-fetish.de\/shop\/fr\/wp-json\/wp\/v2\/media?parent=21065"}],"wp:term":[{"taxonomy":"product_brand","embeddable":true,"href":"https:\/\/www.hml-fetish.de\/shop\/fr\/wp-json\/wp\/v2\/product_brand?post=21065"},{"taxonomy":"product_cat","embeddable":true,"href":"https:\/\/www.hml-fetish.de\/shop\/fr\/wp-json\/wp\/v2\/product_cat?post=21065"},{"taxonomy":"product_tag","embeddable":true,"href":"https:\/\/www.hml-fetish.de\/shop\/fr\/wp-json\/wp\/v2\/product_tag?post=21065"}],"curies":[{"name":"wp","href":"https:\/\/api.w.org\/{rel}","templated":true}]}}