{"id":21049,"date":"2022-01-23T22:49:33","date_gmt":"2022-01-23T21:49:33","guid":{"rendered":"https:\/\/www.hml-fetish.de\/shop\/profi-menottes\/"},"modified":"2022-01-23T22:49:33","modified_gmt":"2022-01-23T21:49:33","slug":"profi-menottes","status":"publish","type":"product","link":"https:\/\/www.hml-fetish.de\/shop\/fr\/profi-menottes\/","title":{"rendered":"Profi-menottes"},"content":{"rendered":"<p><P>Les menottes de qualit\u00e9 en acier nickel\u00e9. Avec syst\u00e8me double lock et deux cl\u00e9s. C&#8217;est une r\u00e9plique des Peerless 300. Ce sont des menottes de bonne facture \u00e0 un prix tr\u00e8s avantageux. Elles ne sont pas coupantes et sont relativement confortables \u00e0 porter. De plus, elles peuvent \u00eatre bloqu\u00e9es en toute s\u00e9curit\u00e9 en appuyant &#8211; comme pour la plupart des menottes modernes &#8211; sur une petite goupille situ\u00e9e sur le c\u00f4t\u00e9 de la menotte avec la broche de la cl\u00e9.<\/P><\/p>\n","protected":false},"excerpt":{"rendered":"<h4>Profi-menottes<\/h4>\n<p><P>Les menottes de qualit\u00e9 en acier nickel\u00e9. Avec syst\u00e8me double lock et deux cl\u00e9s. C&#8217;est une r\u00e9plique des Peerless 300. Ce sont des menottes de bonne facture \u00e0 un prix tr\u00e8s avantageux. Elles ne sont pas coupantes et sont relativement confortables \u00e0 porter. De plus, elles peuvent \u00eatre bloqu\u00e9es en toute s\u00e9curit\u00e9 en appuyant &#8211; comme pour la plupart des menottes modernes &#8211; sur une petite goupille situ\u00e9e sur le c\u00f4t\u00e9 de la menotte avec la broche de la cl\u00e9.<\/P><\/p>\n","protected":false},"featured_media":21034,"comment_status":"open","ping_status":"closed","template":"","meta":[],"product_brand":[],"product_cat":[634,732,692],"product_tag":[],"class_list":{"0":"post-21049","1":"product","2":"type-product","3":"status-publish","4":"has-post-thumbnail","6":"product_cat-accessoires-army","7":"product_cat-best-seller","8":"product_cat-menottes","9":"product_shipping_class-lettre","11":"first","12":"instock","13":"taxable","14":"shipping-taxable","15":"purchasable","16":"product-type-simple"},"_links":{"self":[{"href":"https:\/\/www.hml-fetish.de\/shop\/fr\/wp-json\/wp\/v2\/product\/21049","targetHints":{"allow":["GET"]}}],"collection":[{"href":"https:\/\/www.hml-fetish.de\/shop\/fr\/wp-json\/wp\/v2\/product"}],"about":[{"href":"https:\/\/www.hml-fetish.de\/shop\/fr\/wp-json\/wp\/v2\/types\/product"}],"replies":[{"embeddable":true,"href":"https:\/\/www.hml-fetish.de\/shop\/fr\/wp-json\/wp\/v2\/comments?post=21049"}],"version-history":[{"count":0,"href":"https:\/\/www.hml-fetish.de\/shop\/fr\/wp-json\/wp\/v2\/product\/21049\/revisions"}],"wp:featuredmedia":[{"embeddable":true,"href":"https:\/\/www.hml-fetish.de\/shop\/fr\/wp-json\/wp\/v2\/media\/21034"}],"wp:attachment":[{"href":"https:\/\/www.hml-fetish.de\/shop\/fr\/wp-json\/wp\/v2\/media?parent=21049"}],"wp:term":[{"taxonomy":"product_brand","embeddable":true,"href":"https:\/\/www.hml-fetish.de\/shop\/fr\/wp-json\/wp\/v2\/product_brand?post=21049"},{"taxonomy":"product_cat","embeddable":true,"href":"https:\/\/www.hml-fetish.de\/shop\/fr\/wp-json\/wp\/v2\/product_cat?post=21049"},{"taxonomy":"product_tag","embeddable":true,"href":"https:\/\/www.hml-fetish.de\/shop\/fr\/wp-json\/wp\/v2\/product_tag?post=21049"}],"curies":[{"name":"wp","href":"https:\/\/api.w.org\/{rel}","templated":true}]}}