{"id":21030,"date":"2022-01-23T22:49:33","date_gmt":"2022-01-23T21:49:33","guid":{"rendered":"https:\/\/www.hml-fetish.de\/shop\/menottes-a-charniere\/"},"modified":"2022-01-23T22:49:33","modified_gmt":"2022-01-23T21:49:33","slug":"menottes-a-charniere","status":"publish","type":"product","link":"https:\/\/www.hml-fetish.de\/shop\/fr\/menottes-a-charniere\/","title":{"rendered":"Menottes \u00e0 charni\u00e8re"},"content":{"rendered":"<p><P>La particularit\u00e9 de ces menottes est leur articulation, qui rappelle les maillons d&#8217;une cha\u00eene de v\u00e9lo. Typique des menottes \u00e0 charni\u00e8re, le diam\u00e8tre de ces menottes plut\u00f4t rondes qu&#8217;ovales est assez grand. Les poignets \u00e9troits doivent donc \u00eatre mieux enferm\u00e9s horizontalement et \u00e9troitement. Ils sont en acier inoxydable nickel\u00e9 et solidement faits.<\/P><\/p>\n","protected":false},"excerpt":{"rendered":"<h4>Menottes \u00e0 charni\u00e8re<\/h4>\n<p><P>La particularit\u00e9 de ces menottes est leur articulation, qui rappelle les maillons d&#8217;une cha\u00eene de v\u00e9lo. Typique des menottes \u00e0 charni\u00e8re, le diam\u00e8tre de ces menottes plut\u00f4t rondes qu&#8217;ovales est assez grand. Les poignets \u00e9troits doivent donc \u00eatre mieux enferm\u00e9s horizontalement et \u00e9troitement. Ils sont en acier inoxydable nickel\u00e9 et solidement faits.<\/P><\/p>\n","protected":false},"featured_media":21011,"comment_status":"open","ping_status":"closed","template":"","meta":[],"product_brand":[],"product_cat":[649,732,692],"product_tag":[],"class_list":{"0":"post-21030","1":"product","2":"type-product","3":"status-publish","4":"has-post-thumbnail","6":"product_cat-accessoires-fr","7":"product_cat-best-seller","8":"product_cat-menottes","9":"product_shipping_class-lettre","11":"first","12":"instock","13":"taxable","14":"shipping-taxable","15":"purchasable","16":"product-type-simple"},"_links":{"self":[{"href":"https:\/\/www.hml-fetish.de\/shop\/fr\/wp-json\/wp\/v2\/product\/21030","targetHints":{"allow":["GET"]}}],"collection":[{"href":"https:\/\/www.hml-fetish.de\/shop\/fr\/wp-json\/wp\/v2\/product"}],"about":[{"href":"https:\/\/www.hml-fetish.de\/shop\/fr\/wp-json\/wp\/v2\/types\/product"}],"replies":[{"embeddable":true,"href":"https:\/\/www.hml-fetish.de\/shop\/fr\/wp-json\/wp\/v2\/comments?post=21030"}],"version-history":[{"count":0,"href":"https:\/\/www.hml-fetish.de\/shop\/fr\/wp-json\/wp\/v2\/product\/21030\/revisions"}],"wp:featuredmedia":[{"embeddable":true,"href":"https:\/\/www.hml-fetish.de\/shop\/fr\/wp-json\/wp\/v2\/media\/21011"}],"wp:attachment":[{"href":"https:\/\/www.hml-fetish.de\/shop\/fr\/wp-json\/wp\/v2\/media?parent=21030"}],"wp:term":[{"taxonomy":"product_brand","embeddable":true,"href":"https:\/\/www.hml-fetish.de\/shop\/fr\/wp-json\/wp\/v2\/product_brand?post=21030"},{"taxonomy":"product_cat","embeddable":true,"href":"https:\/\/www.hml-fetish.de\/shop\/fr\/wp-json\/wp\/v2\/product_cat?post=21030"},{"taxonomy":"product_tag","embeddable":true,"href":"https:\/\/www.hml-fetish.de\/shop\/fr\/wp-json\/wp\/v2\/product_tag?post=21030"}],"curies":[{"name":"wp","href":"https:\/\/api.w.org\/{rel}","templated":true}]}}