{"id":20994,"date":"2022-01-23T22:49:34","date_gmt":"2022-01-23T21:49:34","guid":{"rendered":"https:\/\/www.hml-fetish.de\/shop\/porte-menottes\/"},"modified":"2022-01-23T22:49:34","modified_gmt":"2022-01-23T21:49:34","slug":"porte-menottes","status":"publish","type":"product","link":"https:\/\/www.hml-fetish.de\/shop\/fr\/porte-menottes\/","title":{"rendered":"Porte-menottes"},"content":{"rendered":"<p><P>Un \u00e9tui de ceinture en cuir vierge \u00e9pais moul\u00e9. Convient pour tous les types de menottes courants et dispose \u00e0 l&#8217;int\u00e9rieur d&#8217;un porte-cl\u00e9s pour les cl\u00e9s de menottes. C&#8217;est le mod\u00e8le pour toutes nos ceintures lisses, qu&#8217;il s&#8217;agisse de la ceinture Sam-Browne ou des ceintures pour nos jeans en cuir &#8211; il convient toujours et est tr\u00e8s convaincant!<\/P><\/p>\n","protected":false},"excerpt":{"rendered":"<h4>Porte-menottes<\/h4>\n<p><P>Un \u00e9tui de ceinture en cuir vierge \u00e9pais moul\u00e9. Convient pour tous les types de menottes courants et dispose \u00e0 l&#8217;int\u00e9rieur d&#8217;un porte-cl\u00e9s pour les cl\u00e9s de menottes. C&#8217;est le mod\u00e8le pour toutes nos ceintures lisses, qu&#8217;il s&#8217;agisse de la ceinture Sam-Browne ou des ceintures pour nos jeans en cuir &#8211; il convient toujours et est tr\u00e8s convaincant!<\/P><\/p>\n","protected":false},"featured_media":20979,"comment_status":"open","ping_status":"closed","template":"","meta":[],"product_brand":[],"product_cat":[649,606,634,692],"product_tag":[],"class_list":{"0":"post-20994","1":"product","2":"type-product","3":"status-publish","4":"has-post-thumbnail","6":"product_cat-accessoires-fr","7":"product_cat-accessoires-fr-2-fr","8":"product_cat-accessoires-army","9":"product_cat-menottes","10":"product_shipping_class-lettre","12":"first","13":"instock","14":"taxable","15":"shipping-taxable","16":"purchasable","17":"product-type-simple"},"_links":{"self":[{"href":"https:\/\/www.hml-fetish.de\/shop\/fr\/wp-json\/wp\/v2\/product\/20994","targetHints":{"allow":["GET"]}}],"collection":[{"href":"https:\/\/www.hml-fetish.de\/shop\/fr\/wp-json\/wp\/v2\/product"}],"about":[{"href":"https:\/\/www.hml-fetish.de\/shop\/fr\/wp-json\/wp\/v2\/types\/product"}],"replies":[{"embeddable":true,"href":"https:\/\/www.hml-fetish.de\/shop\/fr\/wp-json\/wp\/v2\/comments?post=20994"}],"version-history":[{"count":0,"href":"https:\/\/www.hml-fetish.de\/shop\/fr\/wp-json\/wp\/v2\/product\/20994\/revisions"}],"wp:featuredmedia":[{"embeddable":true,"href":"https:\/\/www.hml-fetish.de\/shop\/fr\/wp-json\/wp\/v2\/media\/20979"}],"wp:attachment":[{"href":"https:\/\/www.hml-fetish.de\/shop\/fr\/wp-json\/wp\/v2\/media?parent=20994"}],"wp:term":[{"taxonomy":"product_brand","embeddable":true,"href":"https:\/\/www.hml-fetish.de\/shop\/fr\/wp-json\/wp\/v2\/product_brand?post=20994"},{"taxonomy":"product_cat","embeddable":true,"href":"https:\/\/www.hml-fetish.de\/shop\/fr\/wp-json\/wp\/v2\/product_cat?post=20994"},{"taxonomy":"product_tag","embeddable":true,"href":"https:\/\/www.hml-fetish.de\/shop\/fr\/wp-json\/wp\/v2\/product_tag?post=20994"}],"curies":[{"name":"wp","href":"https:\/\/api.w.org\/{rel}","templated":true}]}}