{"id":20974,"date":"2022-01-23T22:49:34","date_gmt":"2022-01-23T21:49:34","guid":{"rendered":"https:\/\/www.hml-fetish.de\/shop\/kit-porte-menottes-en-cuir\/"},"modified":"2022-01-23T22:49:34","modified_gmt":"2022-01-23T21:49:34","slug":"kit-porte-menottes-en-cuir","status":"publish","type":"product","link":"https:\/\/www.hml-fetish.de\/shop\/fr\/kit-porte-menottes-en-cuir\/","title":{"rendered":"Kit porte-menottes en cuir"},"content":{"rendered":"<p><P>Un \u00e9tui en cuir robuste, universellement adapt\u00e9 \u00e0 toutes nos menottes. Boutonne-le simplement dans ta ceinture de pantalon \u00e0 l&#8217;aide des boutons-pression et garde tes menottes pr\u00e9f\u00e9r\u00e9es toujours pr\u00eates \u00e0 l&#8217;emploi.<\/p>\n","protected":false},"excerpt":{"rendered":"<h4>Kit porte-menottes en cuir<\/h4>\n<p><P>Un \u00e9tui en cuir robuste, universellement adapt\u00e9 \u00e0 toutes nos menottes. Boutonne-le simplement dans ta ceinture de pantalon \u00e0 l&#8217;aide des boutons-pression et garde tes menottes pr\u00e9f\u00e9r\u00e9es toujours pr\u00eates \u00e0 l&#8217;emploi.<\/p>\n","protected":false},"featured_media":20956,"comment_status":"open","ping_status":"closed","template":"","meta":[],"product_brand":[],"product_cat":[606,634,692],"product_tag":[4400],"class_list":{"0":"post-20974","1":"product","2":"type-product","3":"status-publish","4":"has-post-thumbnail","6":"product_cat-accessoires-fr-2-fr","7":"product_cat-accessoires-army","8":"product_cat-menottes","9":"product_tag-hml-fetish-original-fr","10":"product_shipping_class-colis-fr","12":"first","13":"instock","14":"taxable","15":"shipping-taxable","16":"purchasable","17":"product-type-simple"},"_links":{"self":[{"href":"https:\/\/www.hml-fetish.de\/shop\/fr\/wp-json\/wp\/v2\/product\/20974","targetHints":{"allow":["GET"]}}],"collection":[{"href":"https:\/\/www.hml-fetish.de\/shop\/fr\/wp-json\/wp\/v2\/product"}],"about":[{"href":"https:\/\/www.hml-fetish.de\/shop\/fr\/wp-json\/wp\/v2\/types\/product"}],"replies":[{"embeddable":true,"href":"https:\/\/www.hml-fetish.de\/shop\/fr\/wp-json\/wp\/v2\/comments?post=20974"}],"version-history":[{"count":0,"href":"https:\/\/www.hml-fetish.de\/shop\/fr\/wp-json\/wp\/v2\/product\/20974\/revisions"}],"wp:featuredmedia":[{"embeddable":true,"href":"https:\/\/www.hml-fetish.de\/shop\/fr\/wp-json\/wp\/v2\/media\/20956"}],"wp:attachment":[{"href":"https:\/\/www.hml-fetish.de\/shop\/fr\/wp-json\/wp\/v2\/media?parent=20974"}],"wp:term":[{"taxonomy":"product_brand","embeddable":true,"href":"https:\/\/www.hml-fetish.de\/shop\/fr\/wp-json\/wp\/v2\/product_brand?post=20974"},{"taxonomy":"product_cat","embeddable":true,"href":"https:\/\/www.hml-fetish.de\/shop\/fr\/wp-json\/wp\/v2\/product_cat?post=20974"},{"taxonomy":"product_tag","embeddable":true,"href":"https:\/\/www.hml-fetish.de\/shop\/fr\/wp-json\/wp\/v2\/product_tag?post=20974"}],"curies":[{"name":"wp","href":"https:\/\/api.w.org\/{rel}","templated":true}]}}