{"id":20792,"date":"2022-01-23T22:49:55","date_gmt":"2022-01-23T21:49:55","guid":{"rendered":"https:\/\/www.hml-fetish.de\/shop\/gauntlets-de-police-premium\/"},"modified":"2022-01-23T22:49:55","modified_gmt":"2022-01-23T21:49:55","slug":"gauntlets-de-police-premium","status":"publish","type":"product","link":"https:\/\/www.hml-fetish.de\/shop\/fr\/gauntlets-de-police-premium\/","title":{"rendered":"Gauntlets de Police PREMIUM"},"content":{"rendered":"<p><P>Nos gants en cuir pour l&#8217;ext\u00e9rieur. Ce mod\u00e8le poss\u00e8de des coutures d\u00e9coratives surpiqu\u00e9es sur le dos de la main pour une forme particuli\u00e8re et se termine par des manchettes en cuir de 14 cm de long. Id\u00e9ales pour la moto en \u00e9t\u00e9, car elles emp\u00eachent le vent de p\u00e9n\u00e9trer dans les manches de ta veste. Mais tu les mets bien s\u00fbr pour te repr\u00e9senter pour <a href=\"https:\/\/www.bluf.com\/\" target=\"_blank\" title=\"BLUF - Breeches, Leather and Uniform Fetish\" rel=\"noopener\">la prochaine soir\u00e9e BLUF<\/a>. Ce gant est fabriqu\u00e9 en cuir aniline fin et souple. Il est cependant hydrofuge et tr\u00e8s r\u00e9sistant. Ce gant est un must-have absolu pour les porteurs d&#8217;uniforme et les f\u00e9tichistes. Et ils sont aussi magiques : une fois enfil\u00e9s, tu ne voudras plus jamais les enlever!<\/P><br \/>\n<P>Nous avons deux versions en stock pour toi : tu peux choisir entre des manchettes noires et blanches. Les manchettes blanches sont port\u00e9es par la police mont\u00e9e canadienne!<br \/>\n<BR><img decoding=\"async\" src=\"\/GIF\/sizefr_handschuh.gif\" alt=\"Tableau des tailles\" title=\"Tableau des tailles\" border=\"0\" height=\"192\" width=\"145\"><\/P><\/p>\n","protected":false},"excerpt":{"rendered":"<h4>Gauntlets de Police PREMIUM<\/h4>\n<p><P>Nos gants en cuir pour l&#8217;ext\u00e9rieur. Ce mod\u00e8le poss\u00e8de des coutures d\u00e9coratives surpiqu\u00e9es sur le dos de la main pour une forme particuli\u00e8re et se termine par des manchettes en cuir de 14 cm de long. Id\u00e9ales pour la moto en \u00e9t\u00e9, car elles emp\u00eachent le vent de p\u00e9n\u00e9trer dans les manches de ta veste. Mais tu les mets bien s\u00fbr pour te repr\u00e9senter pour <a href=\"https:\/\/www.bluf.com\/\" target=\"_blank\" title=\"BLUF - Breeches, Leather and Uniform Fetish\" rel=\"noopener\">la prochaine soir\u00e9e BLUF<\/a>. Ce gant est fabriqu\u00e9 en cuir aniline fin et souple. Il est cependant hydrofuge et tr\u00e8s r\u00e9sistant. Ce gant est un must-have absolu pour les porteurs d&#8217;uniforme et les f\u00e9tichistes. Et ils sont aussi magiques : une fois enfil\u00e9s, tu ne voudras plus jamais les enlever!<\/P><\/p>\n","protected":false},"featured_media":20734,"comment_status":"open","ping_status":"closed","template":"","meta":[],"product_brand":[],"product_cat":[593,649,736],"product_tag":[3295,4400],"class_list":{"0":"post-20792","1":"product","2":"type-product","3":"status-publish","4":"has-post-thumbnail","6":"product_cat-gants","7":"product_cat-accessoires-fr","8":"product_cat-nouveau-hml","9":"product_tag-fetiche-bluf","10":"product_tag-hml-fetish-original-fr","11":"product_shipping_class-colis-fr","13":"first","14":"instock","15":"taxable","16":"shipping-taxable","17":"purchasable","18":"product-type-variable"},"_links":{"self":[{"href":"https:\/\/www.hml-fetish.de\/shop\/fr\/wp-json\/wp\/v2\/product\/20792","targetHints":{"allow":["GET"]}}],"collection":[{"href":"https:\/\/www.hml-fetish.de\/shop\/fr\/wp-json\/wp\/v2\/product"}],"about":[{"href":"https:\/\/www.hml-fetish.de\/shop\/fr\/wp-json\/wp\/v2\/types\/product"}],"replies":[{"embeddable":true,"href":"https:\/\/www.hml-fetish.de\/shop\/fr\/wp-json\/wp\/v2\/comments?post=20792"}],"version-history":[{"count":0,"href":"https:\/\/www.hml-fetish.de\/shop\/fr\/wp-json\/wp\/v2\/product\/20792\/revisions"}],"wp:featuredmedia":[{"embeddable":true,"href":"https:\/\/www.hml-fetish.de\/shop\/fr\/wp-json\/wp\/v2\/media\/20734"}],"wp:attachment":[{"href":"https:\/\/www.hml-fetish.de\/shop\/fr\/wp-json\/wp\/v2\/media?parent=20792"}],"wp:term":[{"taxonomy":"product_brand","embeddable":true,"href":"https:\/\/www.hml-fetish.de\/shop\/fr\/wp-json\/wp\/v2\/product_brand?post=20792"},{"taxonomy":"product_cat","embeddable":true,"href":"https:\/\/www.hml-fetish.de\/shop\/fr\/wp-json\/wp\/v2\/product_cat?post=20792"},{"taxonomy":"product_tag","embeddable":true,"href":"https:\/\/www.hml-fetish.de\/shop\/fr\/wp-json\/wp\/v2\/product_tag?post=20792"}],"curies":[{"name":"wp","href":"https:\/\/api.w.org\/{rel}","templated":true}]}}