{"id":20726,"date":"2022-01-23T22:49:55","date_gmt":"2022-01-23T21:49:55","guid":{"rendered":"https:\/\/www.hml-fetish.de\/shop\/gants-en-cuir-avec-doublure-en-kevlar\/"},"modified":"2022-01-23T22:49:55","modified_gmt":"2022-01-23T21:49:55","slug":"gants-en-cuir-avec-doublure-en-kevlar","status":"publish","type":"product","link":"https:\/\/www.hml-fetish.de\/shop\/fr\/gants-en-cuir-avec-doublure-en-kevlar\/","title":{"rendered":"Gants en cuir avec doublure en Kevlar"},"content":{"rendered":"<p><P>Gant de police avec doublure en Kevlar. Mod\u00e8le solide et bon march\u00e9. Le point fort est une fine doublure en &#8220;Kevlar&#8221;, un tissu c\u00e9ramique tr\u00e8s confortable et en outre r\u00e9sistant aux coupures( !)<br \/>\n<BR><img decoding=\"async\" src=\"\/GIF\/sizefr_handschuh.gif\" alt=\"Tableau des tailles\" title=\"Tableau des tailles\" border=\"0\" height=\"192\" width=\"145\"><\/P><\/p>\n","protected":false},"excerpt":{"rendered":"<h4>Gants en cuir avec doublure en Kevlar<\/h4>\n<p><P>Gant de police avec doublure en Kevlar. Mod\u00e8le solide et bon march\u00e9. Le point fort est une fine doublure en &#8220;Kevlar&#8221;, un tissu c\u00e9ramique tr\u00e8s confortable et en outre r\u00e9sistant aux coupures( !)<\/P><\/p>\n","protected":false},"featured_media":20702,"comment_status":"open","ping_status":"closed","template":"","meta":[],"product_brand":[],"product_cat":[649,634,593,734],"product_tag":[],"class_list":{"0":"post-20726","1":"product","2":"type-product","3":"status-publish","4":"has-post-thumbnail","6":"product_cat-accessoires-fr","7":"product_cat-accessoires-army","8":"product_cat-gants","9":"product_cat-promotion","10":"product_shipping_class-colis-fr","12":"first","13":"outofstock","14":"taxable","15":"shipping-taxable","16":"purchasable","17":"product-type-variable"},"_links":{"self":[{"href":"https:\/\/www.hml-fetish.de\/shop\/fr\/wp-json\/wp\/v2\/product\/20726","targetHints":{"allow":["GET"]}}],"collection":[{"href":"https:\/\/www.hml-fetish.de\/shop\/fr\/wp-json\/wp\/v2\/product"}],"about":[{"href":"https:\/\/www.hml-fetish.de\/shop\/fr\/wp-json\/wp\/v2\/types\/product"}],"replies":[{"embeddable":true,"href":"https:\/\/www.hml-fetish.de\/shop\/fr\/wp-json\/wp\/v2\/comments?post=20726"}],"version-history":[{"count":0,"href":"https:\/\/www.hml-fetish.de\/shop\/fr\/wp-json\/wp\/v2\/product\/20726\/revisions"}],"wp:featuredmedia":[{"embeddable":true,"href":"https:\/\/www.hml-fetish.de\/shop\/fr\/wp-json\/wp\/v2\/media\/20702"}],"wp:attachment":[{"href":"https:\/\/www.hml-fetish.de\/shop\/fr\/wp-json\/wp\/v2\/media?parent=20726"}],"wp:term":[{"taxonomy":"product_brand","embeddable":true,"href":"https:\/\/www.hml-fetish.de\/shop\/fr\/wp-json\/wp\/v2\/product_brand?post=20726"},{"taxonomy":"product_cat","embeddable":true,"href":"https:\/\/www.hml-fetish.de\/shop\/fr\/wp-json\/wp\/v2\/product_cat?post=20726"},{"taxonomy":"product_tag","embeddable":true,"href":"https:\/\/www.hml-fetish.de\/shop\/fr\/wp-json\/wp\/v2\/product_tag?post=20726"}],"curies":[{"name":"wp","href":"https:\/\/api.w.org\/{rel}","templated":true}]}}