{"id":20688,"date":"2022-01-23T22:49:56","date_gmt":"2022-01-23T21:49:56","guid":{"rendered":"https:\/\/www.hml-fetish.de\/shop\/gants-de-police-en-cuir-simple\/"},"modified":"2023-05-06T13:45:42","modified_gmt":"2023-05-06T11:45:42","slug":"gants-de-police-en-cuir-simple","status":"publish","type":"product","link":"https:\/\/www.hml-fetish.de\/shop\/fr\/gants-de-police-en-cuir-simple\/","title":{"rendered":"Gants de police en cuir simple"},"content":{"rendered":"<p><P>Tu vas adorer ce gant : bon march\u00e9 mais r\u00e9sistant. C&#8217;est ainsi que doivent \u00eatre les Police Gloves. Un cuir de b\u0153uf fin et souple de 0,8 mm, sans doublure, et qui conserve sa forme m\u00eame apr\u00e8s des ann\u00e9es. Ce gant seconde peau avec \u00e9lastique au poignet a la particularit\u00e9 de ne pas avoir de couture sur le dos de la main, il est donc particuli\u00e8rement lisse et sexy.<br \/>\n<BR>Tu peux obtenir ces gants chez nous au choix avec ou sans pinces sur le dos de la main. Les deux versions sont bien ajust\u00e9es.<br \/>\n<BR><img decoding=\"async\" src=\"\/GIF\/sizefr_handschuh.gif\" alt=\"Tableau des tailles\" title=\"Tableau des tailles\" border=\"0\" height=\"192\" width=\"145\"><\/P><\/p>\n","protected":false},"excerpt":{"rendered":"<h4>Gants de police en cuir simple<\/h4>\n<p>Tu vas adorer ce gant : bon march\u00e9 mais r\u00e9sistant. C&#8217;est ainsi que doivent \u00eatre les Police Gloves. Un cuir de b\u0153uf fin et souple de 0,8 mm, sans doublure, et qui conserve sa forme m\u00eame apr\u00e8s des ann\u00e9es. Ce gant seconde peau avec \u00e9lastique au poignet a la particularit\u00e9 de ne pas avoir de couture sur le dos de la main, il est donc particuli\u00e8rement lisse et sexy.<\/p>\n","protected":false},"featured_media":20648,"comment_status":"open","ping_status":"closed","template":"","meta":[],"product_brand":[],"product_cat":[752,593],"product_tag":[],"class_list":{"0":"post-20688","1":"product","2":"type-product","3":"status-publish","4":"has-post-thumbnail","6":"product_cat-fin-de-serie","7":"product_cat-gants","8":"product_shipping_class-lettre","10":"first","11":"instock","12":"sale","13":"taxable","14":"shipping-taxable","15":"purchasable","16":"product-type-variable"},"_links":{"self":[{"href":"https:\/\/www.hml-fetish.de\/shop\/fr\/wp-json\/wp\/v2\/product\/20688","targetHints":{"allow":["GET"]}}],"collection":[{"href":"https:\/\/www.hml-fetish.de\/shop\/fr\/wp-json\/wp\/v2\/product"}],"about":[{"href":"https:\/\/www.hml-fetish.de\/shop\/fr\/wp-json\/wp\/v2\/types\/product"}],"replies":[{"embeddable":true,"href":"https:\/\/www.hml-fetish.de\/shop\/fr\/wp-json\/wp\/v2\/comments?post=20688"}],"version-history":[{"count":0,"href":"https:\/\/www.hml-fetish.de\/shop\/fr\/wp-json\/wp\/v2\/product\/20688\/revisions"}],"wp:featuredmedia":[{"embeddable":true,"href":"https:\/\/www.hml-fetish.de\/shop\/fr\/wp-json\/wp\/v2\/media\/20648"}],"wp:attachment":[{"href":"https:\/\/www.hml-fetish.de\/shop\/fr\/wp-json\/wp\/v2\/media?parent=20688"}],"wp:term":[{"taxonomy":"product_brand","embeddable":true,"href":"https:\/\/www.hml-fetish.de\/shop\/fr\/wp-json\/wp\/v2\/product_brand?post=20688"},{"taxonomy":"product_cat","embeddable":true,"href":"https:\/\/www.hml-fetish.de\/shop\/fr\/wp-json\/wp\/v2\/product_cat?post=20688"},{"taxonomy":"product_tag","embeddable":true,"href":"https:\/\/www.hml-fetish.de\/shop\/fr\/wp-json\/wp\/v2\/product_tag?post=20688"}],"curies":[{"name":"wp","href":"https:\/\/api.w.org\/{rel}","templated":true}]}}