{"id":20545,"date":"2022-01-23T22:49:57","date_gmt":"2022-01-23T21:49:57","guid":{"rendered":"https:\/\/www.hml-fetish.de\/shop\/gants-de-fetiche-arrivant-aux-epaules-80-cm\/"},"modified":"2026-02-12T14:05:18","modified_gmt":"2026-02-12T13:05:18","slug":"gants-de-fetiche-arrivant-aux-epaules-80-cm","status":"publish","type":"product","link":"https:\/\/www.hml-fetish.de\/shop\/fr\/gants-de-fetiche-arrivant-aux-epaules-80-cm\/","title":{"rendered":"Gants de f\u00e9tiche arrivant aux \u00e9paules (80 cm)"},"content":{"rendered":"<p><P>Seulement chez HML Fetish : nous avons convaincu l&#8217;un de nos producteurs de suspendre les gants f\u00e9tichistes moulants dans une version ultra-longue. Le r\u00e9sultat a d\u00e9pass\u00e9 toutes nos attentes. Ces gants de 80 cm de long sont particuli\u00e8rement serr\u00e9s et enveloppent vos doigts et votre bras comme une seconde peau. Ils ne sont pas doubl\u00e9s. Entre vous et le reste du monde, il n&#8217;y a que 0,7 mm de cuir aniline noir de la meilleure qualit\u00e9.<\/P><br \/>\n<P>Ces gants sont tr\u00e8s longs. Si vos bras sont trop courts, nous vous conseillons de les retrousser vers l&#8217;ext\u00e9rieur ou vers l&#8217;int\u00e9rieur.<br \/>\n<BR><img decoding=\"async\" src=\"\/GIF\/sizefr_handschuh.gif\" alt=\"tableau des tailles\" title=\"tableau des tailles\" border=\"0\" height=\"192\" width=\"145\"><\/P><\/p>\n","protected":false},"excerpt":{"rendered":"<h4>Gants de f\u00e9tiche arrivant aux \u00e9paules (80 cm)<\/h4>\n<p><P>Seulement chez HML Fetish : nous avons convaincu l&#8217;un de nos producteurs de suspendre les gants f\u00e9tichistes moulants dans une version ultra-longue. Le r\u00e9sultat a d\u00e9pass\u00e9 toutes nos attentes. Ces gants de 80 cm de long sont particuli\u00e8rement serr\u00e9s et enveloppent vos doigts et votre bras comme une seconde peau. Ils ne sont pas doubl\u00e9s. Entre vous et le reste du monde, il n&#8217;y a que 0,7 mm de cuir aniline noir de la meilleure qualit\u00e9.<\/P><\/p>\n","protected":false},"featured_media":20523,"comment_status":"open","ping_status":"closed","template":"","meta":[],"product_brand":[],"product_cat":[593,714,736],"product_tag":[4400],"class_list":{"0":"post-20545","1":"product","2":"type-product","3":"status-publish","4":"has-post-thumbnail","6":"product_cat-gants","7":"product_cat-dungeon-fr","8":"product_cat-nouveau-hml","9":"product_tag-hml-fetish-original-fr","10":"product_shipping_class-colis-fr","12":"first","13":"instock","14":"taxable","15":"shipping-taxable","16":"purchasable","17":"product-type-variable"},"_links":{"self":[{"href":"https:\/\/www.hml-fetish.de\/shop\/fr\/wp-json\/wp\/v2\/product\/20545","targetHints":{"allow":["GET"]}}],"collection":[{"href":"https:\/\/www.hml-fetish.de\/shop\/fr\/wp-json\/wp\/v2\/product"}],"about":[{"href":"https:\/\/www.hml-fetish.de\/shop\/fr\/wp-json\/wp\/v2\/types\/product"}],"replies":[{"embeddable":true,"href":"https:\/\/www.hml-fetish.de\/shop\/fr\/wp-json\/wp\/v2\/comments?post=20545"}],"version-history":[{"count":0,"href":"https:\/\/www.hml-fetish.de\/shop\/fr\/wp-json\/wp\/v2\/product\/20545\/revisions"}],"wp:featuredmedia":[{"embeddable":true,"href":"https:\/\/www.hml-fetish.de\/shop\/fr\/wp-json\/wp\/v2\/media\/20523"}],"wp:attachment":[{"href":"https:\/\/www.hml-fetish.de\/shop\/fr\/wp-json\/wp\/v2\/media?parent=20545"}],"wp:term":[{"taxonomy":"product_brand","embeddable":true,"href":"https:\/\/www.hml-fetish.de\/shop\/fr\/wp-json\/wp\/v2\/product_brand?post=20545"},{"taxonomy":"product_cat","embeddable":true,"href":"https:\/\/www.hml-fetish.de\/shop\/fr\/wp-json\/wp\/v2\/product_cat?post=20545"},{"taxonomy":"product_tag","embeddable":true,"href":"https:\/\/www.hml-fetish.de\/shop\/fr\/wp-json\/wp\/v2\/product_tag?post=20545"}],"curies":[{"name":"wp","href":"https:\/\/api.w.org\/{rel}","templated":true}]}}