{"id":20517,"date":"2022-01-23T22:49:57","date_gmt":"2022-01-23T21:49:57","guid":{"rendered":"https:\/\/www.hml-fetish.de\/shop\/gants-de-travail-marigold\/"},"modified":"2022-01-23T22:49:57","modified_gmt":"2022-01-23T21:49:57","slug":"gants-de-travail-marigold","status":"publish","type":"product","link":"https:\/\/www.hml-fetish.de\/shop\/fr\/gants-de-travail-marigold\/","title":{"rendered":"Gants de travail Marigold"},"content":{"rendered":"<p><P>Ces gants passionnants, que nous venons d&#8217;ajouter \u00e0 notre assortiment, ont une \u00e9paisseur de 0,6 mm. Ils sont fabriqu\u00e9s en n\u00e9opr\u00e8ne noir, dont la face int\u00e9rieure est recouverte de blanc. Ce mat\u00e9riau, que l&#8217;on retrouve \u00e9galement dans les combinaisons des surfeurs, est particuli\u00e8rement r\u00e9sistant. La paume de la main porte un gaufrage structur\u00e9. Imagine ce que tu ressentirais si quelqu&#8217;un te caressait d\u00e9licatement la peau nue avec cette main alors que tu as les yeux band\u00e9s. C&#8217;est indescriptible!<\/P><br \/>\n<P>Disponible dans les tailles S, M, L et XL dans une version de 30 cm de long, dont la manchette descend jusqu&#8217;\u00e0 l&#8217;avant-bras. Marigold Industrials est LE fabricant de gants industriels haut de gamme. Dans cette qualit\u00e9 sup\u00e9rieure, un vrai prix d&#8217;enfer !<br \/>\n<BR><img decoding=\"async\" src=\"\/GIF\/sizefr_handschuh.gif\" alt=\"tableau des tailles\" title=\"tableau des tailles\" border=\"0\" height=\"192\" width=\"145\"><\/P><\/p>\n","protected":false},"excerpt":{"rendered":"<h4>Gants de travail Marigold<\/h4>\n<p><P>Ces gants passionnants, que nous venons d&#8217;ajouter \u00e0 notre assortiment, ont une \u00e9paisseur de 0,6 mm. Ils sont fabriqu\u00e9s en n\u00e9opr\u00e8ne noir, dont la face int\u00e9rieure est recouverte de blanc. Ce mat\u00e9riau, que l&#8217;on retrouve \u00e9galement dans les combinaisons des surfeurs, est particuli\u00e8rement r\u00e9sistant. La paume de la main porte un gaufrage structur\u00e9. Imagine ce que tu ressentirais si quelqu&#8217;un te caressait d\u00e9licatement la peau nue avec cette main alors que tu as les yeux band\u00e9s. C&#8217;est indescriptible!<\/P><\/p>\n","protected":false},"featured_media":20498,"comment_status":"open","ping_status":"closed","template":"","meta":[],"product_brand":[],"product_cat":[619,734],"product_tag":[],"class_list":{"0":"post-20517","1":"product","2":"type-product","3":"status-publish","4":"has-post-thumbnail","6":"product_cat-gants-en-latex","7":"product_cat-promotion","8":"product_shipping_class-lettre","10":"first","11":"instock","12":"sale","13":"taxable","14":"shipping-taxable","15":"purchasable","16":"product-type-variable"},"_links":{"self":[{"href":"https:\/\/www.hml-fetish.de\/shop\/fr\/wp-json\/wp\/v2\/product\/20517","targetHints":{"allow":["GET"]}}],"collection":[{"href":"https:\/\/www.hml-fetish.de\/shop\/fr\/wp-json\/wp\/v2\/product"}],"about":[{"href":"https:\/\/www.hml-fetish.de\/shop\/fr\/wp-json\/wp\/v2\/types\/product"}],"replies":[{"embeddable":true,"href":"https:\/\/www.hml-fetish.de\/shop\/fr\/wp-json\/wp\/v2\/comments?post=20517"}],"version-history":[{"count":0,"href":"https:\/\/www.hml-fetish.de\/shop\/fr\/wp-json\/wp\/v2\/product\/20517\/revisions"}],"wp:featuredmedia":[{"embeddable":true,"href":"https:\/\/www.hml-fetish.de\/shop\/fr\/wp-json\/wp\/v2\/media\/20498"}],"wp:attachment":[{"href":"https:\/\/www.hml-fetish.de\/shop\/fr\/wp-json\/wp\/v2\/media?parent=20517"}],"wp:term":[{"taxonomy":"product_brand","embeddable":true,"href":"https:\/\/www.hml-fetish.de\/shop\/fr\/wp-json\/wp\/v2\/product_brand?post=20517"},{"taxonomy":"product_cat","embeddable":true,"href":"https:\/\/www.hml-fetish.de\/shop\/fr\/wp-json\/wp\/v2\/product_cat?post=20517"},{"taxonomy":"product_tag","embeddable":true,"href":"https:\/\/www.hml-fetish.de\/shop\/fr\/wp-json\/wp\/v2\/product_tag?post=20517"}],"curies":[{"name":"wp","href":"https:\/\/api.w.org\/{rel}","templated":true}]}}