{"id":20490,"date":"2022-01-23T22:49:58","date_gmt":"2022-01-23T21:49:58","guid":{"rendered":"https:\/\/www.hml-fetish.de\/shop\/gants-en-latex-par-100-noir-extra-long\/"},"modified":"2025-03-06T16:40:53","modified_gmt":"2025-03-06T15:40:53","slug":"gants-en-latex-par-100-noir-extra-long","status":"publish","type":"product","link":"https:\/\/www.hml-fetish.de\/shop\/fr\/gants-en-latex-par-100-noir-extra-long\/","title":{"rendered":"Gants en latex par 100 noir extra long"},"content":{"rendered":"<p>Gants m\u00e9dicaux jetables extra longs (300 mm) en latex noir. Non poudr\u00e9s, donc non allergisants. Avec bord roul\u00e9 et paume micro-rugueuse. 100 pi\u00e8ces dans un distributeur en carton. Disponible dans les tailles S, M, L et XL (XS sur demande). \u00c0 n&#8217;utiliser qu&#8217;une seule fois pour le fisting avec du Crisco ou de l&#8217;Elbow Grease, car le Crisco attaque le caoutchouc.<br \/>\n<img decoding=\"async\" title=\"Tableau des tailles\" src=\"\/GIF\/sizefr_handschuh.gif\" alt=\"Tableau des tailles\" width=\"145\" height=\"192\" border=\"0\" \/><\/p>\n<p>Ces gants sont particuli\u00e8rement adh\u00e9rents. Ils garantissent une sensation agr\u00e9able et ne provoquent aucun sympt\u00f4me de fatigue lorsqu&#8217;ils sont port\u00e9s longtemps. Avec une teneur en prot\u00e9ines inf\u00e9rieure \u00e0 50 \u00b5g\/dm\u00b2, ils sont \u00e9galement tr\u00e8s doux pour la peau. Leur texture micro-rugueuse au niveau des doigts et des paumes garantit une adh\u00e9rence et une maniabilit\u00e9 s\u00fbres sur diff\u00e9rents types de surfaces et d&#8217;instruments.<br \/>\nLes gants sont \u00e9galement chlor\u00e9s et poss\u00e8dent un bord roul\u00e9 solide qui permet de les enfiler et de les retirer facilement.<\/p>\n<p>Indications sur la s\u00e9curit\u00e9 du produit:<br \/>\nGant d&#8217;hygi\u00e8ne et de protection<br \/>\nNORMES GANTS EN 455, T. 1-4, CE, EN 374-1 (KTP) Type-B<br \/>\nNORME DE QUALIT\u00c9\/NORMES Protection chimique type B, EN 455 1-4, convient pour les denr\u00e9es alimentaires<br \/>\nFabricant : UNIGLOVES\u00ae Arzt- und Klinikbedarf Handelsgesellschaft mbH | Camp-Spich-Stra\u00dfe 71 | 53842 Troisdorf-Spich<br \/>\nContact : unigloves@unigloves.de<\/p>\n","protected":false},"excerpt":{"rendered":"<h4>Gants en latex par 100 noir extra long<\/h4>\n<p><P>Gants m\u00e9dicaux \u00e0 usage unique en latex noir. Non poudr\u00e9s, avec une teneur en prot\u00e9ines inf\u00e9rieure \u00e0 50 \u00b5g\/dm\u00b2, ils sont en outre extr\u00eamement doux pour la peau et ne favorisent pas les allergies. Avec bord roul\u00e9 et paume micro-rugueuse. 100 pi\u00e8ces dans un distributeur en carton. Disponibles en tailles S, M, L et XL.<\/P><\/p>\n","protected":false},"featured_media":20469,"comment_status":"open","ping_status":"closed","template":"","meta":[],"product_brand":[],"product_cat":[732,619,694,736,734],"product_tag":[],"class_list":{"0":"post-20490","1":"product","2":"type-product","3":"status-publish","4":"has-post-thumbnail","6":"product_cat-best-seller","7":"product_cat-gants-en-latex","8":"product_cat-medical","9":"product_cat-nouveau-hml","10":"product_cat-promotion","11":"product_shipping_class-colis-fr","13":"first","14":"instock","15":"sale","16":"taxable","17":"shipping-taxable","18":"purchasable","19":"product-type-variable"},"_links":{"self":[{"href":"https:\/\/www.hml-fetish.de\/shop\/fr\/wp-json\/wp\/v2\/product\/20490","targetHints":{"allow":["GET"]}}],"collection":[{"href":"https:\/\/www.hml-fetish.de\/shop\/fr\/wp-json\/wp\/v2\/product"}],"about":[{"href":"https:\/\/www.hml-fetish.de\/shop\/fr\/wp-json\/wp\/v2\/types\/product"}],"replies":[{"embeddable":true,"href":"https:\/\/www.hml-fetish.de\/shop\/fr\/wp-json\/wp\/v2\/comments?post=20490"}],"version-history":[{"count":0,"href":"https:\/\/www.hml-fetish.de\/shop\/fr\/wp-json\/wp\/v2\/product\/20490\/revisions"}],"wp:featuredmedia":[{"embeddable":true,"href":"https:\/\/www.hml-fetish.de\/shop\/fr\/wp-json\/wp\/v2\/media\/20469"}],"wp:attachment":[{"href":"https:\/\/www.hml-fetish.de\/shop\/fr\/wp-json\/wp\/v2\/media?parent=20490"}],"wp:term":[{"taxonomy":"product_brand","embeddable":true,"href":"https:\/\/www.hml-fetish.de\/shop\/fr\/wp-json\/wp\/v2\/product_brand?post=20490"},{"taxonomy":"product_cat","embeddable":true,"href":"https:\/\/www.hml-fetish.de\/shop\/fr\/wp-json\/wp\/v2\/product_cat?post=20490"},{"taxonomy":"product_tag","embeddable":true,"href":"https:\/\/www.hml-fetish.de\/shop\/fr\/wp-json\/wp\/v2\/product_tag?post=20490"}],"curies":[{"name":"wp","href":"https:\/\/api.w.org\/{rel}","templated":true}]}}