{"id":20327,"date":"2022-01-23T22:50:00","date_gmt":"2022-01-23T21:50:00","guid":{"rendered":"https:\/\/www.hml-fetish.de\/shop\/gants-sans-doigts\/"},"modified":"2022-01-23T22:50:00","modified_gmt":"2022-01-23T21:50:00","slug":"gants-sans-doigts","status":"publish","type":"product","link":"https:\/\/www.hml-fetish.de\/shop\/fr\/gants-sans-doigts\/","title":{"rendered":"Gants sans doigts"},"content":{"rendered":"<p><P>Les gants sans doigts tr\u00e8s appr\u00e9ci\u00e9s pour faire du v\u00e9lo. Ils sont fabriqu\u00e9s en cuir de b\u0153uf et ne sont pas doubl\u00e9s. Avec rembourrage de la paume et fermeture velcro au poignet. Disponibles dans les tailles XS \u00e0 XL.<br \/>\n<BR><img decoding=\"async\" src=\"\/GIF\/sizefr_handschuh.gif\" alt=\"tableau des tailles\" title=\"tableau des tailles\" border=\"0\" height=\"192\" width=\"145\"><\/P><\/p>\n","protected":false},"excerpt":{"rendered":"<h4>Gants sans doigts<\/h4>\n<p><P>Les gants sans doigts tr\u00e8s appr\u00e9ci\u00e9s pour faire du v\u00e9lo. Ils sont fabriqu\u00e9s en cuir de b\u0153uf et ne sont pas doubl\u00e9s. Avec rembourrage de la paume et fermeture velcro au poignet. Disponibles dans les tailles XS \u00e0 XL.<\/p>\n","protected":false},"featured_media":20301,"comment_status":"open","ping_status":"closed","template":"","meta":[],"product_brand":[],"product_cat":[593,734],"product_tag":[],"class_list":{"0":"post-20327","1":"product","2":"type-product","3":"status-publish","4":"has-post-thumbnail","6":"product_cat-gants","7":"product_cat-promotion","8":"product_shipping_class-lettre","10":"first","11":"instock","12":"taxable","13":"shipping-taxable","14":"purchasable","15":"product-type-variable"},"_links":{"self":[{"href":"https:\/\/www.hml-fetish.de\/shop\/fr\/wp-json\/wp\/v2\/product\/20327","targetHints":{"allow":["GET"]}}],"collection":[{"href":"https:\/\/www.hml-fetish.de\/shop\/fr\/wp-json\/wp\/v2\/product"}],"about":[{"href":"https:\/\/www.hml-fetish.de\/shop\/fr\/wp-json\/wp\/v2\/types\/product"}],"replies":[{"embeddable":true,"href":"https:\/\/www.hml-fetish.de\/shop\/fr\/wp-json\/wp\/v2\/comments?post=20327"}],"version-history":[{"count":0,"href":"https:\/\/www.hml-fetish.de\/shop\/fr\/wp-json\/wp\/v2\/product\/20327\/revisions"}],"wp:featuredmedia":[{"embeddable":true,"href":"https:\/\/www.hml-fetish.de\/shop\/fr\/wp-json\/wp\/v2\/media\/20301"}],"wp:attachment":[{"href":"https:\/\/www.hml-fetish.de\/shop\/fr\/wp-json\/wp\/v2\/media?parent=20327"}],"wp:term":[{"taxonomy":"product_brand","embeddable":true,"href":"https:\/\/www.hml-fetish.de\/shop\/fr\/wp-json\/wp\/v2\/product_brand?post=20327"},{"taxonomy":"product_cat","embeddable":true,"href":"https:\/\/www.hml-fetish.de\/shop\/fr\/wp-json\/wp\/v2\/product_cat?post=20327"},{"taxonomy":"product_tag","embeddable":true,"href":"https:\/\/www.hml-fetish.de\/shop\/fr\/wp-json\/wp\/v2\/product_tag?post=20327"}],"curies":[{"name":"wp","href":"https:\/\/api.w.org\/{rel}","templated":true}]}}