{"id":20284,"date":"2022-01-23T22:50:01","date_gmt":"2022-01-23T21:50:01","guid":{"rendered":"https:\/\/www.hml-fetish.de\/shop\/gants-en-latex-03-mm\/"},"modified":"2022-09-15T17:27:00","modified_gmt":"2022-09-15T15:27:00","slug":"gants-en-latex-03-mm","status":"publish","type":"product","link":"https:\/\/www.hml-fetish.de\/shop\/fr\/gants-en-latex-03-mm\/","title":{"rendered":"Gants en latex 0,3 mm"},"content":{"rendered":"<p>Gants en caoutchouc noir en latex de caoutchouc naturel. Gr\u00e2ce au caoutchouc fin de 0,35 mm d&#8217;\u00e9paisseur, la sensibilit\u00e9 tactile est pr\u00e9serv\u00e9e. Disponibles dans les tailles S, M, L et XL et dans les longueurs courtes (poignet), longueur coude et longueur bras. La longueur totale des gants est d&#8217;environ 66 cm pour la longueur du bras. La circonf\u00e9rence minimale du bras est d&#8217;environ 20 cm pour la taille S, d&#8217;environ 23 cm pour la taille M, d&#8217;environ 26 cm pour la taille L et d&#8217;environ 28 cm pour la taille XL.<\/p>\n<p><img decoding=\"async\" title=\"Tableau des tailles\" src=\"\/GIF\/sizefr_handschuh.gif\" alt=\"Tableau des tailles\" width=\"145\" height=\"192\" border=\"0\" \/><\/p>\n","protected":false},"excerpt":{"rendered":"<h4>Gants en latex 0,3 mm<\/h4>\n<p>Gants en caoutchouc noir en latex de caoutchouc naturel. Gr\u00e2ce au caoutchouc fin de 0,35 mm d&#8217;\u00e9paisseur, la sensibilit\u00e9 tactile est pr\u00e9serv\u00e9e. Disponibles dans les tailles S, M, L et XL et dans les longueurs courtes (poignet), longueur coude et longueur bras. La longueur totale des gants est d&#8217;environ 66 cm pour la longueur du bras. La circonf\u00e9rence minimale du bras est d&#8217;environ 20 cm pour la taille S, d&#8217;environ 23 cm pour la taille M, d&#8217;environ 26 cm pour la taille L et d&#8217;environ 28 cm pour la taille XL.<\/p>\n","protected":false},"featured_media":20166,"comment_status":"open","ping_status":"closed","template":"","meta":[],"product_brand":[],"product_cat":[732,619,694],"product_tag":[4381],"class_list":{"0":"post-20284","1":"product","2":"type-product","3":"status-publish","4":"has-post-thumbnail","6":"product_cat-best-seller","7":"product_cat-gants-en-latex","8":"product_cat-medical","9":"product_tag-best-seller-fetiche","10":"product_shipping_class-lettre","12":"first","13":"instock","14":"taxable","15":"shipping-taxable","16":"purchasable","17":"product-type-variable"},"_links":{"self":[{"href":"https:\/\/www.hml-fetish.de\/shop\/fr\/wp-json\/wp\/v2\/product\/20284","targetHints":{"allow":["GET"]}}],"collection":[{"href":"https:\/\/www.hml-fetish.de\/shop\/fr\/wp-json\/wp\/v2\/product"}],"about":[{"href":"https:\/\/www.hml-fetish.de\/shop\/fr\/wp-json\/wp\/v2\/types\/product"}],"replies":[{"embeddable":true,"href":"https:\/\/www.hml-fetish.de\/shop\/fr\/wp-json\/wp\/v2\/comments?post=20284"}],"version-history":[{"count":0,"href":"https:\/\/www.hml-fetish.de\/shop\/fr\/wp-json\/wp\/v2\/product\/20284\/revisions"}],"wp:featuredmedia":[{"embeddable":true,"href":"https:\/\/www.hml-fetish.de\/shop\/fr\/wp-json\/wp\/v2\/media\/20166"}],"wp:attachment":[{"href":"https:\/\/www.hml-fetish.de\/shop\/fr\/wp-json\/wp\/v2\/media?parent=20284"}],"wp:term":[{"taxonomy":"product_brand","embeddable":true,"href":"https:\/\/www.hml-fetish.de\/shop\/fr\/wp-json\/wp\/v2\/product_brand?post=20284"},{"taxonomy":"product_cat","embeddable":true,"href":"https:\/\/www.hml-fetish.de\/shop\/fr\/wp-json\/wp\/v2\/product_cat?post=20284"},{"taxonomy":"product_tag","embeddable":true,"href":"https:\/\/www.hml-fetish.de\/shop\/fr\/wp-json\/wp\/v2\/product_tag?post=20284"}],"curies":[{"name":"wp","href":"https:\/\/api.w.org\/{rel}","templated":true}]}}