{"id":20218,"date":"2022-01-23T22:50:02","date_gmt":"2022-01-23T21:50:02","guid":{"rendered":"https:\/\/www.hml-fetish.de\/shop\/gants-en-latex-06-mm\/"},"modified":"2022-01-23T22:50:02","modified_gmt":"2022-01-23T21:50:02","slug":"gants-en-latex-06-mm","status":"publish","type":"product","link":"https:\/\/www.hml-fetish.de\/shop\/fr\/gants-en-latex-06-mm\/","title":{"rendered":"Gants en latex 0,6 mm"},"content":{"rendered":"<p><P>Mat\u00e9riel de 0,6 mm d&#8217;\u00e9paisseur et ind\u00e9formable. D&#8217;un noir profond, tr\u00e8s lisse, tout simplement g\u00e9nial. Ces gants en caoutchouc sont sp\u00e9cialement fabriqu\u00e9s pour le march\u00e9 f\u00e9tichiste et sont particuli\u00e8rement ajust\u00e9s. En cas de doute, il vaut mieux commander une taille au-dessus ! Disponibles dans les tailles S, M, L et XL.<\/P><br \/>\n<P>Ils existent en version courte, qui arrive au-dessus du poignet, en version longue jusqu&#8217;au coude et en version tr\u00e8s longue, qui entoure tout le bras jusqu&#8217;\u00e0 l&#8217;\u00e9paule. La longueur totale des gants de la longueur du bras peut atteindre 66 cm. La circonf\u00e9rence minimale du haut du bras est d&#8217;environ 20 cm pour la taille S, d&#8217;environ 23 cm pour la taille M, d&#8217;environ 26 cm pour la taille L et d&#8217;environ 28 cm pour la taille XL.<br \/>\n<BR><img decoding=\"async\" src=\"\/GIF\/sizefr_handschuh.gif\" alt=\"Tableau des tailles\" title=\"Tableau des tailles\" border=\"0\" height=\"192\" width=\"145\"><\/P><\/p>\n","protected":false},"excerpt":{"rendered":"<p><H4>Gants en latex 0,6 mm<\/H4><br \/>\n<P>Mat\u00e9riel de 0,6 mm d&#8217;\u00e9paisseur et ind\u00e9formable. D&#8217;un noir profond, tr\u00e8s lisse, tout simplement g\u00e9nial. Ces gants en caoutchouc sont sp\u00e9cialement fabriqu\u00e9s pour le march\u00e9 f\u00e9tichiste et sont particuli\u00e8rement ajust\u00e9s. En cas de doute, il vaut mieux commander une taille au-dessus ! Disponibles dans les tailles S, M, L et XL.<\/P><\/p>\n","protected":false},"featured_media":20148,"comment_status":"open","ping_status":"closed","template":"","meta":[],"product_brand":[],"product_cat":[752,619,694],"product_tag":[],"class_list":{"0":"post-20218","1":"product","2":"type-product","3":"status-publish","4":"has-post-thumbnail","6":"product_cat-fin-de-serie","7":"product_cat-gants-en-latex","8":"product_cat-medical","9":"product_shipping_class-lettre","11":"first","12":"instock","13":"taxable","14":"shipping-taxable","15":"purchasable","16":"product-type-variable"},"_links":{"self":[{"href":"https:\/\/www.hml-fetish.de\/shop\/fr\/wp-json\/wp\/v2\/product\/20218","targetHints":{"allow":["GET"]}}],"collection":[{"href":"https:\/\/www.hml-fetish.de\/shop\/fr\/wp-json\/wp\/v2\/product"}],"about":[{"href":"https:\/\/www.hml-fetish.de\/shop\/fr\/wp-json\/wp\/v2\/types\/product"}],"replies":[{"embeddable":true,"href":"https:\/\/www.hml-fetish.de\/shop\/fr\/wp-json\/wp\/v2\/comments?post=20218"}],"version-history":[{"count":0,"href":"https:\/\/www.hml-fetish.de\/shop\/fr\/wp-json\/wp\/v2\/product\/20218\/revisions"}],"wp:featuredmedia":[{"embeddable":true,"href":"https:\/\/www.hml-fetish.de\/shop\/fr\/wp-json\/wp\/v2\/media\/20148"}],"wp:attachment":[{"href":"https:\/\/www.hml-fetish.de\/shop\/fr\/wp-json\/wp\/v2\/media?parent=20218"}],"wp:term":[{"taxonomy":"product_brand","embeddable":true,"href":"https:\/\/www.hml-fetish.de\/shop\/fr\/wp-json\/wp\/v2\/product_brand?post=20218"},{"taxonomy":"product_cat","embeddable":true,"href":"https:\/\/www.hml-fetish.de\/shop\/fr\/wp-json\/wp\/v2\/product_cat?post=20218"},{"taxonomy":"product_tag","embeddable":true,"href":"https:\/\/www.hml-fetish.de\/shop\/fr\/wp-json\/wp\/v2\/product_tag?post=20218"}],"curies":[{"name":"wp","href":"https:\/\/api.w.org\/{rel}","templated":true}]}}