{"id":20137,"date":"2022-01-23T22:50:10","date_gmt":"2022-01-23T21:50:10","guid":{"rendered":"https:\/\/www.hml-fetish.de\/shop\/marigold-industrial-gloves\/"},"modified":"2022-01-23T22:50:10","modified_gmt":"2022-01-23T21:50:10","slug":"marigold-industrial-gloves","status":"publish","type":"product","link":"https:\/\/www.hml-fetish.de\/shop\/fr\/marigold-industrial-gloves\/","title":{"rendered":"Marigold Industrial Gloves"},"content":{"rendered":"<p><P>Nous les avons de nouveau, les gants industriels lisses et vraiment g\u00e9niaux : <B>Seulement en tant que &#8220;Emperor&#8221; de Marigold Industrial!<\/B> Caoutchouc de 0,9 mm d&#8217;\u00e9paisseur et ind\u00e9formable. D&#8217;un noir profond, tr\u00e8s lisse, tout simplement g\u00e9nial. Ces gants &#8211; destin\u00e9s \u00e0 l&#8217;origine \u00e0 la technique chimique pour travailler dans des bains corrosifs ou dans des nettoyants puissants &#8211; offrent \u00e9galement quelques possibilit\u00e9s pour une utilisation priv\u00e9e. Disponibles dans les tailles S, M, L et XL.<\/P><br \/>\n<P>Il existe trois versions : une courte, une longue elliptique et la version extra longue, qui arrive jusqu&#8217;\u00e0 l&#8217;\u00e9paule et convient pour des interventions vraiment profondes &#8211; par exemple pour v\u00e9rifier si la vache est d\u00e9j\u00e0 pleine. Ces gants sont tr\u00e8s grands. Il est donc pr\u00e9f\u00e9rable de commander une taille en dessous pour une tenue \u00e0 fleur de peau.<\/P><br \/>\n<P><B>Fiche technique du produit (allemand):<\/B><BR><a href=\"\/pdf\/Emperor_MW_02.pdf\"><img decoding=\"async\" src=\"\/pdf\/pdf.gif\" border=\"0\" alt=\"T\u00e9l\u00e9charger ici la fiche technique \u00e0 imprimer au format PDF !\"><\/a><br \/>\n<BR><img decoding=\"async\" src=\"\/GIF\/sizefr_handschuh.gif\" alt=\"Tableau des tailles\" title=\"Tableau des tailles\" border=\"0\" height=\"192\" width=\"145\"><\/P><\/p>\n","protected":false},"excerpt":{"rendered":"<h4>Marigold Industrial Gloves<\/h4>\n<p><P>Nous les avons de nouveau, les gants industriels lisses et vraiment g\u00e9niaux : <B>Seulement en tant que &#8220;Emperor&#8221; de Marigold Industrial!<\/B> Caoutchouc de 0,9 mm d&#8217;\u00e9paisseur et ind\u00e9formable. D&#8217;un noir profond, tr\u00e8s lisse, tout simplement g\u00e9nial. Ces gants &#8211; destin\u00e9s \u00e0 l&#8217;origine \u00e0 la technique chimique pour travailler dans des bains corrosifs ou dans des nettoyants puissants &#8211; offrent \u00e9galement quelques possibilit\u00e9s pour une utilisation priv\u00e9e. Disponibles dans les tailles S, M, L et XL.<\/P><\/p>\n","protected":false},"featured_media":20076,"comment_status":"open","ping_status":"closed","template":"","meta":[],"product_brand":[],"product_cat":[752,619],"product_tag":[],"class_list":{"0":"post-20137","1":"product","2":"type-product","3":"status-publish","4":"has-post-thumbnail","6":"product_cat-fin-de-serie","7":"product_cat-gants-en-latex","8":"product_shipping_class-colis-fr","10":"first","11":"instock","12":"taxable","13":"shipping-taxable","14":"purchasable","15":"product-type-variable"},"_links":{"self":[{"href":"https:\/\/www.hml-fetish.de\/shop\/fr\/wp-json\/wp\/v2\/product\/20137","targetHints":{"allow":["GET"]}}],"collection":[{"href":"https:\/\/www.hml-fetish.de\/shop\/fr\/wp-json\/wp\/v2\/product"}],"about":[{"href":"https:\/\/www.hml-fetish.de\/shop\/fr\/wp-json\/wp\/v2\/types\/product"}],"replies":[{"embeddable":true,"href":"https:\/\/www.hml-fetish.de\/shop\/fr\/wp-json\/wp\/v2\/comments?post=20137"}],"version-history":[{"count":0,"href":"https:\/\/www.hml-fetish.de\/shop\/fr\/wp-json\/wp\/v2\/product\/20137\/revisions"}],"wp:featuredmedia":[{"embeddable":true,"href":"https:\/\/www.hml-fetish.de\/shop\/fr\/wp-json\/wp\/v2\/media\/20076"}],"wp:attachment":[{"href":"https:\/\/www.hml-fetish.de\/shop\/fr\/wp-json\/wp\/v2\/media?parent=20137"}],"wp:term":[{"taxonomy":"product_brand","embeddable":true,"href":"https:\/\/www.hml-fetish.de\/shop\/fr\/wp-json\/wp\/v2\/product_brand?post=20137"},{"taxonomy":"product_cat","embeddable":true,"href":"https:\/\/www.hml-fetish.de\/shop\/fr\/wp-json\/wp\/v2\/product_cat?post=20137"},{"taxonomy":"product_tag","embeddable":true,"href":"https:\/\/www.hml-fetish.de\/shop\/fr\/wp-json\/wp\/v2\/product_tag?post=20137"}],"curies":[{"name":"wp","href":"https:\/\/api.w.org\/{rel}","templated":true}]}}