{"id":20052,"date":"2022-01-23T22:50:11","date_gmt":"2022-01-23T21:50:11","guid":{"rendered":"https:\/\/www.hml-fetish.de\/shop\/bretelles-en-cuir-25-mm-large\/"},"modified":"2025-03-21T18:25:46","modified_gmt":"2025-03-21T17:25:46","slug":"bretelles-en-cuir-25-mm-large","status":"publish","type":"product","link":"https:\/\/www.hml-fetish.de\/shop\/fr\/bretelles-en-cuir-25-mm-large\/","title":{"rendered":"Bretelles en cuir 25 mm large"},"content":{"rendered":"<p>Tout revient. Ces bretelles en cuir de vachette lourd ont \u00e9t\u00e9 nos best-sellers dans les ann\u00e9es 90 et sont aujourd&#8217;hui de nouveau tr\u00e8s demand\u00e9es. Les bretelles de pantalon classiques de 25 mm de large, ici en cuir de vachette durable, recouvert de deux couches. Sangles de 25 mm de large, r\u00e9glables \u00e0 l&#8217;avant par des boucles. Mousqueton en acier pour accrocher les bretelles dans les passants de ceinture de ton jean. Disponible dans les tailles M \u00e0 XXL.<\/p>\n<p>Les sangles arri\u00e8re sont d\u00e9boutonnables, selon que tu as besoin d&#8217;une sangle pour un passant de ceinture au milieu (comme sur les jeans Levi&#8217;s par exemple) ou de deux sangles.<\/p>\n<p><img decoding=\"async\" title=\"Tableau des tailles\" src=\"\/GIF\/sizefr_unisex_up.gif\" alt=\"Tableau des tailles\" width=\"114\" height=\"194\" border=\"0\" \/><\/p>\n<p><P><B>S\u00e9curit\u00e9 du produit:<\/B><BR><br \/>\nInformation sur les allergies : Mat\u00e9riau cuir de vachette, les parties m\u00e9talliques en contact avec la peau sont exemptes de rouille et de nickel.<BR><br \/>\nPersonne responsable<BR><br \/>\nHML, propri\u00e9taire Dr. Detlef Moller<BR><br \/>\nNeukirchstra\u00dfe 18<BR><br \/>\n28215 Br\u00eame<BR><br \/>\nAllemagne<BR><br \/>\ninfo@hml-fetish.de<\/P><\/p>\n","protected":false},"excerpt":{"rendered":"<h4>Bretelles en cuir 25 mm large<\/h4>\n<p>Tout revient. Ces bretelles en cuir de vachette lourd ont \u00e9t\u00e9 nos best-sellers dans les ann\u00e9es 90 et sont aujourd&#8217;hui de nouveau tr\u00e8s demand\u00e9es. Les bretelles de pantalon classiques de 25 mm de large, ici en cuir de vachette durable, recouvert de deux couches. Sangles de 25 mm de large, r\u00e9glables \u00e0 l&#8217;avant par des boucles. Mousqueton en acier pour accrocher les bretelles dans les passants de ceinture de ton jean. Disponible dans les tailles M \u00e0 XXL.<\/p>\n","protected":false},"featured_media":37135,"comment_status":"open","ping_status":"closed","template":"","meta":[],"product_brand":[],"product_cat":[3804,601,736],"product_tag":[4400],"class_list":{"0":"post-20052","1":"product","2":"type-product","3":"status-publish","4":"has-post-thumbnail","6":"product_cat-bretelles","7":"product_cat-ceintures-straps-fr","8":"product_cat-nouveau-hml","9":"product_tag-hml-fetish-original-fr","10":"product_shipping_class-colis-fr","12":"first","13":"instock","14":"taxable","15":"shipping-taxable","16":"purchasable","17":"product-type-variable"},"_links":{"self":[{"href":"https:\/\/www.hml-fetish.de\/shop\/fr\/wp-json\/wp\/v2\/product\/20052","targetHints":{"allow":["GET"]}}],"collection":[{"href":"https:\/\/www.hml-fetish.de\/shop\/fr\/wp-json\/wp\/v2\/product"}],"about":[{"href":"https:\/\/www.hml-fetish.de\/shop\/fr\/wp-json\/wp\/v2\/types\/product"}],"replies":[{"embeddable":true,"href":"https:\/\/www.hml-fetish.de\/shop\/fr\/wp-json\/wp\/v2\/comments?post=20052"}],"version-history":[{"count":0,"href":"https:\/\/www.hml-fetish.de\/shop\/fr\/wp-json\/wp\/v2\/product\/20052\/revisions"}],"wp:featuredmedia":[{"embeddable":true,"href":"https:\/\/www.hml-fetish.de\/shop\/fr\/wp-json\/wp\/v2\/media\/37135"}],"wp:attachment":[{"href":"https:\/\/www.hml-fetish.de\/shop\/fr\/wp-json\/wp\/v2\/media?parent=20052"}],"wp:term":[{"taxonomy":"product_brand","embeddable":true,"href":"https:\/\/www.hml-fetish.de\/shop\/fr\/wp-json\/wp\/v2\/product_brand?post=20052"},{"taxonomy":"product_cat","embeddable":true,"href":"https:\/\/www.hml-fetish.de\/shop\/fr\/wp-json\/wp\/v2\/product_cat?post=20052"},{"taxonomy":"product_tag","embeddable":true,"href":"https:\/\/www.hml-fetish.de\/shop\/fr\/wp-json\/wp\/v2\/product_tag?post=20052"}],"curies":[{"name":"wp","href":"https:\/\/api.w.org\/{rel}","templated":true}]}}