{"id":20030,"date":"2022-01-23T22:50:11","date_gmt":"2022-01-23T21:50:11","guid":{"rendered":"https:\/\/www.hml-fetish.de\/shop\/bretelles-etroit-en-cuir\/"},"modified":"2022-01-23T22:50:11","modified_gmt":"2022-01-23T21:50:11","slug":"bretelles-etroit-en-cuir","status":"publish","type":"product","link":"https:\/\/www.hml-fetish.de\/shop\/fr\/bretelles-etroit-en-cuir\/","title":{"rendered":"Bretelles \u00e9troit en cuir"},"content":{"rendered":"<p><P>Les bretelles \u00e9troites pour skinheads, ici en cuir de b\u0153uf durable, recouvert de deux couches. Sangles de 20 mm de large, r\u00e9glables \u00e0 l&#8217;avant par des boucles, un \u00e9lastique \u00e0 l&#8217;arri\u00e8re. Mousqueton en acier pour accrocher les bretelles aux passants de ceinture de ton jean. Disponible dans les tailles M, L et XL.<\/P><br \/>\n<P>Un jeu de trois passants de ceinture en cuir, de 20 mm de large chacun, pour porter les bretelles avec une ceinture est inclus dans le prix. Ils sont r\u00e9glables \u00e0 l&#8217;aide de boutons-pression invisibles \u00e0 l&#8217;ext\u00e9rieur pour des ceintures de 4 cm ou 5 cm de large.<br \/>\n<BR><img decoding=\"async\" src=\"\/GIF\/sizefr_unisex_up.gif\" alt=\"tableau des tailles\" title=\"tableau des tailles\" border=\"0\" height=\"194\" width=\"114\"><\/P><\/p>\n","protected":false},"excerpt":{"rendered":"<h4>Bretelles \u00e9troit en cuir<\/h4>\n<p><P>Les bretelles \u00e9troites pour skinheads, ici en cuir de b\u0153uf durable, recouvert de deux couches. Sangles de 20 mm de large, r\u00e9glables \u00e0 l&#8217;avant par des boucles, un \u00e9lastique \u00e0 l&#8217;arri\u00e8re. Mousqueton en acier pour accrocher les bretelles aux passants de ceinture de ton jean. Disponible dans les tailles M, L et XL.<\/P><\/p>\n","protected":false},"featured_media":20013,"comment_status":"open","ping_status":"closed","template":"","meta":[],"product_brand":[],"product_cat":[601,3804],"product_tag":[],"class_list":{"0":"post-20030","1":"product","2":"type-product","3":"status-publish","4":"has-post-thumbnail","6":"product_cat-ceintures-straps-fr","7":"product_cat-bretelles","8":"product_shipping_class-lettre","10":"first","11":"instock","12":"taxable","13":"shipping-taxable","14":"purchasable","15":"product-type-variable"},"_links":{"self":[{"href":"https:\/\/www.hml-fetish.de\/shop\/fr\/wp-json\/wp\/v2\/product\/20030","targetHints":{"allow":["GET"]}}],"collection":[{"href":"https:\/\/www.hml-fetish.de\/shop\/fr\/wp-json\/wp\/v2\/product"}],"about":[{"href":"https:\/\/www.hml-fetish.de\/shop\/fr\/wp-json\/wp\/v2\/types\/product"}],"replies":[{"embeddable":true,"href":"https:\/\/www.hml-fetish.de\/shop\/fr\/wp-json\/wp\/v2\/comments?post=20030"}],"version-history":[{"count":0,"href":"https:\/\/www.hml-fetish.de\/shop\/fr\/wp-json\/wp\/v2\/product\/20030\/revisions"}],"wp:featuredmedia":[{"embeddable":true,"href":"https:\/\/www.hml-fetish.de\/shop\/fr\/wp-json\/wp\/v2\/media\/20013"}],"wp:attachment":[{"href":"https:\/\/www.hml-fetish.de\/shop\/fr\/wp-json\/wp\/v2\/media?parent=20030"}],"wp:term":[{"taxonomy":"product_brand","embeddable":true,"href":"https:\/\/www.hml-fetish.de\/shop\/fr\/wp-json\/wp\/v2\/product_brand?post=20030"},{"taxonomy":"product_cat","embeddable":true,"href":"https:\/\/www.hml-fetish.de\/shop\/fr\/wp-json\/wp\/v2\/product_cat?post=20030"},{"taxonomy":"product_tag","embeddable":true,"href":"https:\/\/www.hml-fetish.de\/shop\/fr\/wp-json\/wp\/v2\/product_tag?post=20030"}],"curies":[{"name":"wp","href":"https:\/\/api.w.org\/{rel}","templated":true}]}}