{"id":19908,"date":"2022-01-23T22:50:12","date_gmt":"2022-01-23T21:50:12","guid":{"rendered":"https:\/\/www.hml-fetish.de\/shop\/hanky-fr\/"},"modified":"2022-01-23T22:50:12","modified_gmt":"2022-01-23T21:50:12","slug":"hanky-fr","status":"publish","type":"product","link":"https:\/\/www.hml-fetish.de\/shop\/fr\/hanky-fr\/","title":{"rendered":"Hanky"},"content":{"rendered":"<p><P>Les mouchoirs l\u00e9gendaires aux couleurs du code. Ils ont des motifs paisley discrets et sont en 100 % coton. Ils mesurent environ 55 cm x 55 cm. Le foulard port\u00e9 \u00e0 droite signifie : offre ; et port\u00e9 \u00e0 gauche : recherche. Disponible en jaune (pisse), orange (tout, pas aujourd&#8217;hui), rouge (fist), rouge fonc\u00e9 (double fist), blanc (branlette), gris (bondage), noir (SM), beige (rimming), violet (piercing), bleu fonc\u00e9 (baise), vert fonc\u00e9 (p\u00e8re\/fils), marron (scat), vert olive (arm\u00e9e) et bleu clair (bulles). Nouveau : carreaux noirs et blancs (Safer Sex) et carreaux noirs et rouges.<br \/>\n<BR><img decoding=\"async\" src=\"\/template\/tag_wissen.gif\" alt=\"en detail\" title=\"en detail\" border=\"0\" height=\"115\" width=\"110\"><\/P><br \/>\n<H4>Plus d&#8217;informations sur le code Hanky<\/H4><br \/>\n<P>Le code hanky est un code qui utilise de diff\u00e9rentes couleurs pour signaler certaines pr\u00e9f\u00e9rences. Dans la plupart des cas on utilise un mouchoir (en anglais \u00bbhandkerchief\u00ab ou simplement \u00bbhanky\u00ab) d\u00e9passant d\u00e9corativement de la poche revolver. Des bracelets en couleur peuvent \u00eatre tout aussi informatifs.<br \/>\n<BR><img decoding=\"async\" src=\"\/template\/hanky1.gif\" width=\"220\" height=\"180\" border=\"0\" alt=\"Le hanky bleu fonc\u00e9 dans la poche droite signifie donc que le mec recherche un TBM.\" title=\"Le hanky bleu fonc\u00e9 dans la poche droite signifie donc que le mec recherche un TBM.\"><\/P><br \/>\n<P><img fetchpriority=\"high\" decoding=\"async\" src=\"\/template\/hanky2.gif\" width=\"220\" height=\"300\" border=\"0\" alt=\"Le code hanky est un code qui utilise de diff\u00e9rentes couleurs pour signaler certaines pr\u00e9f\u00e9rences.\" title=\"Le code hanky est un code qui utilise de diff\u00e9rentes couleurs pour signaler certaines pr\u00e9f\u00e9rences.\"><\/P><\/p>\n","protected":false},"excerpt":{"rendered":"<p><H4>Hanky<\/H4><br \/>\n<P>Les mouchoirs l\u00e9gendaires aux couleurs du code. Ils ont des motifs paisley discrets et sont en 100 % coton. Ils mesurent environ 55 cm x 55 cm. Le foulard port\u00e9 \u00e0 droite signifie : offre ; et port\u00e9 \u00e0 gauche : recherche. Disponible en jaune (pisse), orange (tout, pas aujourd&#8217;hui), rouge (fist), rouge fonc\u00e9 (double fist), blanc (branlette), gris (bondage), noir (SM), beige (rimming), violet (piercing), bleu fonc\u00e9 (baise), vert fonc\u00e9 (p\u00e8re\/fils), marron (scat), vert olive (arm\u00e9e) et bleu clair (bulles). Nouveau : carreaux noirs et blancs (Safer Sex) et carreaux noirs et rouges.<\/p>\n","protected":false},"featured_media":19844,"comment_status":"open","ping_status":"closed","template":"","meta":[],"product_brand":[],"product_cat":[732,720,721],"product_tag":[],"class_list":{"0":"post-19908","1":"product","2":"type-product","3":"status-publish","4":"has-post-thumbnail","6":"product_cat-best-seller","7":"product_cat-code-hanky","8":"product_cat-gay-pride-fr","9":"product_shipping_class-lettre","11":"first","12":"instock","13":"taxable","14":"shipping-taxable","15":"purchasable","16":"product-type-variable"},"_links":{"self":[{"href":"https:\/\/www.hml-fetish.de\/shop\/fr\/wp-json\/wp\/v2\/product\/19908","targetHints":{"allow":["GET"]}}],"collection":[{"href":"https:\/\/www.hml-fetish.de\/shop\/fr\/wp-json\/wp\/v2\/product"}],"about":[{"href":"https:\/\/www.hml-fetish.de\/shop\/fr\/wp-json\/wp\/v2\/types\/product"}],"replies":[{"embeddable":true,"href":"https:\/\/www.hml-fetish.de\/shop\/fr\/wp-json\/wp\/v2\/comments?post=19908"}],"version-history":[{"count":0,"href":"https:\/\/www.hml-fetish.de\/shop\/fr\/wp-json\/wp\/v2\/product\/19908\/revisions"}],"wp:featuredmedia":[{"embeddable":true,"href":"https:\/\/www.hml-fetish.de\/shop\/fr\/wp-json\/wp\/v2\/media\/19844"}],"wp:attachment":[{"href":"https:\/\/www.hml-fetish.de\/shop\/fr\/wp-json\/wp\/v2\/media?parent=19908"}],"wp:term":[{"taxonomy":"product_brand","embeddable":true,"href":"https:\/\/www.hml-fetish.de\/shop\/fr\/wp-json\/wp\/v2\/product_brand?post=19908"},{"taxonomy":"product_cat","embeddable":true,"href":"https:\/\/www.hml-fetish.de\/shop\/fr\/wp-json\/wp\/v2\/product_cat?post=19908"},{"taxonomy":"product_tag","embeddable":true,"href":"https:\/\/www.hml-fetish.de\/shop\/fr\/wp-json\/wp\/v2\/product_tag?post=19908"}],"curies":[{"name":"wp","href":"https:\/\/api.w.org\/{rel}","templated":true}]}}