{"id":19840,"date":"2022-01-23T22:50:12","date_gmt":"2022-01-23T21:50:12","guid":{"rendered":"https:\/\/www.hml-fetish.de\/shop\/bretelles-m-50\/"},"modified":"2022-01-23T22:50:12","modified_gmt":"2022-01-23T21:50:12","slug":"bretelles-m-50","status":"publish","type":"product","link":"https:\/\/www.hml-fetish.de\/shop\/fr\/bretelles-m-50\/","title":{"rendered":"Bretelles M-50"},"content":{"rendered":"<p><P>Un look d&#8217;enfer \u2013 mais ces bretelles exclusives ne s&#8217;arr\u00eatent pas l\u00e0. En effet, elles offrent plein d&#8217;avantages car port\u00e9es en dessous d&#8217;un perf ou d&#8217;un blouson elles disparaissent compl\u00e8tement. De plus, ce sont les seules bretelles qui ne tomberont pas quand tu baisses ton fut. La construction aussi simple que g\u00e9niale est une exclusivit\u00e9 de HML Fetish: des sangles en cuir noir de 30 mm, ajustable aux c\u00f4t\u00e9s vec des boucles, tenues dans le dos avec un anneau en acier et des carabines en acier pour les fixer aux boucles de ceinture. Taille universelle.<\/P><\/p>\n","protected":false},"excerpt":{"rendered":"<h4>Bretelles M-50<\/h4>\n<p><P>Un look d&#8217;enfer \u2013 mais ces bretelles exclusives ne s&#8217;arr\u00eatent pas l\u00e0. En effet, elles offrent plein d&#8217;avantages car port\u00e9es en dessous d&#8217;un perf ou d&#8217;un blouson elles disparaissent compl\u00e8tement. De plus, ce sont les seules bretelles qui ne tomberont pas quand tu baisses ton fut.<\/P><\/p>\n","protected":false},"featured_media":19828,"comment_status":"open","ping_status":"closed","template":"","meta":[],"product_brand":[],"product_cat":[601,3804],"product_tag":[4400],"class_list":{"0":"post-19840","1":"product","2":"type-product","3":"status-publish","4":"has-post-thumbnail","6":"product_cat-ceintures-straps-fr","7":"product_cat-bretelles","8":"product_tag-hml-fetish-original-fr","9":"product_shipping_class-colis-fr","11":"first","12":"instock","13":"taxable","14":"shipping-taxable","15":"purchasable","16":"product-type-simple"},"_links":{"self":[{"href":"https:\/\/www.hml-fetish.de\/shop\/fr\/wp-json\/wp\/v2\/product\/19840","targetHints":{"allow":["GET"]}}],"collection":[{"href":"https:\/\/www.hml-fetish.de\/shop\/fr\/wp-json\/wp\/v2\/product"}],"about":[{"href":"https:\/\/www.hml-fetish.de\/shop\/fr\/wp-json\/wp\/v2\/types\/product"}],"replies":[{"embeddable":true,"href":"https:\/\/www.hml-fetish.de\/shop\/fr\/wp-json\/wp\/v2\/comments?post=19840"}],"version-history":[{"count":0,"href":"https:\/\/www.hml-fetish.de\/shop\/fr\/wp-json\/wp\/v2\/product\/19840\/revisions"}],"wp:featuredmedia":[{"embeddable":true,"href":"https:\/\/www.hml-fetish.de\/shop\/fr\/wp-json\/wp\/v2\/media\/19828"}],"wp:attachment":[{"href":"https:\/\/www.hml-fetish.de\/shop\/fr\/wp-json\/wp\/v2\/media?parent=19840"}],"wp:term":[{"taxonomy":"product_brand","embeddable":true,"href":"https:\/\/www.hml-fetish.de\/shop\/fr\/wp-json\/wp\/v2\/product_brand?post=19840"},{"taxonomy":"product_cat","embeddable":true,"href":"https:\/\/www.hml-fetish.de\/shop\/fr\/wp-json\/wp\/v2\/product_cat?post=19840"},{"taxonomy":"product_tag","embeddable":true,"href":"https:\/\/www.hml-fetish.de\/shop\/fr\/wp-json\/wp\/v2\/product_tag?post=19840"}],"curies":[{"name":"wp","href":"https:\/\/api.w.org\/{rel}","templated":true}]}}