{"id":19800,"date":"2022-01-23T22:50:13","date_gmt":"2022-01-23T21:50:13","guid":{"rendered":"https:\/\/www.hml-fetish.de\/shop\/inhalateur-de-poppers\/"},"modified":"2022-01-23T22:50:13","modified_gmt":"2022-01-23T21:50:13","slug":"inhalateur-de-poppers","status":"publish","type":"product","link":"https:\/\/www.hml-fetish.de\/shop\/fr\/inhalateur-de-poppers\/","title":{"rendered":"Inhalateur de Poppers"},"content":{"rendered":"<p><P>Pourquoi pas introduire quelque chose dans le nez, pour changer? Voici des inhalateurs consistant en trois \u00e9lemnts viss\u00e9s. Ceux qui sont enrhum\u00e9s mettront un cotton imbib\u00e9 d&#8217;huile essentielle pour en sniffer d&#8217;un temps \u00e0 l&#8217;autre. Au choix, tu remplaceras l&#8217;huile essentielle par d&#8217;autres aromes \u00e0 tout moment.<\/P><br \/>\n<P>Plusieurs versions disponibles: alu ou inox. La version alu est mieux march\u00e9e mais n\u00e9cessite un nettoyage plus fr\u00e9quent. Toutes les versions viennent avec un lacet cuir.<br \/>\n<BR><img decoding=\"async\" src=\"\/template\/tag_wissen.gif\" alt=\"cliquez pour d\u00e9tails\" title=\"cliquez pour d\u00e9tails\" border=\"0\" height=\"115\" width=\"110\"><\/P><\/p>\n","protected":false},"excerpt":{"rendered":"<h4>Inhalateur de Poppers<\/h4>\n<p><P>Pourquoi pas introduire quelque chose dans le nez, pour changer? Voici des inhalateurs consistant en trois \u00e9lemnts viss\u00e9s. Ceux qui sont enrhum\u00e9s mettront un cotton imbib\u00e9 d&#8217;huile essentielle pour en sniffer d&#8217;un temps \u00e0 l&#8217;autre. Au choix, tu remplaceras l&#8217;huile essentielle par d&#8217;autres aromes \u00e0 tout moment.<\/P><\/p>\n","protected":false},"featured_media":19786,"comment_status":"open","ping_status":"closed","template":"","meta":[],"product_brand":[],"product_cat":[732,726,721],"product_tag":[],"class_list":{"0":"post-19800","1":"product","2":"type-product","3":"status-publish","4":"has-post-thumbnail","6":"product_cat-best-seller","7":"product_cat-divers","8":"product_cat-gay-pride-fr","9":"product_shipping_class-lettre","11":"first","12":"instock","13":"taxable","14":"shipping-taxable","15":"purchasable","16":"product-type-variable"},"_links":{"self":[{"href":"https:\/\/www.hml-fetish.de\/shop\/fr\/wp-json\/wp\/v2\/product\/19800","targetHints":{"allow":["GET"]}}],"collection":[{"href":"https:\/\/www.hml-fetish.de\/shop\/fr\/wp-json\/wp\/v2\/product"}],"about":[{"href":"https:\/\/www.hml-fetish.de\/shop\/fr\/wp-json\/wp\/v2\/types\/product"}],"replies":[{"embeddable":true,"href":"https:\/\/www.hml-fetish.de\/shop\/fr\/wp-json\/wp\/v2\/comments?post=19800"}],"version-history":[{"count":0,"href":"https:\/\/www.hml-fetish.de\/shop\/fr\/wp-json\/wp\/v2\/product\/19800\/revisions"}],"wp:featuredmedia":[{"embeddable":true,"href":"https:\/\/www.hml-fetish.de\/shop\/fr\/wp-json\/wp\/v2\/media\/19786"}],"wp:attachment":[{"href":"https:\/\/www.hml-fetish.de\/shop\/fr\/wp-json\/wp\/v2\/media?parent=19800"}],"wp:term":[{"taxonomy":"product_brand","embeddable":true,"href":"https:\/\/www.hml-fetish.de\/shop\/fr\/wp-json\/wp\/v2\/product_brand?post=19800"},{"taxonomy":"product_cat","embeddable":true,"href":"https:\/\/www.hml-fetish.de\/shop\/fr\/wp-json\/wp\/v2\/product_cat?post=19800"},{"taxonomy":"product_tag","embeddable":true,"href":"https:\/\/www.hml-fetish.de\/shop\/fr\/wp-json\/wp\/v2\/product_tag?post=19800"}],"curies":[{"name":"wp","href":"https:\/\/api.w.org\/{rel}","templated":true}]}}