{"id":19689,"date":"2022-01-23T22:50:14","date_gmt":"2022-01-23T21:50:14","guid":{"rendered":"https:\/\/www.hml-fetish.de\/shop\/blouson-en-cuir-racing-noir\/"},"modified":"2022-04-10T19:34:41","modified_gmt":"2022-04-10T17:34:41","slug":"blouson-en-cuir-racing","status":"publish","type":"product","link":"https:\/\/www.hml-fetish.de\/shop\/fr\/blouson-en-cuir-racing\/","title":{"rendered":"Blouson en cuir Racing"},"content":{"rendered":"<p><P>Un vrai blouson de course: \u00bbFirst Racing\u00ab \u2013 fra\u00eechement import\u00e9 des \u00c9tats-Unis. Il est fabriqu\u00e9 de cuir foul\u00e9 de 1,2 &#8211; 1,3 mm d&#8217;\u00e9paisseur et disponible en noir\/argent (r\u00e9flecteur). A good tool: Inserts \u00e9lastiques pour plus de flexibilit\u00e9 et plus de ventilation. Fermetures r\u00e9glables des c\u00f4t\u00e9s, des poches int\u00e9rieures et ext\u00e9rieures et une fermeture \u00e9clair fonctionnant dans les deux sens ainsi qu&#8217;un zip d\u2019assemblage blouson-pantalon.<\/P><br \/>\n<P>Des logos r\u00e9flecteurs sur les bras donnent plus de s\u00e9curit\u00e9 et les zips de ventilation sur la poitrine et le dos permettent une parfaite a\u00e9ration pendant la course. Les protecteurs coudes, \u00e9paules et dos sont amovibles. Disponible in noir et noir-argent.<br \/>\n<BR><img decoding=\"async\" src=\"\/GIF\/sizefr_unisex_up.gif\" alt=\"tableau des tailles\" title=\"tableau des tailles\" border=\"0\" height=\"194\" width=\"114\"><\/P><\/p>\n","protected":false},"excerpt":{"rendered":"<h4>Blouson en cuir Racing<\/h4>\n<p><P>Un vrai blouson de course: \u00bbFirst Racing\u00ab \u2013 fra\u00eechement import\u00e9 des \u00c9tats-Unis. Il est fabriqu\u00e9 de cuir foul\u00e9 de 1,2 &#8211; 1,3 mm d&#8217;\u00e9paisseur et disponible en noir\/argent (r\u00e9flecteur). A good tool: Inserts \u00e9lastiques pour plus de flexibilit\u00e9 et plus de ventilation. Fermetures r\u00e9glables des c\u00f4t\u00e9s, des poches int\u00e9rieures et ext\u00e9rieures et une fermeture \u00e9clair fonctionnant dans les deux sens ainsi qu&#8217;un zip d\u2019assemblage blouson-pantalon.<\/P><\/p>\n","protected":false},"featured_media":19639,"comment_status":"open","ping_status":"closed","template":"","meta":[],"product_brand":[],"product_cat":[587,752],"product_tag":[],"class_list":{"0":"post-19689","1":"product","2":"type-product","3":"status-publish","4":"has-post-thumbnail","6":"product_cat-perfectos","7":"product_cat-fin-de-serie","8":"product_shipping_class-colis-fr","10":"first","11":"instock","12":"sale","13":"taxable","14":"shipping-taxable","15":"purchasable","16":"product-type-variable"},"_links":{"self":[{"href":"https:\/\/www.hml-fetish.de\/shop\/fr\/wp-json\/wp\/v2\/product\/19689","targetHints":{"allow":["GET"]}}],"collection":[{"href":"https:\/\/www.hml-fetish.de\/shop\/fr\/wp-json\/wp\/v2\/product"}],"about":[{"href":"https:\/\/www.hml-fetish.de\/shop\/fr\/wp-json\/wp\/v2\/types\/product"}],"replies":[{"embeddable":true,"href":"https:\/\/www.hml-fetish.de\/shop\/fr\/wp-json\/wp\/v2\/comments?post=19689"}],"version-history":[{"count":0,"href":"https:\/\/www.hml-fetish.de\/shop\/fr\/wp-json\/wp\/v2\/product\/19689\/revisions"}],"wp:featuredmedia":[{"embeddable":true,"href":"https:\/\/www.hml-fetish.de\/shop\/fr\/wp-json\/wp\/v2\/media\/19639"}],"wp:attachment":[{"href":"https:\/\/www.hml-fetish.de\/shop\/fr\/wp-json\/wp\/v2\/media?parent=19689"}],"wp:term":[{"taxonomy":"product_brand","embeddable":true,"href":"https:\/\/www.hml-fetish.de\/shop\/fr\/wp-json\/wp\/v2\/product_brand?post=19689"},{"taxonomy":"product_cat","embeddable":true,"href":"https:\/\/www.hml-fetish.de\/shop\/fr\/wp-json\/wp\/v2\/product_cat?post=19689"},{"taxonomy":"product_tag","embeddable":true,"href":"https:\/\/www.hml-fetish.de\/shop\/fr\/wp-json\/wp\/v2\/product_tag?post=19689"}],"curies":[{"name":"wp","href":"https:\/\/api.w.org\/{rel}","templated":true}]}}