{"id":19441,"date":"2022-01-23T22:50:16","date_gmt":"2022-01-23T21:50:16","guid":{"rendered":"https:\/\/www.hml-fetish.de\/shop\/veston-de-bomber-ma-1\/"},"modified":"2023-02-04T17:25:35","modified_gmt":"2023-02-04T16:25:35","slug":"veston-de-bomber-ma-1","status":"publish","type":"product","link":"https:\/\/www.hml-fetish.de\/shop\/fr\/veston-de-bomber-ma-1\/","title":{"rendered":"Veston de Bomber MA-1"},"content":{"rendered":"<p>D\u00e9velopp\u00e9 en 1955 pour l&#8217;US Air Force, ce blouson d&#8217;aviateur est aujourd&#8217;hui un classique. Nous vous proposons une version particuli\u00e8rement \u00e9conomique en serg\u00e9 de nylon brillant et r\u00e9sistant, int\u00e9rieur orange vif, doublure en polyamide et veste r\u00e9versible. Deux poches ext\u00e9rieures et deux poches int\u00e9rieures avec boutons-pression, poche sur la manche, bordures tricot\u00e9es au col, aux manches et aux hanches. Nous avons cette veste bon march\u00e9 en stock en trois couleurs : noir, bleu marine et olive.<br \/>\n<BR><img decoding=\"async\" src=\"\/GIF\/sizefr_unisex_up.gif\" alt=\"tableau des tailles\" title=\"tableau des tailles\" border=\"0\" height=\"194\" width=\"114\"><\/p>\n","protected":false},"excerpt":{"rendered":"<h4>Veston de Bomber MA-1<\/h4>\n<p>D\u00e9velopp\u00e9 en 1955 pour l&#8217;US Air Force, ce blouson d&#8217;aviateur est aujourd&#8217;hui un classique. Nous vous proposons une version particuli\u00e8rement \u00e9conomique en serg\u00e9 de nylon brillant et r\u00e9sistant, int\u00e9rieur orange vif, doublure en polyamide et veste r\u00e9versible. Deux poches ext\u00e9rieures et deux poches int\u00e9rieures avec boutons-pression, poche sur la manche, bordures tricot\u00e9es au col, aux manches et aux hanches.<\/p>\n","protected":false},"featured_media":19365,"comment_status":"open","ping_status":"closed","template":"","meta":[],"product_brand":[],"product_cat":[732,630],"product_tag":[],"class_list":{"0":"post-19441","1":"product","2":"type-product","3":"status-publish","4":"has-post-thumbnail","6":"product_cat-best-seller","7":"product_cat-vetements-army","8":"product_shipping_class-colis-fr","10":"first","11":"instock","12":"taxable","13":"shipping-taxable","14":"purchasable","15":"product-type-variable"},"_links":{"self":[{"href":"https:\/\/www.hml-fetish.de\/shop\/fr\/wp-json\/wp\/v2\/product\/19441","targetHints":{"allow":["GET"]}}],"collection":[{"href":"https:\/\/www.hml-fetish.de\/shop\/fr\/wp-json\/wp\/v2\/product"}],"about":[{"href":"https:\/\/www.hml-fetish.de\/shop\/fr\/wp-json\/wp\/v2\/types\/product"}],"replies":[{"embeddable":true,"href":"https:\/\/www.hml-fetish.de\/shop\/fr\/wp-json\/wp\/v2\/comments?post=19441"}],"version-history":[{"count":0,"href":"https:\/\/www.hml-fetish.de\/shop\/fr\/wp-json\/wp\/v2\/product\/19441\/revisions"}],"wp:featuredmedia":[{"embeddable":true,"href":"https:\/\/www.hml-fetish.de\/shop\/fr\/wp-json\/wp\/v2\/media\/19365"}],"wp:attachment":[{"href":"https:\/\/www.hml-fetish.de\/shop\/fr\/wp-json\/wp\/v2\/media?parent=19441"}],"wp:term":[{"taxonomy":"product_brand","embeddable":true,"href":"https:\/\/www.hml-fetish.de\/shop\/fr\/wp-json\/wp\/v2\/product_brand?post=19441"},{"taxonomy":"product_cat","embeddable":true,"href":"https:\/\/www.hml-fetish.de\/shop\/fr\/wp-json\/wp\/v2\/product_cat?post=19441"},{"taxonomy":"product_tag","embeddable":true,"href":"https:\/\/www.hml-fetish.de\/shop\/fr\/wp-json\/wp\/v2\/product_tag?post=19441"}],"curies":[{"name":"wp","href":"https:\/\/api.w.org\/{rel}","templated":true}]}}